{"id":5179,"date":"2025-10-20T21:58:37","date_gmt":"2025-10-20T18:58:37","guid":{"rendered":"https:\/\/wristbandfactory.eu\/?post_type=product&#038;p=5179"},"modified":"2026-04-01T21:52:35","modified_gmt":"2026-04-01T18:52:35","slug":"gold-laser-engraved-medals","status":"publish","type":"product","link":"https:\/\/displayproducts.eu\/sv\/p\/gold-laser-engraved-medals\/","title":{"rendered":"Lasergraverade guldmedaljer"},"content":{"rendered":"<p>Bel\u00f6na topprestationer och fira framg\u00e5ngar vid ditt n\u00e4sta evenemang med dessa klassiska guldmedaljer. De ger ett h\u00f6gkvalitativt och konkret s\u00e4tt att uppm\u00e4rksamma prestationer f\u00f6r anst\u00e4llda, idrottare eller deltagare, vilket f\u00f6rst\u00e4rker din organisations engagemang f\u00f6r excellens.<\/p>\n<p>V\u00e5r standardmedalj \u00e4r 7 cm i diameter, tillverkad av slitstark metall och har en sl\u00e5ende pr\u00e4glad design med en traditionell guldfinish. Ytan \u00e4r speciellt f\u00f6rberedd f\u00f6r laserm\u00e4rkning, vilket s\u00e4kerst\u00e4ller att din logotyp, evenemangsnamn eller vinnarens detaljer graveras med exceptionell precision och tydlighet. Standardmedaljen levereras redo f\u00f6r presentation med en matchande metallring och ett klassiskt r\u00f6tt polyesterband.<\/p>\n<p>F\u00f6r en helt\u00e4ckande l\u00f6sning med varum\u00e4rkesprofil kan denna medalj \u00e4ven specialbest\u00e4llas. V\u00e4lj mellan olika storlekar, ytbehandlingar och anpassade bandf\u00e4rger f\u00f6r att perfekt matcha din organisations varum\u00e4rkesidentitet eller evenemangstema. Kontakta oss f\u00f6r att diskutera ditt specialdesignade medaljprojekt.<\/p>\n<p><b>Viktiga funktioner:<\/b><\/p>\n<ul>\n<li><b>Material:<\/b> H\u00f6gkvalitativ metall<\/li>\n<li><b>Avsluta:<\/b> Pr\u00e4glad design med guldton<\/li>\n<li><b>Anpassning:<\/b> Speciellt utformad f\u00f6r laserm\u00e4rkning<\/li>\n<li><b>Standardmodell:<\/b> 7 cm diameter med r\u00f6tt polyesterband<\/li>\n<li><b>Anpassade best\u00e4llningar:<\/b> Finns i olika storlekar och utf\u00f6randen<\/li>\n<li><b>Alternativ f\u00f6r band:<\/b> Lagret inkluderar r\u00f6tt; olika f\u00e4rger finns tillg\u00e4ngliga f\u00f6r specialbest\u00e4llningar<\/li>\n<\/ul>\n<p>&nbsp;<\/p>","protected":false},"excerpt":{"rendered":"<ul>\n<li>Premiummetallmedalj med klassisk guldfinish.<\/li>\n<li>Finns som lagervara (7 cm) eller som specialbest\u00e4llning.<\/li>\n<li>Speciellt f\u00f6rberedd yta f\u00f6r exakt lasergravering.<\/li>\n<li>Lagervaran inkluderar r\u00f6tt band; specialbest\u00e4llningar erbjuder olika f\u00e4rger.<\/li>\n<\/ul>\n<p>&nbsp;<\/p>","protected":false},"featured_media":6503,"comment_status":"closed","ping_status":"closed","template":"","meta":[],"product_brand":[],"product_cat":[68,102],"product_tag":[],"class_list":{"0":"post-5179","1":"product","2":"type-product","3":"status-publish","4":"has-post-thumbnail","6":"product_cat-event-supplies","7":"product_cat-medals","9":"first","10":"instock","11":"shipping-taxable","12":"purchasable","13":"product-type-simple"},"_links":{"self":[{"href":"https:\/\/displayproducts.eu\/sv\/wp-json\/wp\/v2\/product\/5179","targetHints":{"allow":["GET"]}}],"collection":[{"href":"https:\/\/displayproducts.eu\/sv\/wp-json\/wp\/v2\/product"}],"about":[{"href":"https:\/\/displayproducts.eu\/sv\/wp-json\/wp\/v2\/types\/product"}],"replies":[{"embeddable":true,"href":"https:\/\/displayproducts.eu\/sv\/wp-json\/wp\/v2\/comments?post=5179"}],"wp:featuredmedia":[{"embeddable":true,"href":"https:\/\/displayproducts.eu\/sv\/wp-json\/wp\/v2\/media\/6503"}],"wp:attachment":[{"href":"https:\/\/displayproducts.eu\/sv\/wp-json\/wp\/v2\/media?parent=5179"}],"wp:term":[{"taxonomy":"product_brand","embeddable":true,"href":"https:\/\/displayproducts.eu\/sv\/wp-json\/wp\/v2\/product_brand?post=5179"},{"taxonomy":"product_cat","embeddable":true,"href":"https:\/\/displayproducts.eu\/sv\/wp-json\/wp\/v2\/product_cat?post=5179"},{"taxonomy":"product_tag","embeddable":true,"href":"https:\/\/displayproducts.eu\/sv\/wp-json\/wp\/v2\/product_tag?post=5179"}],"curies":[{"name":"wp","href":"https:\/\/api.w.org\/{rel}","templated":true}]}}