{"id":5175,"date":"2025-10-20T21:51:42","date_gmt":"2025-10-20T18:51:42","guid":{"rendered":"https:\/\/wristbandfactory.eu\/?post_type=product&#038;p=5175"},"modified":"2026-04-01T21:52:04","modified_gmt":"2026-04-01T18:52:04","slug":"led-shot-glass-with-lanyard","status":"publish","type":"product","link":"https:\/\/displayproducts.eu\/sv\/p\/led-shot-glass-with-lanyard\/","title":{"rendered":"LED-shotglas med sn\u00f6re"},"content":{"rendered":"<p>G\u00f6r din n\u00e4sta f\u00f6retagsfest, festival eller reklamevenemang of\u00f6rgl\u00f6mlig. Detta LED-ljusande shotglas \u00e4r ett kraftfullt verktyg f\u00f6r att f\u00f6rb\u00e4ttra g\u00e4stupplevelsen och \u00f6ka varum\u00e4rkets synlighet, s\u00e4rskilt i milj\u00f6er med svagt ljus.<\/p>\n<p>Detta 50 ml-shotglas \u00e4r tillverkat av slitstark, BPA-fri PS-plast. G\u00e4sterna kan enkelt b\u00e4ra det tack vare den medf\u00f6ljande halsremmen, vilket g\u00f6r att din logotyp syns hela natten. En enkel knapp p\u00e5 basen aktiverar de ljusa, flerf\u00e4rgade LED-lamporna, som erbjuder tre dynamiska l\u00e4gen: fast sken, snabbt blinkande och l\u00e5ngsamt blinkande.<\/p>\n<p>Detta glas \u00e4r perfekt f\u00f6r att servera v\u00e4lkomstdrinkar, speciella sk\u00e5lar eller som en b\u00e4rbar souvenir. Batterier ing\u00e5r, vilket s\u00e4kerst\u00e4ller att de \u00e4r redo f\u00f6r omedelbar anv\u00e4ndning.<\/p>\n<p><b>Viktiga funktioner:<\/b><\/p>\n<ul>\n<li><b>Kapacitet:<\/b> 50 ml<\/li>\n<li><b>Material:<\/b> Slitstark, BPA-fri PS-plast<\/li>\n<li><b>Belysning:<\/b> 3 ljusl\u00e4gen (fast, snabb blixt, l\u00e5ngsam blixt)<\/li>\n<li><b>B\u00e4rbar:<\/b> Inkluderar en polyesterhalsrem f\u00f6r bekv\u00e4mlighet<\/li>\n<li><b>Klar att anv\u00e4nda:<\/b> Knappcellsbatterier ing\u00e5r och installeras<\/li>\n<li><b>Aktivering:<\/b> Enkel tryckknapp vid basen<\/li>\n<\/ul>","protected":false},"excerpt":{"rendered":"<ul>\n<li>Har 3 LED-ljusl\u00e4gen (fast och blinkande) f\u00f6r h\u00f6g synlighet.<\/li>\n<li>Inkluderar en praktisk halsrem f\u00f6r handsfree-b\u00e4rning vid evenemang.<\/li>\n<li>H\u00e5llbar, rymmer 50 ml och \u00e4r tillverkad av BPA-fri plast.<\/li>\n<li>Klar f\u00f6r omedelbar anv\u00e4ndning med batterier inkluderade och installerade.<\/li>\n<li><\/li>\n<\/ul>","protected":false},"featured_media":6549,"comment_status":"closed","ping_status":"closed","template":"","meta":[],"product_brand":[],"product_cat":[43,68,119,45],"product_tag":[],"class_list":{"0":"post-5175","1":"product","2":"type-product","3":"status-publish","4":"has-post-thumbnail","6":"product_cat-lanyards","7":"product_cat-event-supplies","8":"product_cat-drinkware-accessories","9":"product_cat-other","11":"first","12":"instock","13":"shipping-taxable","14":"purchasable","15":"product-type-simple"},"_links":{"self":[{"href":"https:\/\/displayproducts.eu\/sv\/wp-json\/wp\/v2\/product\/5175","targetHints":{"allow":["GET"]}}],"collection":[{"href":"https:\/\/displayproducts.eu\/sv\/wp-json\/wp\/v2\/product"}],"about":[{"href":"https:\/\/displayproducts.eu\/sv\/wp-json\/wp\/v2\/types\/product"}],"replies":[{"embeddable":true,"href":"https:\/\/displayproducts.eu\/sv\/wp-json\/wp\/v2\/comments?post=5175"}],"wp:featuredmedia":[{"embeddable":true,"href":"https:\/\/displayproducts.eu\/sv\/wp-json\/wp\/v2\/media\/6549"}],"wp:attachment":[{"href":"https:\/\/displayproducts.eu\/sv\/wp-json\/wp\/v2\/media?parent=5175"}],"wp:term":[{"taxonomy":"product_brand","embeddable":true,"href":"https:\/\/displayproducts.eu\/sv\/wp-json\/wp\/v2\/product_brand?post=5175"},{"taxonomy":"product_cat","embeddable":true,"href":"https:\/\/displayproducts.eu\/sv\/wp-json\/wp\/v2\/product_cat?post=5175"},{"taxonomy":"product_tag","embeddable":true,"href":"https:\/\/displayproducts.eu\/sv\/wp-json\/wp\/v2\/product_tag?post=5175"}],"curies":[{"name":"wp","href":"https:\/\/api.w.org\/{rel}","templated":true}]}}