{"id":5171,"date":"2025-10-20T21:47:54","date_gmt":"2025-10-20T18:47:54","guid":{"rendered":"https:\/\/wristbandfactory.eu\/?post_type=product&#038;p=5171"},"modified":"2026-04-01T21:52:35","modified_gmt":"2026-04-01T18:52:35","slug":"printable-gold-medals","status":"publish","type":"product","link":"https:\/\/displayproducts.eu\/sv\/p\/printable-gold-medals\/","title":{"rendered":"Utskrivbara guldmedaljer"},"content":{"rendered":"<p>Skapa anpassade utm\u00e4rkelser f\u00f6r din t\u00e4vling, ceremoni eller f\u00f6retagsutm\u00e4rkelseprogram. Dessa h\u00f6gkvalitativa metallmedaljer erbjuder ett professionellt och varaktigt s\u00e4tt att fira framg\u00e5ngar och \u00f6ka din organisations prestige.<\/p>\n<p>Denna medalj har en ljus, sl\u00e4t guldfinish som ger ett klassiskt utseende f\u00f6r alla prestationer. Den \u00e4r speciellt utformad f\u00f6r personalisering. Medaljen har ett dedikerat sl\u00e4tt omr\u00e5de som \u00e4r perfekt f\u00f6r att applicera din fullf\u00e4rgade logotyp, text eller design via sublimering (sublimeringsskiva\/tryck ing\u00e5r ej). Denna process l\u00e5ter dig trycka dina varum\u00e4rkesdesigner separat och applicera dem f\u00f6r ett skarpt och livfullt resultat. Varje medalj levereras redo att presenteras med ett medf\u00f6ljande r\u00f6tt polyesterband i halsen.<\/p>\n<p><b>Viktiga funktioner:<\/b><\/p>\n<ul>\n<li><b>Material:<\/b> H\u00f6gkvalitativ metall.<\/li>\n<li><b>Avsluta:<\/b> Polerad guldton.<\/li>\n<li><b>Anpassning:<\/b> Utformad f\u00f6r att applicera ett anpassat sublimeringstryck.<\/li>\n<li><b>Ing\u00e5r:<\/b> Levereras med ett slitstarkt r\u00f6tt polyesterband i halsen.<\/li>\n<li><b>Anv\u00e4ndningsfall:<\/b> Perfekt f\u00f6r sportturneringar, akademiska utm\u00e4rkelser och erk\u00e4nnande av anst\u00e4llda.<\/li>\n<\/ul>","protected":false},"excerpt":{"rendered":"<ul>\n<li>Premiummetallmedalj med polerad guldfinish.<\/li>\n<li>Utformad f\u00f6r specialutskrift med sublimering (utskrivbar bilaga ing\u00e5r ej).<\/li>\n<li>Perfekt f\u00f6r f\u00f6retagsutm\u00e4rkelser, sportligor och skolevenemang.<\/li>\n<li>Levereras komplett med ett klassiskt r\u00f6tt polyesterband f\u00f6r halsen.<\/li>\n<\/ul>\n<p>&nbsp;<\/p>","protected":false},"featured_media":6561,"comment_status":"closed","ping_status":"closed","template":"","meta":[],"product_brand":[],"product_cat":[68,102],"product_tag":[],"class_list":{"0":"post-5171","1":"product","2":"type-product","3":"status-publish","4":"has-post-thumbnail","6":"product_cat-event-supplies","7":"product_cat-medals","9":"first","10":"instock","11":"shipping-taxable","12":"purchasable","13":"product-type-simple"},"_links":{"self":[{"href":"https:\/\/displayproducts.eu\/sv\/wp-json\/wp\/v2\/product\/5171","targetHints":{"allow":["GET"]}}],"collection":[{"href":"https:\/\/displayproducts.eu\/sv\/wp-json\/wp\/v2\/product"}],"about":[{"href":"https:\/\/displayproducts.eu\/sv\/wp-json\/wp\/v2\/types\/product"}],"replies":[{"embeddable":true,"href":"https:\/\/displayproducts.eu\/sv\/wp-json\/wp\/v2\/comments?post=5171"}],"wp:featuredmedia":[{"embeddable":true,"href":"https:\/\/displayproducts.eu\/sv\/wp-json\/wp\/v2\/media\/6561"}],"wp:attachment":[{"href":"https:\/\/displayproducts.eu\/sv\/wp-json\/wp\/v2\/media?parent=5171"}],"wp:term":[{"taxonomy":"product_brand","embeddable":true,"href":"https:\/\/displayproducts.eu\/sv\/wp-json\/wp\/v2\/product_brand?post=5171"},{"taxonomy":"product_cat","embeddable":true,"href":"https:\/\/displayproducts.eu\/sv\/wp-json\/wp\/v2\/product_cat?post=5171"},{"taxonomy":"product_tag","embeddable":true,"href":"https:\/\/displayproducts.eu\/sv\/wp-json\/wp\/v2\/product_tag?post=5171"}],"curies":[{"name":"wp","href":"https:\/\/api.w.org\/{rel}","templated":true}]}}