{"id":5165,"date":"2025-10-20T21:40:50","date_gmt":"2025-10-20T18:40:50","guid":{"rendered":"https:\/\/wristbandfactory.eu\/?post_type=product&#038;p=5165"},"modified":"2026-04-01T21:52:04","modified_gmt":"2026-04-01T18:52:04","slug":"silicone-cup-lids","status":"publish","type":"product","link":"https:\/\/displayproducts.eu\/sv\/p\/silicone-cup-lids\/","title":{"rendered":"Silikonmugglock"},"content":{"rendered":"<p>Se till att dina g\u00e4ster f\u00e5r en s\u00e4ker och professionell upplevelse p\u00e5 ditt n\u00e4sta utomhusevenemang, konferens eller festival. Dessa reklamlock i silikon erbjuder en praktisk l\u00f6sning f\u00f6r att skydda drycker, h\u00e5lla dryckerna rena och minska spill samtidigt som de marknadsf\u00f6r ditt varum\u00e4rke.<\/p>\n<p>Tillverkade av flexibel, livsmedelsklassad silikon, \u00e4r dessa mugg\u00f6verdrag utformade f\u00f6r att vara t\u00f6jbara och passa s\u00e4kert \u00f6ver de flesta standardmuggstorlekar. De \u00e4r ett \u00e5teranv\u00e4ndbart och milj\u00f6v\u00e4nligt alternativ till eng\u00e5ngsprodukter. Varje lock har en central \u00f6ppning som \u00e4r l\u00e4mplig f\u00f6r ett sugr\u00f6r. Det medf\u00f6ljande nyckelringsfodralet g\u00f6r detta till en perfekt reklamg\u00e5va, s\u00e5 att deltagarna kan b\u00e4ra med sig ert varum\u00e4rke l\u00e5ngt efter evenemanget. Anpassa \u00f6verdraget eller fodralet med er f\u00f6retagslogotyp f\u00f6r maximal synlighet av varum\u00e4rket.<\/p>\n<p><b>Viktiga funktioner:<\/b><\/p>\n<ul>\n<li><b>Material:<\/b> Flexibel och slitstark silikon.<\/li>\n<li><b>F\u00e4rdig:<\/b> Justerbar design som t\u00f6js f\u00f6r att passa de flesta kuptyper.<\/li>\n<li><b>Fungera:<\/b> Skyddar drycker fr\u00e5n damm, insekter och spill.<\/li>\n<li><b>\u00c5teranv\u00e4ndbar:<\/b> L\u00e4tt att tv\u00e4tta och \u00e5teranv\u00e4nda, vilket ger ett stort v\u00e4rde.<\/li>\n<li><b>B\u00e4rbar:<\/b> Inkluderar ett kompakt nyckelringsfodral f\u00f6r enkel transport.<\/li>\n<li><b>Varum\u00e4rkesbyggande:<\/b> Perfekt f\u00f6r att trycka din logotyp eller evenemangsdetaljer.<\/li>\n<li><b>F\u00e4rger:<\/b> Finns i svart, bl\u00e5tt, gr\u00f6nt och r\u00f6tt.<\/li>\n<\/ul>\n<p>&nbsp;<\/p>","protected":false},"excerpt":{"rendered":"<ul>\n<li>Skydda drycker fr\u00e5n spill och skr\u00e4p vid alla evenemang.<\/li>\n<li>\u00c5teranv\u00e4ndbar och l\u00e4tttv\u00e4ttad silikon passar de flesta vanliga koppar.<\/li>\n<li>Inkluderar ett b\u00e4rbart nyckelringsfodral f\u00f6r enkel transport.<\/li>\n<li>Perfekt f\u00f6r festivaler, utomhusmarknadsf\u00f6ring och f\u00f6retagsevenemang.<\/li>\n<\/ul>","protected":false},"featured_media":6633,"comment_status":"closed","ping_status":"closed","template":"","meta":[],"product_brand":[],"product_cat":[119],"product_tag":[],"class_list":{"0":"post-5165","1":"product","2":"type-product","3":"status-publish","4":"has-post-thumbnail","6":"product_cat-drinkware-accessories","8":"first","9":"instock","10":"shipping-taxable","11":"purchasable","12":"product-type-simple"},"_links":{"self":[{"href":"https:\/\/displayproducts.eu\/sv\/wp-json\/wp\/v2\/product\/5165","targetHints":{"allow":["GET"]}}],"collection":[{"href":"https:\/\/displayproducts.eu\/sv\/wp-json\/wp\/v2\/product"}],"about":[{"href":"https:\/\/displayproducts.eu\/sv\/wp-json\/wp\/v2\/types\/product"}],"replies":[{"embeddable":true,"href":"https:\/\/displayproducts.eu\/sv\/wp-json\/wp\/v2\/comments?post=5165"}],"wp:featuredmedia":[{"embeddable":true,"href":"https:\/\/displayproducts.eu\/sv\/wp-json\/wp\/v2\/media\/6633"}],"wp:attachment":[{"href":"https:\/\/displayproducts.eu\/sv\/wp-json\/wp\/v2\/media?parent=5165"}],"wp:term":[{"taxonomy":"product_brand","embeddable":true,"href":"https:\/\/displayproducts.eu\/sv\/wp-json\/wp\/v2\/product_brand?post=5165"},{"taxonomy":"product_cat","embeddable":true,"href":"https:\/\/displayproducts.eu\/sv\/wp-json\/wp\/v2\/product_cat?post=5165"},{"taxonomy":"product_tag","embeddable":true,"href":"https:\/\/displayproducts.eu\/sv\/wp-json\/wp\/v2\/product_tag?post=5165"}],"curies":[{"name":"wp","href":"https:\/\/api.w.org\/{rel}","templated":true}]}}