{"id":5144,"date":"2025-10-14T23:32:11","date_gmt":"2025-10-14T20:32:11","guid":{"rendered":"https:\/\/wristbandfactory.eu\/?post_type=product&#038;p=5144"},"modified":"2026-04-01T21:52:35","modified_gmt":"2026-04-01T18:52:35","slug":"numbered-plain-tyvek-wristbands","status":"publish","type":"product","link":"https:\/\/displayproducts.eu\/sv\/p\/numbered-plain-tyvek-wristbands\/","title":{"rendered":"Numrerade otryckta Tyvek-armband"},"content":{"rendered":"<p>Effektivisera \u00e5tkomstkontrollen f\u00f6r ditt evenemang och f\u00f6rb\u00e4ttra s\u00e4kerheten med v\u00e5ra slitstarka Tyvek-armband i sl\u00e4ta material. Dessa armband \u00e4r utformade f\u00f6r professionellt bruk och erbjuder en p\u00e5litlig och kostnadseffektiv l\u00f6sning f\u00f6r att hantera g\u00e4ster, kontrollera entr\u00e9 och f\u00f6rotryckta identifiering vid alla sammankomster.<\/p>\n<h3>Byggd f\u00f6r s\u00e4kerhet och synlighet<\/h3>\n<p>V\u00e5ra armband \u00e4r tillverkade av \u00e4kta DuPont\u2122 Tyvek\u00ae och \u00e4r vattent\u00e4ta, rivt\u00e5liga och har en s\u00e4ker, manipulationss\u00e4ker sj\u00e4lvh\u00e4ftande f\u00f6rslutning. Varje armband har ett unikt, f\u00f6rtryckt serienummer f\u00f6r att f\u00f6rhindra bedr\u00e4gerier och f\u00f6rotryckta g\u00e4str\u00e4kning.<\/p>\n<h3>V\u00e4lj din bredd: 19 mm vs 25 mm<\/h3>\n<p>V\u00e4lj den storlek som b\u00e4st passar ditt evenemangs synlighetskrav:<\/p>\n<h3>19 mm standardbredd (branschstandard)<\/h3>\n<p>Det popul\u00e4raste valet f\u00f6r evenemang. Den erbjuder den perfekta balansen mellan komfort och synlighet.<\/p>\n<ul>\n<li><b>B\u00e4st f\u00f6r:<\/b> Endagsfestivaler, konserter, nattklubbar och privata fester.<\/li>\n<li><b>F\u00f6rm\u00e5n:<\/b> Subtil p\u00e5 handleden men l\u00e4tt f\u00f6r s\u00e4kerhetspersonalen att verifiera.<\/li>\n<\/ul>\n<h3>25 mm extra bred (maximal synlighet)<\/h3>\n<p>Ger en st\u00f6rre yta, vilket g\u00f6r att f\u00e4rgen och numreringen syns p\u00e5 st\u00f6rre avst\u00e5nd.<\/p>\n<ul>\n<li><b>B\u00e4st f\u00f6r:<\/b> VIP-identifiering, tr\u00e5nga lokaler eller evenemang som kr\u00e4ver handskrivna anteckningar om bandet.<\/li>\n<li><b>F\u00f6rm\u00e5n:<\/b> H\u00f6gre synlighet underl\u00e4ttar snabbare hantering av publik vid entr\u00e9er.<\/li>\n<\/ul>\n<h3>Viktiga funktioner:<\/h3>\n<ul>\n<li><b>Sekventiell numrering:<\/b> Varje band har ett unikt nummer f\u00f6r f\u00f6rb\u00e4ttrad s\u00e4kerhet och g\u00e4stsp\u00e5rning.<\/li>\n<li><b>\u00c4kta DuPont\u2122 Tyvek\u00ae:<\/b> Vattent\u00e4tt och rivbest\u00e4ndigt material f\u00f6r p\u00e5litlig anv\u00e4ndning vid evenemang.<\/li>\n<li><b>S\u00e4kerhetss\u00e4ker st\u00e4ngning:<\/b> S\u00e4kert eng\u00e5ngslim f\u00f6rhindrar \u00f6verf\u00f6ring mellan g\u00e4ster.<\/li>\n<li><b>Tv\u00e5 breddalternativ:<\/b> Finns i standardversion (19 mm) eller bredversion (25 mm).<\/li>\n<li><b>Livfulla f\u00e4rgalternativ:<\/b> Finns i neon-, metallic- och standardf\u00e4rger f\u00f6r enkel visuell g\u00e4stsegmentering.<\/li>\n<li><b>Anv\u00e4ndningsfall:<\/b> Idealisk f\u00f6r \u00e5tkomstkontroll, \u00e5ldersverifiering och g\u00e4stidentifiering.<\/li>\n<\/ul>","protected":false},"excerpt":{"rendered":"<ul>\n<li>Har unik sekventiell numrering f\u00f6r s\u00e4ker \u00e5tkomstkontroll och g\u00e4stsp\u00e5rning.<\/li>\n<li>Tillverkad av \u00e4kta DuPont\u2122 Tyvek\u00ae (vattent\u00e4t och rivbest\u00e4ndig).<\/li>\n<li>Brett utbud av livfulla f\u00e4rger f\u00f6r enkel visuell g\u00e4stidentifiering.<\/li>\n<li>S\u00e4kerhetss\u00e4ker sj\u00e4lvh\u00e4ftande f\u00f6rslutning f\u00f6rhindrar \u00f6verf\u00f6ring mellan deltagare.<\/li>\n<\/ul>","protected":false},"featured_media":6111,"comment_status":"closed","ping_status":"closed","template":"","meta":[],"product_brand":[],"product_cat":[66,41,68],"product_tag":[],"class_list":{"0":"post-5144","1":"product","2":"type-product","3":"status-publish","4":"has-post-thumbnail","6":"product_cat-wristbands","7":"product_cat-tyvek","8":"product_cat-event-supplies","10":"first","11":"instock","12":"shipping-taxable","13":"purchasable","14":"product-type-simple"},"_links":{"self":[{"href":"https:\/\/displayproducts.eu\/sv\/wp-json\/wp\/v2\/product\/5144","targetHints":{"allow":["GET"]}}],"collection":[{"href":"https:\/\/displayproducts.eu\/sv\/wp-json\/wp\/v2\/product"}],"about":[{"href":"https:\/\/displayproducts.eu\/sv\/wp-json\/wp\/v2\/types\/product"}],"replies":[{"embeddable":true,"href":"https:\/\/displayproducts.eu\/sv\/wp-json\/wp\/v2\/comments?post=5144"}],"wp:featuredmedia":[{"embeddable":true,"href":"https:\/\/displayproducts.eu\/sv\/wp-json\/wp\/v2\/media\/6111"}],"wp:attachment":[{"href":"https:\/\/displayproducts.eu\/sv\/wp-json\/wp\/v2\/media?parent=5144"}],"wp:term":[{"taxonomy":"product_brand","embeddable":true,"href":"https:\/\/displayproducts.eu\/sv\/wp-json\/wp\/v2\/product_brand?post=5144"},{"taxonomy":"product_cat","embeddable":true,"href":"https:\/\/displayproducts.eu\/sv\/wp-json\/wp\/v2\/product_cat?post=5144"},{"taxonomy":"product_tag","embeddable":true,"href":"https:\/\/displayproducts.eu\/sv\/wp-json\/wp\/v2\/product_tag?post=5144"}],"curies":[{"name":"wp","href":"https:\/\/api.w.org\/{rel}","templated":true}]}}