{"id":5108,"date":"2025-10-06T22:07:55","date_gmt":"2025-10-06T19:07:55","guid":{"rendered":"https:\/\/wristbandfactory.eu\/?post_type=product&#038;p=5108"},"modified":"2026-04-01T21:52:35","modified_gmt":"2026-04-01T18:52:35","slug":"custom-engraved-printed-wooden-medals","status":"publish","type":"product","link":"https:\/\/displayproducts.eu\/sv\/p\/custom-engraved-printed-wooden-medals\/","title":{"rendered":"Anpassade graverade och tryckta tr\u00e4medaljer"},"content":{"rendered":"<p>Omfamna en naturlig och h\u00e5llbar estetik f\u00f6r dina utm\u00e4rkelser med v\u00e5ra specialdesignade tr\u00e4medaljer. Perfekta f\u00f6r utomhusevenemang, milj\u00f6medvetna varum\u00e4rken och unika erk\u00e4nnanden, dessa medaljer erbjuder ett varmt, rustikt alternativ till traditionella metallutm\u00e4rkelser. De kan tillverkas i valfri specialform och \u00e4r ett minnesv\u00e4rt och milj\u00f6v\u00e4nligt s\u00e4tt att fira prestationer.<\/p>\n<p><b>M\u00e5ngsidiga designalternativ<\/b> Vi erbjuder tre olika metoder f\u00f6r att f\u00f6rverkliga din design p\u00e5 tr\u00e4ytan:<\/p>\n<ol start=\"1\">\n<li><b>Graverad logotyp:<\/b> F\u00f6r en klassisk, rustik look lasergraveras din design direkt i tr\u00e4et, vilket skapar en vacker och taktil finish som framh\u00e4ver den naturliga \u00e5dringen.<\/li>\n<li><b>Screentryck:<\/b> Perfekt f\u00f6r dj\u00e4rva, otryckta logotyper som sticker ut tydligt mot tr\u00e4et.<\/li>\n<li><b>UV-tryck i fullf\u00e4rg:<\/b> F\u00f6r livfulla, komplexa konstverk applicerar v\u00e5r avancerade UV-tryckprocess din helf\u00e4rgsdesign direkt p\u00e5 tr\u00e4ytan med precision och h\u00e5llbarhet.<\/li>\n<\/ol>\n<p>Varje medalj kan ytterligare personifieras med individuella namn och nummer graverade p\u00e5 baksidan.<\/p>\n<p><b>Premium- och h\u00e5llbara band<\/b> F\u00f6r att komplettera utm\u00e4rkelsen inkluderar varje medalj ett premiumband p\u00e5 80 cm, tryckt i fullf\u00e4rg p\u00e5 b\u00e5da sidor. Du kan v\u00e4lja mellan ett vanligt \u00f6glesydd polyesterband eller ett <b>milj\u00f6v\u00e4nligt rPET-band<\/b> tillverkade av \u00e5tervunnet material, vilket ytterligare f\u00f6rst\u00e4rker ditt evenemangs h\u00e5llbarhetsprofil.<\/p>\n<p><b>Viktiga funktioner:<\/b><\/p>\n<ul>\n<li><b>Naturligt tr\u00e4material:<\/b> Ger en unik, rustik och milj\u00f6v\u00e4nlig estetik.<\/li>\n<li><b>Tre designalternativ:<\/b> V\u00e4lj mellan lasergravering, 1-f\u00e4rgs screentryck eller UV-tryck i fullf\u00e4rg.<\/li>\n<li><b>Helt anpassad form:<\/b> Skapa en medalj i valfri form som perfekt matchar ditt evenemang eller varum\u00e4rke.<\/li>\n<li><b>Fullf\u00e4rgstryckta band ing\u00e5r:<\/b> Din design trycks p\u00e5 b\u00e5da sidor av bandet.<\/li>\n<li><b>Milj\u00f6v\u00e4nligt rPET-bandalternativ:<\/b> Ett h\u00e5llbart bandval tillverkat av \u00e5tervunnet material.<\/li>\n<li><b>Gravyr av individuellt namn och nummer:<\/b> Anpassa varje medalj f\u00f6r mottagaren p\u00e5 baksidan.<\/li>\n<\/ul>","protected":false},"excerpt":{"rendered":"<p>V\u00e4lj en unik, h\u00e5llbar utm\u00e4rkelse med v\u00e5ra specialdesignade tr\u00e4medaljer. De kan tillverkas i valfri form och din design kan graveras, screentryckas eller UV-tryckas i livfulla f\u00e4rger.<\/p>","protected":false},"featured_media":6458,"comment_status":"closed","ping_status":"closed","template":"","meta":[],"product_brand":[],"product_cat":[102,45],"product_tag":[],"class_list":{"0":"post-5108","1":"product","2":"type-product","3":"status-publish","4":"has-post-thumbnail","6":"product_cat-medals","7":"product_cat-other","9":"first","10":"instock","11":"shipping-taxable","12":"purchasable","13":"product-type-simple"},"_links":{"self":[{"href":"https:\/\/displayproducts.eu\/sv\/wp-json\/wp\/v2\/product\/5108","targetHints":{"allow":["GET"]}}],"collection":[{"href":"https:\/\/displayproducts.eu\/sv\/wp-json\/wp\/v2\/product"}],"about":[{"href":"https:\/\/displayproducts.eu\/sv\/wp-json\/wp\/v2\/types\/product"}],"replies":[{"embeddable":true,"href":"https:\/\/displayproducts.eu\/sv\/wp-json\/wp\/v2\/comments?post=5108"}],"wp:featuredmedia":[{"embeddable":true,"href":"https:\/\/displayproducts.eu\/sv\/wp-json\/wp\/v2\/media\/6458"}],"wp:attachment":[{"href":"https:\/\/displayproducts.eu\/sv\/wp-json\/wp\/v2\/media?parent=5108"}],"wp:term":[{"taxonomy":"product_brand","embeddable":true,"href":"https:\/\/displayproducts.eu\/sv\/wp-json\/wp\/v2\/product_brand?post=5108"},{"taxonomy":"product_cat","embeddable":true,"href":"https:\/\/displayproducts.eu\/sv\/wp-json\/wp\/v2\/product_cat?post=5108"},{"taxonomy":"product_tag","embeddable":true,"href":"https:\/\/displayproducts.eu\/sv\/wp-json\/wp\/v2\/product_tag?post=5108"}],"curies":[{"name":"wp","href":"https:\/\/api.w.org\/{rel}","templated":true}]}}