{"id":5103,"date":"2025-10-06T22:03:40","date_gmt":"2025-10-06T19:03:40","guid":{"rendered":"https:\/\/wristbandfactory.eu\/?post_type=product&#038;p=5103"},"modified":"2026-04-01T21:52:35","modified_gmt":"2026-04-01T18:52:35","slug":"custom-3d-medals-with-uv-color-printing","status":"publish","type":"product","link":"https:\/\/displayproducts.eu\/sv\/p\/custom-3d-medals-with-uv-color-printing\/","title":{"rendered":"Anpassade 3D-medaljer med UV-f\u00e4rgtryck"},"content":{"rendered":"<p>L\u00e5s upp o\u00f6vertr\u00e4ffade designm\u00f6jligheter med v\u00e5ra specialdesignade 3D-medaljer med UV-f\u00e4rgtryck. Denna banbrytande teknik kombinerar det taktila djupet hos en gjuten 3D-reliefmedalj med de livfulla detaljerna hos ett fullf\u00e4rgstryck, vilket skapar en utm\u00e4rkelse med en fantastisk visuell och texturell effekt som garanterat kommer att imponera.<\/p>\n<p><b>F\u00e4rg m\u00f6ter textur<\/b> Till skillnad fr\u00e5n traditionella metoder applicerar UV-tryck din helf\u00e4rgsdesign direkt p\u00e5 medaljens yta och anpassar sig perfekt till de upph\u00f6jda och f\u00f6rs\u00e4nkta omr\u00e5dena i din anpassade 3D-design. Detta m\u00f6jligg\u00f6r att intrikata, f\u00e4rgglada logotyper och konstverk kan samexistera med en taktil, metallisk relief. Medaljen i sig \u00e4r tillverkad av premium zinklegering, vilket m\u00f6jligg\u00f6r intrikata anpassade former och utsk\u00e4rningar.<\/p>\n<p><b>Premiumf\u00e4rgade band<\/b> Som ett komplement till premiummedaljen ing\u00e5r ett h\u00f6gkvalitativt band tryckt i livfull f\u00e4rg p\u00e5 b\u00e5da sidor. V\u00e4lj mellan klassisk polyester eller en milj\u00f6v\u00e4nlig <b>rPET-band<\/b> tillverkade av \u00e5tervunnet material f\u00f6r att \u00f6verensst\u00e4mma med din organisations h\u00e5llbarhetsm\u00e5l.<\/p>\n<p><b>Fullst\u00e4ndiga anpassningsalternativ<\/b><\/p>\n<ul>\n<li><b>Medalj:<\/b> Din design kan g\u00f6ras i valfri specialform upp till 65 mm. V\u00e4lj mellan 8 olika pl\u00e4teringsf\u00e4rger f\u00f6r metallbasen. Du kan valfritt l\u00e4gga till en upph\u00f6jd eller neds\u00e4nkt logotypdesign p\u00e5 baksidan, samt gravera individuella namn och nummer.<\/li>\n<li><b>Band:<\/b> Inkluderar ett \u00f6glesytt 80 cm band med fullf\u00e4rgstryck p\u00e5 b\u00e5da sidor.<\/li>\n<\/ul>\n<p>&nbsp;<\/p>\n<p><b>Paketet &quot;Att vinna medaljer&quot;<\/b> V\u00e5rt unika paket &quot;Vinnande medaljer&quot; finns ocks\u00e5 tillg\u00e4ngligt, vilket g\u00f6r att du kan inkludera ett set medaljer f\u00f6r 1:a, 2:a och 3:e plats i din best\u00e4llning f\u00f6r att skapa ett komplett prispaket f\u00f6r din t\u00e4vling.<\/p>\n<p><b>Viktiga funktioner:<\/b><\/p>\n<ul>\n<li><b>UV-utskrift p\u00e5 3D-ytor:<\/b> Fullf\u00e4rgsm\u00f6nster applicerade direkt p\u00e5 den upph\u00f6jda och inf\u00e4llda metallen.<\/li>\n<li><b>Premium zinklegeringsmaterial:<\/b> M\u00f6jligg\u00f6r invecklade 3D-reliefformer och anpassade utsk\u00e4rningar.<\/li>\n<li><b>Fullf\u00e4rgstryckta band ing\u00e5r:<\/b> Din design tryckt p\u00e5 b\u00e5da sidor av bandet.<\/li>\n<li><b>Milj\u00f6v\u00e4nligt rPET-bandalternativ:<\/b> Ett h\u00e5llbart bandval tillverkat av \u00e5tervunnet material.<\/li>\n<li><b>Helt anpassad form:<\/b> Din medalj kan gjutas i valfri form f\u00f6r att representera ditt varum\u00e4rke eller evenemang.<\/li>\n<li><b>Paketet &quot;Vinnande medaljer&quot; finns tillg\u00e4ngligt:<\/b> Inkludera enkelt 1:a, 2:a och 3:e platsmedaljer.<\/li>\n<li><b>Gravyr av individuellt namn och nummer:<\/b> Anpassa varje medalj f\u00f6r mottagaren.<\/li>\n<li><b>8 olika pl\u00e4teringsf\u00e4rger:<\/b> V\u00e4lj den perfekta metalliska finishen f\u00f6r din design.<\/li>\n<\/ul>\n<p>&nbsp;<\/p>\n<h3><\/h3>","protected":false},"excerpt":{"rendered":"<p>Upplev n\u00e4sta niv\u00e5 av medaljdesign med v\u00e5ra UV-tryckta 3D-medaljer. Denna teknik trycker livfulla, helf\u00e4rgade m\u00f6nster direkt p\u00e5 de upph\u00f6jda och f\u00f6rs\u00e4nkta metallytorna.<\/p>","protected":false},"featured_media":6447,"comment_status":"closed","ping_status":"closed","template":"","meta":[],"product_brand":[],"product_cat":[68,102,45],"product_tag":[],"class_list":{"0":"post-5103","1":"product","2":"type-product","3":"status-publish","4":"has-post-thumbnail","6":"product_cat-event-supplies","7":"product_cat-medals","8":"product_cat-other","10":"first","11":"instock","12":"shipping-taxable","13":"purchasable","14":"product-type-simple"},"_links":{"self":[{"href":"https:\/\/displayproducts.eu\/sv\/wp-json\/wp\/v2\/product\/5103","targetHints":{"allow":["GET"]}}],"collection":[{"href":"https:\/\/displayproducts.eu\/sv\/wp-json\/wp\/v2\/product"}],"about":[{"href":"https:\/\/displayproducts.eu\/sv\/wp-json\/wp\/v2\/types\/product"}],"replies":[{"embeddable":true,"href":"https:\/\/displayproducts.eu\/sv\/wp-json\/wp\/v2\/comments?post=5103"}],"wp:featuredmedia":[{"embeddable":true,"href":"https:\/\/displayproducts.eu\/sv\/wp-json\/wp\/v2\/media\/6447"}],"wp:attachment":[{"href":"https:\/\/displayproducts.eu\/sv\/wp-json\/wp\/v2\/media?parent=5103"}],"wp:term":[{"taxonomy":"product_brand","embeddable":true,"href":"https:\/\/displayproducts.eu\/sv\/wp-json\/wp\/v2\/product_brand?post=5103"},{"taxonomy":"product_cat","embeddable":true,"href":"https:\/\/displayproducts.eu\/sv\/wp-json\/wp\/v2\/product_cat?post=5103"},{"taxonomy":"product_tag","embeddable":true,"href":"https:\/\/displayproducts.eu\/sv\/wp-json\/wp\/v2\/product_tag?post=5103"}],"curies":[{"name":"wp","href":"https:\/\/api.w.org\/{rel}","templated":true}]}}