{"id":5098,"date":"2025-10-06T21:55:28","date_gmt":"2025-10-06T18:55:28","guid":{"rendered":"https:\/\/wristbandfactory.eu\/?post_type=product&#038;p=5098"},"modified":"2026-04-01T21:52:35","modified_gmt":"2026-04-01T18:52:35","slug":"standard-shape-medals-with-full-color-doming","status":"publish","type":"product","link":"https:\/\/displayproducts.eu\/sv\/p\/standard-shape-medals-with-full-color-doming\/","title":{"rendered":"Standardformade medaljer med fullf\u00e4rgad kupolformning"},"content":{"rendered":"<p>F\u00f6r evenemang som kr\u00e4ver en snabb, enkel och mycket kostnadseffektiv l\u00f6sning f\u00f6r utdelning av priser \u00e4r v\u00e5ra standardformade j\u00e4rnmedaljer det perfekta valet. Genom att anv\u00e4nda en standard 50 mm medaljform (t.ex. rund) kan vi erbjuda v\u00e5r l\u00e4gsta prispunkt och snabbaste leveranstider, samtidigt som vi fortfarande erbjuder en vacker, fullf\u00e4rgad specialdesign f\u00f6r ditt evenemang.<\/p>\n<p><b>Maximal effekt p\u00e5 en minimal budget<\/b> Dessa medaljer \u00e4r det perfekta alternativet f\u00f6r utm\u00e4rkelser, skolidrottsdagar eller andra evenemang som beh\u00f6ver en stor m\u00e4ngd h\u00f6gkvalitativa medaljer till ett \u00f6verkomligt pris. Framsidan har en livfull, f\u00e4rgglad design, skyddad av en glansig och h\u00e5llbar kupol. Medaljbasen \u00e4r tillverkad av massivt j\u00e4rn, vilket ger den en tillfredsst\u00e4llande vikt och k\u00e4nsla.<\/p>\n<p><b>Enkel och str\u00f6mlinjeformad anpassning<\/b><\/p>\n<ul>\n<li><b>Medalj:<\/b> Medaljen har en standardform p\u00e5 50 mm. Du kan v\u00e4lja mellan 8 olika pl\u00e4teringsf\u00e4rger f\u00f6r metallen och personifiera baksidan med en graverad logotyp eller individuella namn och nummer.<\/li>\n<li><b>Band:<\/b> Varje medalj inkluderar ett 80 cm l\u00e5ngt polyesterband med V-s\u00f6m. Banden kan tillverkas i upp till 3 valfria f\u00e4rger, och du kan l\u00e4gga till din silkscreen-logotyp p\u00e5 en eller b\u00e5da sidorna.<\/li>\n<\/ul>\n<p>&nbsp;<\/p>\n<p><b>Paketet &quot;Att vinna medaljer&quot;<\/b> \u00c4ven med v\u00e5rt mest budgetv\u00e4nliga alternativ kan du fortfarande fira dina toppresterande. V\u00e5rt unika paket &quot;Vinnande medaljer&quot; finns tillg\u00e4ngligt, vilket g\u00f6r att du kan inkludera ett set medaljer f\u00f6r 1:a, 2:a och 3:e plats i din best\u00e4llning.<\/p>\n<p><b>Viktiga funktioner:<\/b><\/p>\n<ul>\n<li><b>Mest kostnadseffektiva medaljalternativ:<\/b> V\u00e5rt b\u00e4sta v\u00e4rde f\u00f6r stora best\u00e4llningar och sn\u00e4va budgetar.<\/li>\n<li><b>Standard 50 mm form:<\/b> M\u00f6jligg\u00f6r snabbare produktion och l\u00e4gre kostnader.<\/li>\n<li><b>Fullf\u00e4rgad kupolfinish:<\/b> Visar upp din komplexa, f\u00e4rgglada logotyp med ett skyddande glansigt lager.<\/li>\n<li><b>Paketet &quot;Vinnande medaljer&quot; finns tillg\u00e4ngligt:<\/b> Inkludera enkelt 1:a, 2:a och 3:e platsmedaljer.<\/li>\n<li><b>Gravyr av individuellt namn och nummer:<\/b> Anpassa varje medalj f\u00f6r mottagaren.<\/li>\n<li><b>Valfri graverad logotyp p\u00e5 baksidan:<\/b> L\u00e4gg till extra varum\u00e4rke p\u00e5 baksidan av medaljen.<\/li>\n<li><b>Anpassningsbara V-sydda band ing\u00e5r:<\/b> V\u00e4lj dina f\u00e4rger och l\u00e4gg till din logotyp.<\/li>\n<li><b>8 olika pl\u00e4teringsf\u00e4rger:<\/b> V\u00e4lj den perfekta metalliska finishen f\u00f6r din medalj.<\/li>\n<\/ul>\n<p>&nbsp;<\/p>\n<h3><\/h3>","protected":false},"excerpt":{"rendered":"<p>V\u00e5r snabbaste och mest prisv\u00e4rda l\u00f6sning f\u00f6r bel\u00f6ning. Dessa j\u00e4rnmedaljer i standardform har din livfulla, f\u00e4rgglada kupolformade logotyp, vilket ger maximal effekt till en minimal budget.<\/p>","protected":false},"featured_media":6643,"comment_status":"closed","ping_status":"closed","template":"","meta":[],"product_brand":[],"product_cat":[68,102,45],"product_tag":[],"class_list":{"0":"post-5098","1":"product","2":"type-product","3":"status-publish","4":"has-post-thumbnail","6":"product_cat-event-supplies","7":"product_cat-medals","8":"product_cat-other","10":"first","11":"instock","12":"shipping-taxable","13":"purchasable","14":"product-type-simple"},"_links":{"self":[{"href":"https:\/\/displayproducts.eu\/sv\/wp-json\/wp\/v2\/product\/5098","targetHints":{"allow":["GET"]}}],"collection":[{"href":"https:\/\/displayproducts.eu\/sv\/wp-json\/wp\/v2\/product"}],"about":[{"href":"https:\/\/displayproducts.eu\/sv\/wp-json\/wp\/v2\/types\/product"}],"replies":[{"embeddable":true,"href":"https:\/\/displayproducts.eu\/sv\/wp-json\/wp\/v2\/comments?post=5098"}],"wp:featuredmedia":[{"embeddable":true,"href":"https:\/\/displayproducts.eu\/sv\/wp-json\/wp\/v2\/media\/6643"}],"wp:attachment":[{"href":"https:\/\/displayproducts.eu\/sv\/wp-json\/wp\/v2\/media?parent=5098"}],"wp:term":[{"taxonomy":"product_brand","embeddable":true,"href":"https:\/\/displayproducts.eu\/sv\/wp-json\/wp\/v2\/product_brand?post=5098"},{"taxonomy":"product_cat","embeddable":true,"href":"https:\/\/displayproducts.eu\/sv\/wp-json\/wp\/v2\/product_cat?post=5098"},{"taxonomy":"product_tag","embeddable":true,"href":"https:\/\/displayproducts.eu\/sv\/wp-json\/wp\/v2\/product_tag?post=5098"}],"curies":[{"name":"wp","href":"https:\/\/api.w.org\/{rel}","templated":true}]}}