{"id":5093,"date":"2025-10-06T21:50:00","date_gmt":"2025-10-06T18:50:00","guid":{"rendered":"https:\/\/wristbandfactory.eu\/?post_type=product&#038;p=5093"},"modified":"2026-04-01T21:52:04","modified_gmt":"2026-04-01T18:52:04","slug":"custom-iron-medals-with-full-color-doming","status":"publish","type":"product","link":"https:\/\/displayproducts.eu\/sv\/p\/custom-iron-medals-with-full-color-doming\/","title":{"rendered":"Anpassade j\u00e4rnmedaljer med fullf\u00e4rgad kupol"},"content":{"rendered":"<p>F\u00e5 en livfull utm\u00e4rkelse i fullf\u00e4rg till ett exceptionellt pris med v\u00e5ra specialdesignade j\u00e4rnmedaljer med kupolformning. Detta alternativ \u00e4r den perfekta l\u00f6sningen f\u00f6r att ge komplexa logotyper, bilder och gradienter liv p\u00e5 en kostnadseffektiv medalj, vilket g\u00f6r den idealisk f\u00f6r storskaliga evenemang, reklamkampanjer och turneringar d\u00e4r b\u00e5de budget och visuell effekt \u00e4r avg\u00f6rande.<\/p>\n<p><b>Fullf\u00e4rg p\u00e5 en smart budget<\/b> Denna medalj kombinerar en slitstark j\u00e4rnbas med en modern, fullf\u00e4rgad kupolformad finish. Kupolformningsprocessen inneb\u00e4r att ett klart, rept\u00e5ligt polyuretanharts appliceras \u00f6ver din tryckta design, vilket skyddar den och ger den en glansig 3D-effekt. Genom att anv\u00e4nda en j\u00e4rnbas kan vi erbjuda denna lysande, fullf\u00e4rgade stil till ett mer \u00f6verkomligt pris. Dessa medaljer kan tillverkas i valfri specialform upp till 50 mm.<\/p>\n<p><b>Fullst\u00e4ndiga anpassningsalternativ<\/b><\/p>\n<ul>\n<li><b>Medalj:<\/b> Din design kan g\u00f6ras i valfri specialform. V\u00e4lj mellan 8 olika pl\u00e4teringsf\u00e4rger f\u00f6r metallkanten och personifiera varje medalj med individuella namn, nummer eller en graverad logotyp p\u00e5 baksidan.<\/li>\n<li><b>Band:<\/b> Varje medalj inkluderar ett 80 cm l\u00e5ngt polyesterband med V-s\u00f6m. Banden kan tillverkas i upp till 3 valfria f\u00e4rger, och du kan l\u00e4gga till din silkscreen-logotyp p\u00e5 en eller b\u00e5da sidorna.<\/li>\n<\/ul>\n<p>&nbsp;<\/p>\n<p><b>Paketet &quot;Att vinna medaljer&quot;<\/b> V\u00e5rt unika paket &quot;Vinnande medaljer&quot; finns ocks\u00e5 tillg\u00e4ngligt f\u00f6r denna medaljtyp, vilket g\u00f6r att du kan inkludera ett set medaljer f\u00f6r f\u00f6rsta, andra och tredje plats i din best\u00e4llning f\u00f6r att skapa en komplett och prisv\u00e4rd l\u00f6sning.<\/p>\n<p><b>Viktiga funktioner:<\/b><\/p>\n<ul>\n<li><b>Kostnadseffektiv j\u00e4rnbas:<\/b> Det perfekta valet f\u00f6r stora best\u00e4llningar och budgetmedvetna evenemang.<\/li>\n<li><b>Fullf\u00e4rgad kupolfinish:<\/b> \u00c5terger perfekt komplexa logotyper, foton och f\u00e4rggradienter.<\/li>\n<li><b>Rept\u00e5lig glansig kupol:<\/b> Skyddar din design och ger ett f\u00f6rstklassigt 3D-utseende.<\/li>\n<li><b>Helt anpassad form:<\/b> Skapa en unik medalj som representerar ditt varum\u00e4rke eller evenemang.<\/li>\n<li><b>Paketet &quot;Vinnande medaljer&quot; finns tillg\u00e4ngligt:<\/b> Inkludera enkelt 1:a, 2:a och 3:e platsmedaljer.<\/li>\n<li><b>Gravyr av individuellt namn och nummer:<\/b> Anpassa varje medalj f\u00f6r mottagaren.<\/li>\n<li><b>Valfri graverad logotyp p\u00e5 baksidan:<\/b> L\u00e4gg till extra varum\u00e4rke p\u00e5 baksidan av medaljen.<\/li>\n<li><b>Anpassningsbara V-sydda band ing\u00e5r:<\/b> V\u00e4lj dina f\u00e4rger och l\u00e4gg till din logotyp.<\/li>\n<\/ul>","protected":false},"excerpt":{"rendered":"<p>F\u00e5 livfulla, fullf\u00e4rgade specialmedaljer till ett oslagbart pris. V\u00e5ra j\u00e4rnmedaljer med en glansig kupolfinish \u00e4r perfekta f\u00f6r att reproducera komplexa logotyper p\u00e5 en budgetv\u00e4nlig utm\u00e4rkelse.<\/p>","protected":false},"featured_media":6464,"comment_status":"closed","ping_status":"closed","template":"","meta":[],"product_brand":[],"product_cat":[68,102,45],"product_tag":[],"class_list":{"0":"post-5093","1":"product","2":"type-product","3":"status-publish","4":"has-post-thumbnail","6":"product_cat-event-supplies","7":"product_cat-medals","8":"product_cat-other","10":"first","11":"instock","12":"shipping-taxable","13":"purchasable","14":"product-type-simple"},"_links":{"self":[{"href":"https:\/\/displayproducts.eu\/sv\/wp-json\/wp\/v2\/product\/5093","targetHints":{"allow":["GET"]}}],"collection":[{"href":"https:\/\/displayproducts.eu\/sv\/wp-json\/wp\/v2\/product"}],"about":[{"href":"https:\/\/displayproducts.eu\/sv\/wp-json\/wp\/v2\/types\/product"}],"replies":[{"embeddable":true,"href":"https:\/\/displayproducts.eu\/sv\/wp-json\/wp\/v2\/comments?post=5093"}],"wp:featuredmedia":[{"embeddable":true,"href":"https:\/\/displayproducts.eu\/sv\/wp-json\/wp\/v2\/media\/6464"}],"wp:attachment":[{"href":"https:\/\/displayproducts.eu\/sv\/wp-json\/wp\/v2\/media?parent=5093"}],"wp:term":[{"taxonomy":"product_brand","embeddable":true,"href":"https:\/\/displayproducts.eu\/sv\/wp-json\/wp\/v2\/product_brand?post=5093"},{"taxonomy":"product_cat","embeddable":true,"href":"https:\/\/displayproducts.eu\/sv\/wp-json\/wp\/v2\/product_cat?post=5093"},{"taxonomy":"product_tag","embeddable":true,"href":"https:\/\/displayproducts.eu\/sv\/wp-json\/wp\/v2\/product_tag?post=5093"}],"curies":[{"name":"wp","href":"https:\/\/api.w.org\/{rel}","templated":true}]}}