{"id":5088,"date":"2025-10-06T21:44:18","date_gmt":"2025-10-06T18:44:18","guid":{"rendered":"https:\/\/wristbandfactory.eu\/?post_type=product&#038;p=5088"},"modified":"2026-04-01T21:52:35","modified_gmt":"2026-04-01T18:52:35","slug":"custom-medals-with-full-color-doming","status":"publish","type":"product","link":"https:\/\/displayproducts.eu\/sv\/p\/custom-medals-with-full-color-doming\/","title":{"rendered":"Anpassade medaljer med fullf\u00e4rgskupol"},"content":{"rendered":"<p>F\u00f6r design som kr\u00e4ver livfulla, f\u00e4rgglada detaljer \u00e4r v\u00e5ra specialdesignade medaljer med kupolform den perfekta l\u00f6sningen. Denna teknik m\u00f6jligg\u00f6r perfekt reproduktion av komplexa logotyper, gradienter och till och med fotografiska bilder, som sedan skyddas av en kristallklar, rept\u00e5lig kupol. Det \u00e4r det ultimata valet f\u00f6r moderna, i\u00f6gonfallande utm\u00e4rkelser.<\/p>\n<p><b>Livfull fullf\u00e4rgad finish<\/b> Domingprocessen inneb\u00e4r att man applicerar ett klart polyuretanharts \u00f6ver en fullf\u00e4rgstryckt design. Detta skapar en h\u00e5llbar, glansig 3D-bubbeleffekt som f\u00f6rb\u00e4ttrar ditt konstverk och skyddar det fr\u00e5n slitage. Medaljbasen \u00e4r tillverkad av en premium zinklegering, vilket g\u00f6r att medaljen kan gjutas i vilken invecklad form som helst, med fina detaljer och anpassade utsk\u00e4rningar (h\u00e5l) som ramar in din f\u00e4rgglada design perfekt.<\/p>\n<p><b>Fullst\u00e4ndiga anpassningsalternativ<\/b><\/p>\n<ul>\n<li><b>Medalj:<\/b> Din design kan g\u00f6ras i valfri specialform. V\u00e4lj mellan 8 olika pl\u00e4teringsf\u00e4rger f\u00f6r metallbasen. Du kan valfritt l\u00e4gga till en upph\u00f6jd eller neds\u00e4nkt logotypdesign p\u00e5 baksidan, samt gravera individuella namn och nummer.<\/li>\n<li><b>Band:<\/b> Varje medalj inkluderar ett \u00f6glesydd 80 cm polyesterband. Banden kan tillverkas i upp till 3 valfria f\u00e4rger, och du kan l\u00e4gga till din silkscreen-logotyp p\u00e5 en eller b\u00e5da sidorna.<\/li>\n<\/ul>\n<p>&nbsp;<\/p>\n<p><b>Paketet &quot;Att vinna medaljer&quot;<\/b> V\u00e5rt unika &quot;Vinnande medaljer&quot;-paket finns ocks\u00e5 tillg\u00e4ngligt f\u00f6r denna medaljstil. F\u00f6r valfri best\u00e4llning kan du v\u00e4lja att f\u00e5 tre medaljer producerade med klassisk guld-, silver- och bronspl\u00e4tering f\u00f6r 1:a, 2:a och 3:e plats, vilket skapar en komplett upps\u00e4ttning utm\u00e4rkelser f\u00f6r din t\u00e4vling.<\/p>\n<p><b>Viktiga funktioner:<\/b><\/p>\n<ul>\n<li><b>Fullf\u00e4rgad kupolfinish:<\/b> Perfekt f\u00f6r komplexa logotyper, fotografiska bilder och f\u00e4rggradienter.<\/li>\n<li><b>Premium zinklegeringsmaterial:<\/b> M\u00f6jligg\u00f6r invecklade anpassade former och utsk\u00e4rningar f\u00f6r medaljbasen.<\/li>\n<li><b>Rept\u00e5lig glansig kupol:<\/b> Skyddar designen och ger ett f\u00f6rstklassigt 3D-utseende.<\/li>\n<li><b>Helt anpassad form:<\/b> Din medalj kan gjutas i valfri form f\u00f6r att representera ditt varum\u00e4rke eller evenemang.<\/li>\n<li><b>Paketet &quot;Vinnande medaljer&quot; finns tillg\u00e4ngligt:<\/b> L\u00e4gg enkelt till 1:a, 2:a och 3:e platsmedaljer i din best\u00e4llning.<\/li>\n<li><b>Gravyr av individuellt namn och nummer:<\/b> Anpassa varje medalj f\u00f6r mottagaren.<\/li>\n<li><b>Anpassningsbara \u00f6glesydda band ing\u00e5r:<\/b> V\u00e4lj dina f\u00e4rger och l\u00e4gg till din logotyp.<\/li>\n<li><b>8 pl\u00e4teringsf\u00e4rger f\u00f6r medaljbas:<\/b> V\u00e4lj den perfekta metalliska finishen som kompletterar din design.<\/li>\n<\/ul>","protected":false},"excerpt":{"rendered":"<p>Ge dina livfulla, f\u00e4rgglada designer liv med v\u00e5ra specialdesignade kupolformade medaljer. De \u00e4r tillverkade av premium zinklegering och har en glansig, skyddande kupol \u00f6ver din tryckta logotyp eller bild.<\/p>","protected":false},"featured_media":6471,"comment_status":"closed","ping_status":"closed","template":"","meta":[],"product_brand":[],"product_cat":[102,45],"product_tag":[],"class_list":{"0":"post-5088","1":"product","2":"type-product","3":"status-publish","4":"has-post-thumbnail","6":"product_cat-medals","7":"product_cat-other","9":"first","10":"instock","11":"shipping-taxable","12":"purchasable","13":"product-type-simple"},"_links":{"self":[{"href":"https:\/\/displayproducts.eu\/sv\/wp-json\/wp\/v2\/product\/5088","targetHints":{"allow":["GET"]}}],"collection":[{"href":"https:\/\/displayproducts.eu\/sv\/wp-json\/wp\/v2\/product"}],"about":[{"href":"https:\/\/displayproducts.eu\/sv\/wp-json\/wp\/v2\/types\/product"}],"replies":[{"embeddable":true,"href":"https:\/\/displayproducts.eu\/sv\/wp-json\/wp\/v2\/comments?post=5088"}],"wp:featuredmedia":[{"embeddable":true,"href":"https:\/\/displayproducts.eu\/sv\/wp-json\/wp\/v2\/media\/6471"}],"wp:attachment":[{"href":"https:\/\/displayproducts.eu\/sv\/wp-json\/wp\/v2\/media?parent=5088"}],"wp:term":[{"taxonomy":"product_brand","embeddable":true,"href":"https:\/\/displayproducts.eu\/sv\/wp-json\/wp\/v2\/product_brand?post=5088"},{"taxonomy":"product_cat","embeddable":true,"href":"https:\/\/displayproducts.eu\/sv\/wp-json\/wp\/v2\/product_cat?post=5088"},{"taxonomy":"product_tag","embeddable":true,"href":"https:\/\/displayproducts.eu\/sv\/wp-json\/wp\/v2\/product_tag?post=5088"}],"curies":[{"name":"wp","href":"https:\/\/api.w.org\/{rel}","templated":true}]}}