{"id":5083,"date":"2025-10-06T21:37:53","date_gmt":"2025-10-06T18:37:53","guid":{"rendered":"https:\/\/wristbandfactory.eu\/?post_type=product&#038;p=5083"},"modified":"2026-04-01T21:52:35","modified_gmt":"2026-04-01T18:52:35","slug":"custom-3d-relief-iron-medals","status":"publish","type":"product","link":"https:\/\/displayproducts.eu\/sv\/p\/custom-3d-relief-iron-medals\/","title":{"rendered":"Anpassade 3D-reliefj\u00e4rnmedaljer"},"content":{"rendered":"<p>F\u00e5 en klassisk, exklusiv look f\u00f6r dina utm\u00e4rkelser utan den h\u00f6ga prislappen. V\u00e5ra specialdesignade 3D-reliefj\u00e4rnmedaljer erbjuder den sofistikerade estetiken hos en oemaljerad, gjuten design i kombination med j\u00e4rnets kostnadseffektiva f\u00f6rdelar, vilket g\u00f6r dem till det perfekta valet f\u00f6r storskaliga evenemang, t\u00e4vlingar och turneringar.<\/p>\n<p><b>Klassisk metal till ett fantastiskt pris<\/b> Denna medaljstil fokuserar p\u00e5 3D-strukturen och detaljerna i sj\u00e4lva metallen, vilket skapar en tidl\u00f6s utm\u00e4rkelse med en taktil, reliefliknande finish. Genom att anv\u00e4nda j\u00e4rn kan vi erbjuda denna eleganta stil till ett \u00f6verkomligt pris. \u00c4ven om j\u00e4rn \u00e4r mer budgetv\u00e4nligt och inte till\u00e5ter utsk\u00e4rningar som zinklegering, ger det fortfarande en h\u00e5llbar, tung k\u00e4nsla och en vacker, detaljerad finish f\u00f6r design upp till 50 mm.<\/p>\n<p><b>Fullst\u00e4ndiga anpassningsalternativ<\/b><\/p>\n<ul>\n<li><b>Medalj:<\/b> Din design kan g\u00f6ras i valfri specialform. V\u00e4lj mellan 8 olika pl\u00e4teringsf\u00e4rger och personifiera varje medalj med individuella namn, nummer eller en graverad logotyp p\u00e5 baksidan.<\/li>\n<li><b>Band:<\/b> Varje medalj inkluderar ett 80 cm l\u00e5ngt polyesterband med V-s\u00f6m. Banden kan tillverkas i upp till 3 valfria f\u00e4rger, och du kan l\u00e4gga till din silkscreen-logotyp p\u00e5 en eller b\u00e5da sidorna.<\/li>\n<\/ul>\n<p>&nbsp;<\/p>\n<p><b>Paketet &quot;Att vinna medaljer&quot;<\/b> V\u00e5rt unika &quot;Vinnande medaljer&quot;-paket finns ocks\u00e5 tillg\u00e4ngligt f\u00f6r denna medaljtyp, vilket g\u00f6r att du kan inkludera ett set medaljer f\u00f6r 1:a, 2:a och 3:e plats i din best\u00e4llning, vilket ger ett betydande merv\u00e4rde f\u00f6r t\u00e4vlingsevenemang.<\/p>\n<p><b>Viktiga funktioner:<\/b><\/p>\n<ul>\n<li><b>Kostnadseffektivt j\u00e4rnmaterial:<\/b> Det perfekta valet f\u00f6r att uppn\u00e5 en klassisk look till en budget.<\/li>\n<li><b>Klassisk 3D-reliefdesign:<\/b> En oemaljerad helmetallfinish f\u00f6r en sofistikerad k\u00e4nsla.<\/li>\n<li><b>Helt anpassad form:<\/b> Din medalj kan tillverkas i valfri form f\u00f6r att representera ditt varum\u00e4rke eller evenemang.<\/li>\n<li><b>Paketet &quot;Vinnande medaljer&quot; finns tillg\u00e4ngligt:<\/b> Inkludera enkelt 1:a, 2:a och 3:e platsmedaljer.<\/li>\n<li><b>Gravyr av individuellt namn och nummer:<\/b> Anpassa varje medalj f\u00f6r mottagaren.<\/li>\n<li><b>Valfri graverad logotyp p\u00e5 baksidan:<\/b> L\u00e4gg till extra varum\u00e4rke p\u00e5 baksidan av medaljen.<\/li>\n<li><b>Anpassningsbara V-sydda band ing\u00e5r:<\/b> V\u00e4lj dina f\u00e4rger och l\u00e4gg till din logotyp.<\/li>\n<li><b>8 olika pl\u00e4teringsf\u00e4rger:<\/b> V\u00e4lj den perfekta metalliska finishen f\u00f6r din design.<\/li>\n<\/ul>","protected":false},"excerpt":{"rendered":"<p>F\u00e5 en tidl\u00f6s, klassisk utm\u00e4rkelse till ett fantastiskt pris med v\u00e5ra 3D-reliefj\u00e4rnmedaljer. Dessa oemaljerade medaljer har en detaljerad metallisk design, perfekt f\u00f6r en exklusiv look till en budget.<\/p>","protected":false},"featured_media":6451,"comment_status":"closed","ping_status":"closed","template":"","meta":[],"product_brand":[],"product_cat":[102],"product_tag":[],"class_list":{"0":"post-5083","1":"product","2":"type-product","3":"status-publish","4":"has-post-thumbnail","6":"product_cat-medals","8":"first","9":"instock","10":"shipping-taxable","11":"purchasable","12":"product-type-simple"},"_links":{"self":[{"href":"https:\/\/displayproducts.eu\/sv\/wp-json\/wp\/v2\/product\/5083","targetHints":{"allow":["GET"]}}],"collection":[{"href":"https:\/\/displayproducts.eu\/sv\/wp-json\/wp\/v2\/product"}],"about":[{"href":"https:\/\/displayproducts.eu\/sv\/wp-json\/wp\/v2\/types\/product"}],"replies":[{"embeddable":true,"href":"https:\/\/displayproducts.eu\/sv\/wp-json\/wp\/v2\/comments?post=5083"}],"wp:featuredmedia":[{"embeddable":true,"href":"https:\/\/displayproducts.eu\/sv\/wp-json\/wp\/v2\/media\/6451"}],"wp:attachment":[{"href":"https:\/\/displayproducts.eu\/sv\/wp-json\/wp\/v2\/media?parent=5083"}],"wp:term":[{"taxonomy":"product_brand","embeddable":true,"href":"https:\/\/displayproducts.eu\/sv\/wp-json\/wp\/v2\/product_brand?post=5083"},{"taxonomy":"product_cat","embeddable":true,"href":"https:\/\/displayproducts.eu\/sv\/wp-json\/wp\/v2\/product_cat?post=5083"},{"taxonomy":"product_tag","embeddable":true,"href":"https:\/\/displayproducts.eu\/sv\/wp-json\/wp\/v2\/product_tag?post=5083"}],"curies":[{"name":"wp","href":"https:\/\/api.w.org\/{rel}","templated":true}]}}