{"id":5080,"date":"2025-10-06T21:31:57","date_gmt":"2025-10-06T18:31:57","guid":{"rendered":"https:\/\/wristbandfactory.eu\/?post_type=product&#038;p=5080"},"modified":"2026-04-01T21:52:35","modified_gmt":"2026-04-01T18:52:35","slug":"custom-3d-relief-zinc-alloy-medals","status":"publish","type":"product","link":"https:\/\/displayproducts.eu\/sv\/p\/custom-3d-relief-zinc-alloy-medals\/","title":{"rendered":"Anpassade 3D-reliefmedaljer i zinklegering"},"content":{"rendered":"<p>Omfamna en tidl\u00f6s och sofistikerad estetik med v\u00e5ra specialdesignade 3D-reliefmedaljer i zinklegering. Perfekta f\u00f6r f\u00f6retagserk\u00e4nnanden, \u00e5rsdagar och prestigefyllda utm\u00e4rkelser. Dessa medaljer \u00e4r utan emalj f\u00f6r att betona de fantastiska detaljerna och texturen hos sj\u00e4lva den gjutna metallen. Resultatet \u00e4r en klassisk utm\u00e4rkelse med en taktil och h\u00f6gkvalitativ k\u00e4nsla.<\/p>\n<p><b>Ren metallisk elegans<\/b> Den oemaljerade reliefdesignen skapar en h\u00f6gkontrastfylld 3D-effekt med upph\u00f6jda och f\u00f6rs\u00e4nkta omr\u00e5den, vilket vackert visar upp din valda pl\u00e4teringsfinish. Vi anv\u00e4nder en premium zinklegering, vilket \u00e4r viktigt f\u00f6r den h\u00e4r stilen eftersom det m\u00f6jligg\u00f6r otroligt fina detaljer och anpassade utsk\u00e4rningar (h\u00e5l) \u2013 perfekt f\u00f6r komplexa logotyper eller invecklade bilder som en ren metallisk finish kommer att framh\u00e4va.<\/p>\n<p><b>Fullst\u00e4ndiga anpassningsalternativ<\/b><\/p>\n<ul>\n<li><b>Medalj:<\/b> Din design kan g\u00f6ras i valfri form upp till 65 mm. V\u00e4lj mellan 8 olika pl\u00e4teringsf\u00e4rger. Du kan valfritt l\u00e4gga till en upph\u00f6jd eller neds\u00e4nkt logotypdesign p\u00e5 baksidan, samt gravera individuella namn och nummer.<\/li>\n<li><b>Band:<\/b> Varje medalj inkluderar ett \u00f6glesydd 80 cm polyesterband. Banden kan tillverkas i upp till 3 valfria f\u00e4rger, och du kan l\u00e4gga till din silkscreen-logotyp p\u00e5 en eller b\u00e5da sidorna.<\/li>\n<\/ul>\n<p>&nbsp;<\/p>\n<p><b>Paketet &quot;Att vinna medaljer&quot;<\/b> Denna klassiska medaljstil finns \u00e4ven tillg\u00e4nglig med v\u00e5rt unika paket &quot;Vinnande medaljer&quot;. F\u00f6r valfri best\u00e4llning kan du v\u00e4lja att f\u00e5 tre medaljer producerade i klassiska guld-, silver- och bronsf\u00e4rger f\u00f6r 1:a, 2:a och 3:e plats, kompletta med unika namn eller nummer.<\/p>\n<p><b>Viktiga funktioner:<\/b><\/p>\n<ul>\n<li><b>Fantastisk 3D-reliefdesign:<\/b> En oemaljerad helmetallfinish f\u00f6r ett klassiskt och elegant utseende.<\/li>\n<li><b>Premium zinklegeringsmaterial:<\/b> M\u00f6jligg\u00f6r invecklade detaljer och anpassade utsk\u00e4rningar.<\/li>\n<li><b>Helt anpassad form:<\/b> Din medalj kan gjutas i valfri form f\u00f6r att representera ditt varum\u00e4rke eller evenemang.<\/li>\n<li><b>Paketet &quot;Vinnande medaljer&quot; finns tillg\u00e4ngligt:<\/b> L\u00e4gg enkelt till 1:a, 2:a och 3:e platsmedaljer i din best\u00e4llning.<\/li>\n<li><b>Gravyr av individuellt namn och nummer:<\/b> Anpassa varje medalj f\u00f6r mottagaren.<\/li>\n<li><b>Anpassningsbara \u00f6glesydda band ing\u00e5r:<\/b> V\u00e4lj dina f\u00e4rger och l\u00e4gg till din logotyp.<\/li>\n<li><b>8 olika pl\u00e4teringsf\u00e4rger:<\/b> V\u00e4lj den perfekta finishen som kompletterar 3D-designen.<\/li>\n<li><b>Perfekt f\u00f6r f\u00f6retags- och prestigefyllda utm\u00e4rkelser:<\/b> Ett sofistikerat val f\u00f6r formellt erk\u00e4nnande.<\/li>\n<\/ul>","protected":false},"excerpt":{"rendered":"<p>F\u00f6r en klassisk och elegant utm\u00e4rkelse, v\u00e4lj v\u00e5ra specialdesignade 3D-reliefmedaljer. Tillverkade av premium zinklegering, visar dessa oemaljerade medaljer upp din design med fantastiska metalliska detaljer.<\/p>","protected":false},"featured_media":6455,"comment_status":"closed","ping_status":"closed","template":"","meta":[],"product_brand":[],"product_cat":[68,102,45],"product_tag":[],"class_list":{"0":"post-5080","1":"product","2":"type-product","3":"status-publish","4":"has-post-thumbnail","6":"product_cat-event-supplies","7":"product_cat-medals","8":"product_cat-other","10":"first","11":"instock","12":"shipping-taxable","13":"purchasable","14":"product-type-simple"},"_links":{"self":[{"href":"https:\/\/displayproducts.eu\/sv\/wp-json\/wp\/v2\/product\/5080","targetHints":{"allow":["GET"]}}],"collection":[{"href":"https:\/\/displayproducts.eu\/sv\/wp-json\/wp\/v2\/product"}],"about":[{"href":"https:\/\/displayproducts.eu\/sv\/wp-json\/wp\/v2\/types\/product"}],"replies":[{"embeddable":true,"href":"https:\/\/displayproducts.eu\/sv\/wp-json\/wp\/v2\/comments?post=5080"}],"wp:featuredmedia":[{"embeddable":true,"href":"https:\/\/displayproducts.eu\/sv\/wp-json\/wp\/v2\/media\/6455"}],"wp:attachment":[{"href":"https:\/\/displayproducts.eu\/sv\/wp-json\/wp\/v2\/media?parent=5080"}],"wp:term":[{"taxonomy":"product_brand","embeddable":true,"href":"https:\/\/displayproducts.eu\/sv\/wp-json\/wp\/v2\/product_brand?post=5080"},{"taxonomy":"product_cat","embeddable":true,"href":"https:\/\/displayproducts.eu\/sv\/wp-json\/wp\/v2\/product_cat?post=5080"},{"taxonomy":"product_tag","embeddable":true,"href":"https:\/\/displayproducts.eu\/sv\/wp-json\/wp\/v2\/product_tag?post=5080"}],"curies":[{"name":"wp","href":"https:\/\/api.w.org\/{rel}","templated":true}]}}