{"id":5078,"date":"2025-10-06T21:26:17","date_gmt":"2025-10-06T18:26:17","guid":{"rendered":"https:\/\/wristbandfactory.eu\/?post_type=product&#038;p=5078"},"modified":"2026-04-01T21:52:35","modified_gmt":"2026-04-01T18:52:35","slug":"custom-iron-medals-with-soft-enamel","status":"publish","type":"product","link":"https:\/\/displayproducts.eu\/sv\/p\/custom-iron-medals-with-soft-enamel\/","title":{"rendered":"Anpassade j\u00e4rnmedaljer med mjuk emalj"},"content":{"rendered":"<p>Skapa vackra, specialdesignade utm\u00e4rkelser f\u00f6r ditt evenemang utan att spr\u00e4cka budgeten. V\u00e5ra specialdesignade j\u00e4rnmedaljer \u00e4r den perfekta kostnadseffektiva l\u00f6sningen f\u00f6r t\u00e4vlingar, turneringar och f\u00f6retagsevenemang med ett stort antal deltagare. De erbjuder utm\u00e4rkt v\u00e4rde samtidigt som de ger utseendet och k\u00e4nslan av en h\u00f6gkvalitativ, specialdesignad utm\u00e4rkelse.<\/p>\n<p><b>Klassisk finish och design<\/b> J\u00e4rn \u00e4r billigare \u00e4n zinklegering, vilket m\u00f6jligg\u00f6r ett mer \u00f6verkomligt pris, s\u00e4rskilt vid stora best\u00e4llningar. Dessa medaljer har en traditionell mjuk emaljfinish, d\u00e4r emaljf\u00e4rgen sitter n\u00e5got f\u00f6rs\u00e4nkt, vilket skapar en behaglig, texturerad k\u00e4nsla. \u00c4ven om j\u00e4rn inte kan anv\u00e4ndas f\u00f6r design med utsk\u00e4rningar eller samma niv\u00e5 av invecklade detaljer som zinklegering, \u00e4r det ett h\u00e5llbart och p\u00e5litligt material f\u00f6r en m\u00e4ngd olika specialformade former upp till 50 mm.<\/p>\n<p><b>Fullst\u00e4ndiga anpassningsalternativ<\/b><\/p>\n<ul>\n<li><b>Medalj:<\/b> Din design kan g\u00f6ras i vilken specialdesignad form som helst. V\u00e4lj mellan 8 olika pl\u00e4teringsf\u00e4rger och personifiera varje medalj med individuella namn och nummer p\u00e5 baksidan.<\/li>\n<li><b>Band:<\/b> Varje medalj inkluderar ett 80 cm l\u00e5ngt polyesterband med V-s\u00f6m. Banden kan tillverkas i upp till 3 valfria f\u00e4rger, och du kan l\u00e4gga till din silkscreen-logotyp p\u00e5 en eller b\u00e5da sidorna.<\/li>\n<\/ul>\n<p>&nbsp;<\/p>\n<p><b>Paketet &quot;Att vinna medaljer&quot;<\/b> \u00c4ven med en begr\u00e4nsad budget kan du fira dina b\u00e4sta vinnare. V\u00e5rt unika paket &quot;Vinnande medaljer&quot; finns tillg\u00e4ngligt f\u00f6r j\u00e4rnmedaljer, vilket g\u00f6r att du kan inkludera ett set medaljer f\u00f6r f\u00f6rsta, andra och tredje plats i din best\u00e4llning, komplett med unika namn eller nummer.<\/p>\n<p><b>Viktiga funktioner:<\/b><\/p>\n<ul>\n<li><b>Kostnadseffektivt j\u00e4rnmaterial:<\/b> Ett utm\u00e4rkt val f\u00f6r evenemang med stort deltagande eller en begr\u00e4nsad budget.<\/li>\n<li><b>Klassisk mjuk emaljfinish:<\/b> Ger din design ett texturerat, dimensionellt utseende.<\/li>\n<li><b>Helt anpassad form:<\/b> Din medalj kan tillverkas i valfri form f\u00f6r att representera ditt varum\u00e4rke eller evenemang.<\/li>\n<li><b>Paketet &quot;Vinnande medaljer&quot; finns tillg\u00e4ngligt:<\/b> L\u00e4gg enkelt till 1:a, 2:a och 3:e platsmedaljer i din best\u00e4llning.<\/li>\n<li><b>Gravyr av individuellt namn och nummer:<\/b> Anpassa varje medalj f\u00f6r mottagaren.<\/li>\n<li><b>Anpassningsbara V-sydda band ing\u00e5r:<\/b> V\u00e4lj dina f\u00e4rger och l\u00e4gg till din logotyp.<\/li>\n<li><b>8 olika pl\u00e4teringsf\u00e4rger:<\/b> V\u00e4lj den perfekta finishen som matchar din design.<\/li>\n<li><b>Idealisk f\u00f6r stora best\u00e4llningar:<\/b> En h\u00f6gkvalitativ utm\u00e4rkelse som erbjuder fantastiskt v\u00e4rde.<\/li>\n<\/ul>","protected":false},"excerpt":{"rendered":"<p>Ett prisv\u00e4rt val f\u00f6r ditt evenemang. V\u00e5ra specialdesignade j\u00e4rnmedaljer har en klassisk mjuk emaljfinish och kan tillverkas i vilken form som helst, vilket ger en h\u00f6gkvalitativ utm\u00e4rkelse till en budget.<\/p>","protected":false},"featured_media":6462,"comment_status":"closed","ping_status":"closed","template":"","meta":[],"product_brand":[],"product_cat":[68,102],"product_tag":[],"class_list":{"0":"post-5078","1":"product","2":"type-product","3":"status-publish","4":"has-post-thumbnail","6":"product_cat-event-supplies","7":"product_cat-medals","9":"first","10":"instock","11":"shipping-taxable","12":"purchasable","13":"product-type-simple"},"_links":{"self":[{"href":"https:\/\/displayproducts.eu\/sv\/wp-json\/wp\/v2\/product\/5078","targetHints":{"allow":["GET"]}}],"collection":[{"href":"https:\/\/displayproducts.eu\/sv\/wp-json\/wp\/v2\/product"}],"about":[{"href":"https:\/\/displayproducts.eu\/sv\/wp-json\/wp\/v2\/types\/product"}],"replies":[{"embeddable":true,"href":"https:\/\/displayproducts.eu\/sv\/wp-json\/wp\/v2\/comments?post=5078"}],"wp:featuredmedia":[{"embeddable":true,"href":"https:\/\/displayproducts.eu\/sv\/wp-json\/wp\/v2\/media\/6462"}],"wp:attachment":[{"href":"https:\/\/displayproducts.eu\/sv\/wp-json\/wp\/v2\/media?parent=5078"}],"wp:term":[{"taxonomy":"product_brand","embeddable":true,"href":"https:\/\/displayproducts.eu\/sv\/wp-json\/wp\/v2\/product_brand?post=5078"},{"taxonomy":"product_cat","embeddable":true,"href":"https:\/\/displayproducts.eu\/sv\/wp-json\/wp\/v2\/product_cat?post=5078"},{"taxonomy":"product_tag","embeddable":true,"href":"https:\/\/displayproducts.eu\/sv\/wp-json\/wp\/v2\/product_tag?post=5078"}],"curies":[{"name":"wp","href":"https:\/\/api.w.org\/{rel}","templated":true}]}}