{"id":5071,"date":"2025-10-06T21:16:24","date_gmt":"2025-10-06T18:16:24","guid":{"rendered":"https:\/\/wristbandfactory.eu\/?post_type=product&#038;p=5071"},"modified":"2026-04-01T21:52:35","modified_gmt":"2026-04-01T18:52:35","slug":"custom-shape-zinc-alloy-medals","status":"publish","type":"product","link":"https:\/\/displayproducts.eu\/sv\/p\/custom-shape-zinc-alloy-medals\/","title":{"rendered":"Anpassade formade zinklegeringsmedaljer"},"content":{"rendered":"<p>Uppm\u00e4rksamma prestationer med en verkligt unik och exklusiv utm\u00e4rkelse. V\u00e5ra specialformade medaljer i zinklegering \u00e4r det perfekta valet f\u00f6r sportevenemang, f\u00f6retagsutm\u00e4rkelser och t\u00e4vlingar, och erbjuder o\u00f6vertr\u00e4ffad designfrihet och en h\u00f6gkvalitativ finish som kommer att uppskattas av mottagarna.<\/p>\n<p><b>\u00d6verl\u00e4gset material och detaljer<\/b> Vi anv\u00e4nder zinklegering, ett material som \u00e4r l\u00e4ttare och mer h\u00e5llbart \u00e4n j\u00e4rn. Viktigast av allt \u00e4r att det m\u00f6jligg\u00f6r gjutning med mycket finare detaljer, vilket g\u00f6r det till det b\u00e4sta valet f\u00f6r design med invecklade detaljer eller utsk\u00e4rningar (h\u00e5l) i medaljens design. Framsidan av varje medalj har en slitstark imitation av h\u00e5rd emalj med en sl\u00e4t, glasliknande finish.<\/p>\n<p><b>Fullst\u00e4ndiga anpassningsalternativ<\/b><\/p>\n<ul>\n<li><b>Medalj:<\/b> Din design kan g\u00f6ras i valfri form upp till 65 mm. V\u00e4lj mellan 8 olika pl\u00e4teringsf\u00e4rger. Du kan valfritt l\u00e4gga till en upph\u00f6jd eller neds\u00e4nkt logotypdesign p\u00e5 baksidan, samt gravera individuella namn och nummer.<\/li>\n<li><b>Band:<\/b> Varje medalj inkluderar ett \u00f6glesydd 80 cm polyesterband. Banden kan tillverkas i upp till 3 valfria f\u00e4rger, och du kan l\u00e4gga till din silkscreen-logotyp p\u00e5 en eller b\u00e5da sidorna.<\/li>\n<\/ul>\n<p>&nbsp;<\/p>\n<p><b>Paketet &quot;Att vinna medaljer&quot;<\/b> Perfekt f\u00f6r t\u00e4vlingar, vi erbjuder ett unikt &quot;Vinnarmedaljpaket&quot;. F\u00f6r alla best\u00e4llningar kan du v\u00e4lja att f\u00e5 tre medaljer producerade i klassiska guld-, silver- och bronspl\u00e4teringstoner f\u00f6r 1:a, 2:a och 3:e plats, kompletta med unika namn eller nummer. Till exempel skulle en best\u00e4llning p\u00e5 100 medaljer inkludera 97 i din huvuddesign och 3 i vinnarens pl\u00e4teringsset.<\/p>\n<p><b>Viktiga funktioner:<\/b><\/p>\n<ul>\n<li><b>Helt anpassad form:<\/b> Din medalj kan gjutas i vilken form som helst, inte bara en vanlig cirkel.<\/li>\n<li><b>Premium zinklegeringsmaterial:<\/b> M\u00f6jligg\u00f6r fina, invecklade detaljer och anpassade utsk\u00e4rningar.<\/li>\n<li><b>Sl\u00e4t h\u00e5rd emaljfinish:<\/b> Ger en h\u00f6gkvalitativ, glasliknande yta.<\/li>\n<li><b>Paketet &quot;Vinnande medaljer&quot; finns tillg\u00e4ngligt:<\/b> L\u00e4gg enkelt till 1:a, 2:a och 3:e platsmedaljer i din best\u00e4llning.<\/li>\n<li><b>Gravyr av individuellt namn och nummer:<\/b> Anpassa varje medalj f\u00f6r mottagaren.<\/li>\n<li><b>Anpassningsbara band ing\u00e5r:<\/b> V\u00e4lj dina f\u00e4rger och l\u00e4gg till din logotyp p\u00e5 80 cm-banden.<\/li>\n<li><b>8 olika pl\u00e4teringsf\u00e4rger:<\/b> V\u00e4lj den perfekta finishen som matchar din design.<\/li>\n<li><b>Valfri logotypdesign p\u00e5 baksidan:<\/b> L\u00e4gg till extra varum\u00e4rke med en upph\u00f6jd eller neds\u00e4nkt logotyp.<\/li>\n<\/ul>","protected":false},"excerpt":{"rendered":"<p>Skapa fantastiska, helt specialdesignade utm\u00e4rkelser med v\u00e5ra medaljer i zinklegering. Med en sl\u00e4t h\u00e5rd emaljfinish och invecklade detaljer kan de tillverkas i vilken form som helst f\u00f6r att representera ditt evenemang.<\/p>","protected":false},"featured_media":6483,"comment_status":"closed","ping_status":"closed","template":"","meta":[],"product_brand":[],"product_cat":[68,102],"product_tag":[],"class_list":{"0":"post-5071","1":"product","2":"type-product","3":"status-publish","4":"has-post-thumbnail","6":"product_cat-event-supplies","7":"product_cat-medals","9":"first","10":"instock","11":"shipping-taxable","12":"purchasable","13":"product-type-simple"},"_links":{"self":[{"href":"https:\/\/displayproducts.eu\/sv\/wp-json\/wp\/v2\/product\/5071","targetHints":{"allow":["GET"]}}],"collection":[{"href":"https:\/\/displayproducts.eu\/sv\/wp-json\/wp\/v2\/product"}],"about":[{"href":"https:\/\/displayproducts.eu\/sv\/wp-json\/wp\/v2\/types\/product"}],"replies":[{"embeddable":true,"href":"https:\/\/displayproducts.eu\/sv\/wp-json\/wp\/v2\/comments?post=5071"}],"wp:featuredmedia":[{"embeddable":true,"href":"https:\/\/displayproducts.eu\/sv\/wp-json\/wp\/v2\/media\/6483"}],"wp:attachment":[{"href":"https:\/\/displayproducts.eu\/sv\/wp-json\/wp\/v2\/media?parent=5071"}],"wp:term":[{"taxonomy":"product_brand","embeddable":true,"href":"https:\/\/displayproducts.eu\/sv\/wp-json\/wp\/v2\/product_brand?post=5071"},{"taxonomy":"product_cat","embeddable":true,"href":"https:\/\/displayproducts.eu\/sv\/wp-json\/wp\/v2\/product_cat?post=5071"},{"taxonomy":"product_tag","embeddable":true,"href":"https:\/\/displayproducts.eu\/sv\/wp-json\/wp\/v2\/product_tag?post=5071"}],"curies":[{"name":"wp","href":"https:\/\/api.w.org\/{rel}","templated":true}]}}