{"id":5067,"date":"2025-10-06T16:53:44","date_gmt":"2025-10-06T13:53:44","guid":{"rendered":"https:\/\/wristbandfactory.eu\/?post_type=product&#038;p=5067"},"modified":"2026-04-01T21:52:04","modified_gmt":"2026-04-01T18:52:04","slug":"sound-activated-led-glow-glasses","status":"publish","type":"product","link":"https:\/\/displayproducts.eu\/sv\/p\/sound-activated-led-glow-glasses\/","title":{"rendered":"Ljudaktiverade och LED-gl\u00f6dande glas\u00f6gon"},"content":{"rendered":"<p>Bli festens mittpunkt med v\u00e5ra elektrifierande LED-gl\u00f6dglas\u00f6gon. Perfekta som merchandise, f\u00f6r reklamevenemang eller bara f\u00f6r skojs skull, dessa glas\u00f6gon \u00e4r ett garanterat s\u00e4tt att g\u00f6ra ett minnesv\u00e4rt intryck. De har en ljus, gl\u00f6dande EL-tr\u00e5dram i en klassisk och bekv\u00e4m plastdesign i wayfarer-stil. Linserna \u00e4r otryckta, vilket garanterar tydlig syn medan du lyser upp natten.<\/p>\n<p>F\u00f6r B2B-kunder \u00e4r dessa glas\u00f6gon ett fantastiskt varum\u00e4rkesverktyg. B\u00e5gen och EL-tr\u00e5dens f\u00e4rg kan anpassas f\u00f6r att matcha ditt f\u00f6retags identitet eller evenemangstema. Vi erbjuder tv\u00e5 funktionella versioner som passar alla tillf\u00e4llen.<\/p>\n<p><b>V\u00e4lj din funktion:<\/b><\/p>\n<ol start=\"1\">\n<li><b>Knappstyrd:<\/b> Den h\u00e4r versionen erbjuder manuell kontroll \u00f6ver ljusl\u00e4gena, vanligtvis inklusive fast sken, l\u00e5ngsam blixt och snabb blixt, vilket g\u00f6r att anv\u00e4ndaren kan v\u00e4lja sin f\u00f6redragna stil.<\/li>\n<li><b>Ljudaktiverat:<\/b> Det ultimata partyl\u00e4get. Den h\u00e4r versionen har en inbyggd sensor som g\u00f6r att lamporna pulserar och blinkar synkroniserat med musikens rytm, vilket skapar en dynamisk och interaktiv upplevelse.<\/li>\n<\/ol>\n<p>Drivs av ett diskret batteripaket som anv\u00e4nder tv\u00e5 AAA-batterier, \u00e4r dessa glas\u00f6gon byggda f\u00f6r att h\u00e5lla l\u00e4nge. Vi st\u00e5r bakom deras kvalitet med en <b>2 \u00e5rs garanti<\/b> och full <b>CE- och ROHS-certifiering<\/b>vilket g\u00f6r dem till ett p\u00e5litligt val f\u00f6r den europeiska marknaden.<\/p>\n<p><b>Viktiga funktioner:<\/b><\/p>\n<ul>\n<li><b>Tv\u00e5 versioner tillg\u00e4ngliga:<\/b> V\u00e4lj mellan manuella knappstyrda eller interaktiva ljudaktiverade modeller.<\/li>\n<li><b>10 livfulla gl\u00f6df\u00e4rger:<\/b> V\u00e4lj fr\u00e5n ett brett utbud av f\u00e4rger f\u00f6r EL-kabeln.<\/li>\n<li><b>Anpassningsbara ramf\u00e4rger:<\/b> Matcha b\u00e5garna med ditt varum\u00e4rke eller evenemangstema.<\/li>\n<li><b>CE- och ROHS-certifierad:<\/b> En kvalitetsprodukt som uppfyller kraven f\u00f6r den europeiska marknaden.<\/li>\n<li><b>2 \u00e5rs garanti:<\/b> Vi st\u00e5r bakom v\u00e5ra produkters h\u00e5llbarhet och prestanda.<\/li>\n<li><b>Drivs av 2xAAA-batterier:<\/b> En vanlig och l\u00e4ttutbytbar str\u00f6mk\u00e4lla.<\/li>\n<li><b>Klassisk Wayfarer-stil:<\/b> En universellt popul\u00e4r och bekv\u00e4m design.<\/li>\n<\/ul>","protected":false},"excerpt":{"rendered":"<p>Stick ut p\u00e5 alla evenemang med v\u00e5ra specialdesignade lysande glas\u00f6gon. Finns i 10 livfulla f\u00e4rger och tv\u00e5 versioner: manuell kontroll eller ljudaktiverad f\u00f6r att pulsera med musiken. CE-certifierad.<\/p>","protected":false},"featured_media":6638,"comment_status":"closed","ping_status":"closed","template":"","meta":[],"product_brand":[],"product_cat":[68,76,45],"product_tag":[],"class_list":{"0":"post-5067","1":"product","2":"type-product","3":"status-publish","4":"has-post-thumbnail","6":"product_cat-event-supplies","7":"product_cat-glow-led-products","8":"product_cat-other","10":"first","11":"instock","12":"shipping-taxable","13":"purchasable","14":"product-type-simple"},"_links":{"self":[{"href":"https:\/\/displayproducts.eu\/sv\/wp-json\/wp\/v2\/product\/5067","targetHints":{"allow":["GET"]}}],"collection":[{"href":"https:\/\/displayproducts.eu\/sv\/wp-json\/wp\/v2\/product"}],"about":[{"href":"https:\/\/displayproducts.eu\/sv\/wp-json\/wp\/v2\/types\/product"}],"replies":[{"embeddable":true,"href":"https:\/\/displayproducts.eu\/sv\/wp-json\/wp\/v2\/comments?post=5067"}],"wp:featuredmedia":[{"embeddable":true,"href":"https:\/\/displayproducts.eu\/sv\/wp-json\/wp\/v2\/media\/6638"}],"wp:attachment":[{"href":"https:\/\/displayproducts.eu\/sv\/wp-json\/wp\/v2\/media?parent=5067"}],"wp:term":[{"taxonomy":"product_brand","embeddable":true,"href":"https:\/\/displayproducts.eu\/sv\/wp-json\/wp\/v2\/product_brand?post=5067"},{"taxonomy":"product_cat","embeddable":true,"href":"https:\/\/displayproducts.eu\/sv\/wp-json\/wp\/v2\/product_cat?post=5067"},{"taxonomy":"product_tag","embeddable":true,"href":"https:\/\/displayproducts.eu\/sv\/wp-json\/wp\/v2\/product_tag?post=5067"}],"curies":[{"name":"wp","href":"https:\/\/api.w.org\/{rel}","templated":true}]}}