{"id":5063,"date":"2025-10-06T16:48:59","date_gmt":"2025-10-06T13:48:59","guid":{"rendered":"https:\/\/wristbandfactory.eu\/?post_type=product&#038;p=5063"},"modified":"2026-04-01T21:52:04","modified_gmt":"2026-04-01T18:52:04","slug":"remote-controlled-led-glow-wands","status":"publish","type":"product","link":"https:\/\/displayproducts.eu\/sv\/p\/remote-controlled-led-glow-wands\/","title":{"rendered":"Fj\u00e4rrstyrda LED-gl\u00f6dstavar"},"content":{"rendered":"<p>Ge publiken energi och skapa ett fantastiskt visuellt landskap med v\u00e5ra anpassningsbara LED-gl\u00f6dstavar. Dessa 30 cm stora stavar \u00e4r ett oumb\u00e4rligt f\u00f6rem\u00e5l f\u00f6r konserter, festivaler och sportevenemang och \u00e4r utformade f\u00f6r att ge publiken en effekt. Med ett bekv\u00e4mt, ergonomiskt ABS-handtag och en ljusstark stav upplyst av fyra kraftfulla lysdioder \u00e4r de en betydande uppgradering fr\u00e5n vanliga eng\u00e5ngsskumstavar.<\/p>\n<p>Handtaget kan anpassas med ditt varum\u00e4rkes f\u00e4rg och logotyp, vilket f\u00f6rvandlar varje trollstav till ett kraftfullt marknadsf\u00f6ringsverktyg. Vi erbjuder tv\u00e5 funktionella versioner f\u00f6r att perfekt matcha ditt evenemangs behov.<\/p>\n<p><b>V\u00e4lj din version:<\/b><\/p>\n<ol start=\"1\">\n<li><b>Knappbrytarversion:<\/b> Det klassiska valet f\u00f6r enkel anv\u00e4ndning. Anv\u00e4ndare kan v\u00e4xla mellan 15 livfulla f\u00e4rger och olika l\u00e4gen med en enkel knapp p\u00e5 handtaget.<\/li>\n<li><b>Fj\u00e4rrkontrollversion:<\/b> F\u00f6rvandla ditt evenemang till en interaktiv ljusshow. Den h\u00e4r versionen \u00e4r kompatibel med v\u00e5r <b><a class=\"ng-star-inserted\" href=\"https:\/\/displayproducts.eu\/sv\/p\/remote-dmx-controllers-for-led-wristbands\/\" target=\"_blank\" rel=\"noopener\" data-hveid=\"0\" data-ved=\"0CAAQ_4QMahgKEwih_pyAto-QAxUAAAAAHQAAAAAQ7Rg\">Fj\u00e4rrkontroller och DMX-kontroller<\/a><\/b>, s\u00e5 att du kan synkronisera varje trollstav i publiken f\u00f6r en verkligt of\u00f6rgl\u00f6mlig, koordinerad f\u00f6rest\u00e4llning.<\/li>\n<\/ol>\n<p>B\u00e4st av allt \u00e4r att batterier ing\u00e5r i varje trollstav, vilket s\u00e4kerst\u00e4ller att de \u00e4r redo att anv\u00e4ndas direkt ur l\u00e5dan.<\/p>\n<p><b>Viktiga funktioner:<\/b><\/p>\n<ul>\n<li><b>Ergonomiskt \u00e5teranv\u00e4ndbart handtag:<\/b> Ger ett bekv\u00e4mt och h\u00e5llbart grepp.<\/li>\n<li><b>Ljusstark 30 cm gl\u00f6dstav:<\/b> Belyst av 4 interna lysdioder f\u00f6r utm\u00e4rkt synlighet.<\/li>\n<li><b>Tv\u00e5 versioner tillg\u00e4ngliga:<\/b> V\u00e4lj mellan en manuell knappbrytare eller en modell med fullst\u00e4ndig fj\u00e4rrkontroll.<\/li>\n<li><b>15 livfulla f\u00e4rgalternativ:<\/b> Ett brett spektrum av f\u00e4rger f\u00f6r att ge energi \u00e5t alla evenemang.<\/li>\n<li><b>Batterier ing\u00e5r:<\/b> Klar f\u00f6r omedelbar anv\u00e4ndning, problemfritt f\u00f6r evenemangsarrang\u00f6rer.<\/li>\n<li><b>Anpassningsbart handtag f\u00f6r varum\u00e4rkesbyggande:<\/b> L\u00e4gg till din logotyp eller anpassade f\u00e4rg f\u00f6r varum\u00e4rkesreklam.<\/li>\n<\/ul>","protected":false},"excerpt":{"rendered":"<p>Lys upp din konsert eller fest med v\u00e5ra f\u00f6rstklassiga LED-ljusstavar. De har ett bekv\u00e4mt handtag och starka lampor och finns i en manuell eller fj\u00e4rrstyrd interaktiv modell.<\/p>","protected":false},"featured_media":6596,"comment_status":"closed","ping_status":"closed","template":"","meta":[],"product_brand":[],"product_cat":[68,76,45],"product_tag":[],"class_list":{"0":"post-5063","1":"product","2":"type-product","3":"status-publish","4":"has-post-thumbnail","6":"product_cat-event-supplies","7":"product_cat-glow-led-products","8":"product_cat-other","10":"first","11":"instock","12":"shipping-taxable","13":"product-type-simple"},"_links":{"self":[{"href":"https:\/\/displayproducts.eu\/sv\/wp-json\/wp\/v2\/product\/5063","targetHints":{"allow":["GET"]}}],"collection":[{"href":"https:\/\/displayproducts.eu\/sv\/wp-json\/wp\/v2\/product"}],"about":[{"href":"https:\/\/displayproducts.eu\/sv\/wp-json\/wp\/v2\/types\/product"}],"replies":[{"embeddable":true,"href":"https:\/\/displayproducts.eu\/sv\/wp-json\/wp\/v2\/comments?post=5063"}],"wp:featuredmedia":[{"embeddable":true,"href":"https:\/\/displayproducts.eu\/sv\/wp-json\/wp\/v2\/media\/6596"}],"wp:attachment":[{"href":"https:\/\/displayproducts.eu\/sv\/wp-json\/wp\/v2\/media?parent=5063"}],"wp:term":[{"taxonomy":"product_brand","embeddable":true,"href":"https:\/\/displayproducts.eu\/sv\/wp-json\/wp\/v2\/product_brand?post=5063"},{"taxonomy":"product_cat","embeddable":true,"href":"https:\/\/displayproducts.eu\/sv\/wp-json\/wp\/v2\/product_cat?post=5063"},{"taxonomy":"product_tag","embeddable":true,"href":"https:\/\/displayproducts.eu\/sv\/wp-json\/wp\/v2\/product_tag?post=5063"}],"curies":[{"name":"wp","href":"https:\/\/api.w.org\/{rel}","templated":true}]}}