{"id":5058,"date":"2025-10-06T16:43:30","date_gmt":"2025-10-06T13:43:30","guid":{"rendered":"https:\/\/wristbandfactory.eu\/?post_type=product&#038;p=5058"},"modified":"2026-04-01T21:52:35","modified_gmt":"2026-04-01T18:52:35","slug":"custom-shaped-led-light-sticks","status":"publish","type":"product","link":"https:\/\/displayproducts.eu\/sv\/p\/custom-shaped-led-light-sticks\/","title":{"rendered":"Anpassade LED-ljusstavar"},"content":{"rendered":"<p data-path-to-node=\"7\">Skapa ett uppslukande &quot;hav av ljus&quot; och den ultimata fanupplevelsen med v\u00e5ra helt anpassningsbara LED-konsertljuspinnar. Detta \u00e4r premiumverktyget f\u00f6r artister, musiker och f\u00f6retagsevenemang som s\u00f6ker slagkraftiga samlarobjekt som kopplar publiken direkt till varum\u00e4rket.<\/p>\n<p data-path-to-node=\"8\">Den verkliga kraften hos denna produkt ligger i dess o\u00f6vertr\u00e4ffade anpassningsm\u00f6jligheter. Den stora akrylgloben kan anpassas efter just din organisations behov:<\/p>\n<ul data-path-to-node=\"9\">\n<li>\n<p data-path-to-node=\"9,0,0\"><b>Anpassade 3D-figurer:<\/b> Placera en specialgjuten 3D-figur inuti jordgloben f\u00f6r ett verkligt unikt och v\u00e4rdefullt samlarobjekt.<\/p>\n<\/li>\n<li>\n<p data-path-to-node=\"9,1,0\"><b>Laseretsade insatser:<\/b> Gravera din logotyp, evenemangssymbol eller text f\u00f6r ett snyggt och elegant utseende.<\/p>\n<\/li>\n<li>\n<p data-path-to-node=\"9,2,0\"><b>Fullf\u00e4rgstryckta bilagor:<\/b> Visa upp detaljerade varum\u00e4rkesbilder eller designer i fullf\u00e4rg.<\/p>\n<\/li>\n<\/ul>\n<p data-path-to-node=\"10\">F\u00f6r att komplettera varum\u00e4rkesprofileringen kan handtaget tillverkas i din anpassade f\u00f6retagsf\u00e4rg och tryckas med din logotyp.<\/p>\n<p data-path-to-node=\"11\">V\u00e4lj den teknikversion som b\u00e4st passar ditt evenemangs budget och tekniska behov:<\/p>\n<ol start=\"1\" data-path-to-node=\"12\">\n<li>\n<p data-path-to-node=\"12,0,0\"><b>Manuell (enf\u00e4rgad):<\/b> Idealisk f\u00f6r stark, enhetlig varum\u00e4rkesf\u00e4rg.<\/p>\n<\/li>\n<li>\n<p data-path-to-node=\"12,1,0\"><b>Manuell (15 f\u00e4rger):<\/b> Ett m\u00e5ngsidigt alternativ som l\u00e5ter anv\u00e4ndare v\u00e4xla mellan 15 olika f\u00e4rger.<\/p>\n<\/li>\n<li>\n<p data-path-to-node=\"12,2,0\"><b>DMX-fj\u00e4rrkontroll:<\/b> Den ultimata interaktiva upplevelsen. Den h\u00e4r versionen \u00e4r kompatibel med v\u00e5ra fj\u00e4rrkontroller och DMX-kontroller, vilket g\u00f6r att ditt team kan synkronisera varje ljuspinne i lokalen f\u00f6r att skapa fantastiska, koordinerade ljusshower tajmade till musik.<\/p>\n<\/li>\n<\/ol>\n<p data-path-to-node=\"13\">Varje ljuspinne \u00e4r tillverkad av slitstark ABS och akryl och drivs av tre AAA-batterier (ing\u00e5r ej).<\/p>\n<p data-path-to-node=\"14\"><b>Viktiga funktioner:<\/b><\/p>\n<ul data-path-to-node=\"15\">\n<li>\n<p data-path-to-node=\"15,0,0\"><b>Helt anpassningsbar jordglob:<\/b> Alternativ f\u00f6r anpassade 3D-figurer, laseretsning eller tryckta insatser i fullf\u00e4rg.<\/p>\n<\/li>\n<li>\n<p data-path-to-node=\"15,1,0\"><b>Handtag med specialdesign:<\/b> Kan specialf\u00e4rgas och tryckas med logotyp.<\/p>\n<\/li>\n<li>\n<p data-path-to-node=\"15,2,0\"><b>DMX-fj\u00e4rrkontrollalternativ:<\/b> M\u00f6jligg\u00f6r helt synkroniserade ljusshower f\u00f6r hela lokalen.<\/p>\n<\/li>\n<li>\n<p data-path-to-node=\"15,3,0\"><b>Manuella tekniska alternativ:<\/b> Finns \u00e4ven i budgetv\u00e4nliga otryckta eller manuella versioner med 15 f\u00e4rger.<\/p>\n<\/li>\n<li>\n<p data-path-to-node=\"15,4,0\"><b>H\u00e5llbara material:<\/b> Tillverkad av evenemangsklar, stark ABS och akryl.<\/p>\n<\/li>\n<li>\n<p data-path-to-node=\"15,5,0\"><b>Varor med h\u00f6g effekt:<\/b> Det perfekta samlarobjektet f\u00f6r konserter, fanturn\u00e9er och f\u00f6retagsevenemang.<\/p>\n<\/li>\n<\/ul>","protected":false},"excerpt":{"rendered":"<ul data-path-to-node=\"6\">\n<li>\n<p data-path-to-node=\"6,0,0\">Helt anpassningsbar akrylglob: Placera en 3D-figur inuti, laseretsa en logotyp eller anv\u00e4nd en insats i fullf\u00e4rg.<\/p>\n<\/li>\n<li>\n<p data-path-to-node=\"6,1,0\">Handtag i specialf\u00e4rg med er logotyp finns tillg\u00e4ngligt.<\/p>\n<\/li>\n<li>\n<p data-path-to-node=\"6,2,0\">V\u00e4lj din teknik: Enf\u00e4rgad, manuell ljusshow med 15 f\u00e4rger eller DMX-fj\u00e4rrstyrda versioner f\u00f6r synkroniserade ljusshower.<\/p>\n<\/li>\n<li>\n<p data-path-to-node=\"6,3,0\">Den ultimata merchandisen med h\u00f6g effekt f\u00f6r konserter, fantr\u00e4ffar och varum\u00e4rkesevenemang.<\/p>\n<\/li>\n<\/ul>","protected":false},"featured_media":5057,"comment_status":"closed","ping_status":"closed","template":"","meta":[],"product_brand":[],"product_cat":[76,45],"product_tag":[],"class_list":{"0":"post-5058","1":"product","2":"type-product","3":"status-publish","4":"has-post-thumbnail","6":"product_cat-glow-led-products","7":"product_cat-other","9":"first","10":"instock","11":"shipping-taxable","12":"product-type-simple"},"_links":{"self":[{"href":"https:\/\/displayproducts.eu\/sv\/wp-json\/wp\/v2\/product\/5058","targetHints":{"allow":["GET"]}}],"collection":[{"href":"https:\/\/displayproducts.eu\/sv\/wp-json\/wp\/v2\/product"}],"about":[{"href":"https:\/\/displayproducts.eu\/sv\/wp-json\/wp\/v2\/types\/product"}],"replies":[{"embeddable":true,"href":"https:\/\/displayproducts.eu\/sv\/wp-json\/wp\/v2\/comments?post=5058"}],"wp:featuredmedia":[{"embeddable":true,"href":"https:\/\/displayproducts.eu\/sv\/wp-json\/wp\/v2\/media\/5057"}],"wp:attachment":[{"href":"https:\/\/displayproducts.eu\/sv\/wp-json\/wp\/v2\/media?parent=5058"}],"wp:term":[{"taxonomy":"product_brand","embeddable":true,"href":"https:\/\/displayproducts.eu\/sv\/wp-json\/wp\/v2\/product_brand?post=5058"},{"taxonomy":"product_cat","embeddable":true,"href":"https:\/\/displayproducts.eu\/sv\/wp-json\/wp\/v2\/product_cat?post=5058"},{"taxonomy":"product_tag","embeddable":true,"href":"https:\/\/displayproducts.eu\/sv\/wp-json\/wp\/v2\/product_tag?post=5058"}],"curies":[{"name":"wp","href":"https:\/\/api.w.org\/{rel}","templated":true}]}}