{"id":5052,"date":"2025-10-06T16:33:54","date_gmt":"2025-10-06T13:33:54","guid":{"rendered":"https:\/\/wristbandfactory.eu\/?post_type=product&#038;p=5052"},"modified":"2026-04-01T21:52:35","modified_gmt":"2026-04-01T18:52:35","slug":"remote-dmx-controllers-for-led-wristbands","status":"publish","type":"product","link":"https:\/\/displayproducts.eu\/sv\/p\/remote-dmx-controllers-for-led-wristbands\/","title":{"rendered":"Fj\u00e4rrkontroller och DMX-styrenheter f\u00f6r LED-armband"},"content":{"rendered":"<p>F\u00f6r att uppn\u00e5 full synkronisering och skapa uppslukande ljusshower med v\u00e5ra fj\u00e4rrstyrda armband \u00e4r en central styrenhet ett viktigt tillbeh\u00f6r. V\u00e5ra styrenheter ger dig absolut kontroll \u00f6ver lokalens atmosf\u00e4r, vilket g\u00f6r att en enda operat\u00f6r kan utl\u00f6sa livfulla f\u00e4rgskiftningar och dynamiska blinkande sekvenser \u00f6ver hela publiken. Oavsett om du \u00e4r v\u00e4rd f\u00f6r en f\u00f6retagsgala eller en stadionturn\u00e9 i v\u00e4rldsklass, s\u00e4kerst\u00e4ller dessa enheter att varje armband \u00e4r perfekt synkroniserat.<\/p>\n<h2 data-path-to-node=\"12\">Den &quot;stora&quot; DMX-kontrollen (professionell hubb)<\/h2>\n<p data-path-to-node=\"13\">Detta \u00e4r v\u00e5r kraftfullaste styrenhet, designad f\u00f6r professionella ljustekniker och storskaliga produktioner. Den har full DMX512-kompatibilitet, vilket g\u00f6r att du kan integrera armbanden direkt i din lokalens befintliga ljuskonsol.<\/p>\n<ul data-path-to-node=\"14\">\n<li>\n<p data-path-to-node=\"14,0,0\"><b data-path-to-node=\"14,0,0\" data-index-in-node=\"0\">R\u00e4ckvidd:<\/b> Upp till 500 meter i \u00f6ppna ytor.<\/p>\n<\/li>\n<li>\n<p data-path-to-node=\"14,1,0\"><b data-path-to-node=\"14,1,0\" data-index-in-node=\"0\">Kapacitet:<\/b> Styr upp till 5000+ armband samtidigt.<\/p>\n<\/li>\n<li>\n<p data-path-to-node=\"14,2,0\"><b data-path-to-node=\"14,2,0\" data-index-in-node=\"0\">Driva:<\/b> Extern str\u00f6mf\u00f6rs\u00f6rjning f\u00f6r kontinuerlig drift.<\/p>\n<\/li>\n<\/ul>\n<h2 data-path-to-node=\"15\">Den &quot;lilla&quot; handh\u00e5llna kontrollen (b\u00e4rbar och enkel)<\/h2>\n<p data-path-to-node=\"16\">Small Controller \u00e4r idealisk f\u00f6r mindre evenemang, fester och produktlanseringar och erbjuder ett enkelt, intuitivt gr\u00e4nssnitt f\u00f6r manuell styrning. Den \u00e4r batteridriven och b\u00e4rbar, vilket ger operat\u00f6ren friheten att r\u00f6ra sig runt i lokalen samtidigt som den hanterar ljusshowen.<\/p>\n<ul data-path-to-node=\"17\">\n<li>\n<p data-path-to-node=\"17,0,0\"><b data-path-to-node=\"17,0,0\" data-index-in-node=\"0\">R\u00e4ckvidd:<\/b> P\u00e5litlig signal upp till 200-300 meter.<\/p>\n<\/li>\n<li>\n<p data-path-to-node=\"17,1,0\"><b data-path-to-node=\"17,1,0\" data-index-in-node=\"0\">Funktioner:<\/b> L\u00e4ttanv\u00e4nda knappar f\u00f6r 15 f\u00e4rgf\u00f6rinst\u00e4llningar och 8 blinkande l\u00e4gen.<\/p>\n<\/li>\n<li>\n<p data-path-to-node=\"17,2,0\"><b data-path-to-node=\"17,2,0\" data-index-in-node=\"0\">B\u00e4rbarhet:<\/b> L\u00e4tt design med l\u00e5ng batteritid.<\/p>\n<\/li>\n<\/ul>\n<h2 data-path-to-node=\"18\">Viktiga funktioner och anslutningsm\u00f6jligheter<\/h2>\n<ul data-path-to-node=\"19\">\n<li>\n<p data-path-to-node=\"19,0,0\"><b data-path-to-node=\"19,0,0\" data-index-in-node=\"0\">RF-teknik:<\/b> Anv\u00e4nder en h\u00f6gstabilitetsfrekvens p\u00e5 433 MHz f\u00f6r att s\u00e4kerst\u00e4lla signalpenetration \u00e4ven genom t\u00e4ta folkmassor.<\/p>\n<\/li>\n<li>\n<p data-path-to-node=\"19,1,0\"><b data-path-to-node=\"19,1,0\" data-index-in-node=\"0\">DMX512-integration:<\/b> Synkroniserar s\u00f6ml\u00f6st med professionella ljusbord f\u00f6r f\u00f6rprogrammerade showsekvenser.<\/p>\n<\/li>\n<li>\n<p data-path-to-node=\"19,2,0\"><b data-path-to-node=\"19,2,0\" data-index-in-node=\"0\">Omedelbart svar:<\/b> Noll-latens signal\u00f6verf\u00f6ring f\u00f6r perfekt timing med musik och visuella signaler.<\/p>\n<\/li>\n<\/ul>\n<h2 data-path-to-node=\"20\">Specifikationer<\/h2>\n<ul data-path-to-node=\"21\">\n<li>\n<p data-path-to-node=\"21,0,0\"><b data-path-to-node=\"21,0,0\" data-index-in-node=\"0\">Frekvenser:<\/b> 433,92 MHz.<\/p>\n<\/li>\n<li>\n<p data-path-to-node=\"21,1,0\"><b data-path-to-node=\"21,1,0\" data-index-in-node=\"0\">Arbetssp\u00e4nning:<\/b> DC 5V (liten) \/ DC 12V (stor).<\/p>\n<\/li>\n<li>\n<p data-path-to-node=\"21,2,0\"><b data-path-to-node=\"21,2,0\" data-index-in-node=\"0\">Kanaler:<\/b> St\u00f6der flera zoner och gruppspecifik styrning.<\/p>\n<\/li>\n<li>\n<p data-path-to-node=\"21,3,0\"><b data-path-to-node=\"21,3,0\" data-index-in-node=\"0\">M\u00e5tt:<\/b> B\u00e4rbar, handh\u00e5llen eller professionell enhet f\u00f6r rackmontering.<\/p>\n<\/li>\n<\/ul>\n<p data-path-to-node=\"22\">","protected":false},"excerpt":{"rendered":"<ul>\n<li>\n<p data-path-to-node=\"10,0,0\"><b data-path-to-node=\"10,0,0\" data-index-in-node=\"0\">Universellt kommando:<\/b> Styr tusentals LED-armband samtidigt inom en r\u00e4ckvidd p\u00e5 upp till 500 meter.<\/p>\n<\/li>\n<li>\n<p data-path-to-node=\"10,1,0\"><b data-path-to-node=\"10,1,0\" data-index-in-node=\"0\">Dubbel teknik:<\/b> St\u00f6der b\u00e5de manuell RF-fj\u00e4rrkontroll (radiofrekvens) och professionell DMX512-integration.<\/p>\n<\/li>\n<li>\n<p data-path-to-node=\"10,2,0\"><b data-path-to-node=\"10,2,0\" data-index-in-node=\"0\">Skalbara l\u00f6sningar:<\/b> V\u00e4lj mellan den b\u00e4rbara lilla kontrollenheten f\u00f6r intima lokaler eller den stora kontrollenheten f\u00f6r evenemang i stadionstorlek.<\/p>\n<\/li>\n<li>\n<p data-path-to-node=\"10,3,0\"><b data-path-to-node=\"10,3,0\" data-index-in-node=\"0\">Realtidseffekter:<\/b> V\u00e4xla direkt mellan 15+ f\u00e4rger och olika blinkande m\u00f6nster f\u00f6r att matcha evenemangets rytm.<\/p>\n<\/li>\n<\/ul>","protected":false},"featured_media":5980,"comment_status":"closed","ping_status":"closed","template":"","meta":[],"product_brand":[],"product_cat":[80],"product_tag":[],"class_list":{"0":"post-5052","1":"product","2":"type-product","3":"status-publish","4":"has-post-thumbnail","6":"product_cat-led-wristbands","8":"first","9":"instock","10":"shipping-taxable","11":"purchasable","12":"product-type-simple"},"_links":{"self":[{"href":"https:\/\/displayproducts.eu\/sv\/wp-json\/wp\/v2\/product\/5052","targetHints":{"allow":["GET"]}}],"collection":[{"href":"https:\/\/displayproducts.eu\/sv\/wp-json\/wp\/v2\/product"}],"about":[{"href":"https:\/\/displayproducts.eu\/sv\/wp-json\/wp\/v2\/types\/product"}],"replies":[{"embeddable":true,"href":"https:\/\/displayproducts.eu\/sv\/wp-json\/wp\/v2\/comments?post=5052"}],"wp:featuredmedia":[{"embeddable":true,"href":"https:\/\/displayproducts.eu\/sv\/wp-json\/wp\/v2\/media\/5980"}],"wp:attachment":[{"href":"https:\/\/displayproducts.eu\/sv\/wp-json\/wp\/v2\/media?parent=5052"}],"wp:term":[{"taxonomy":"product_brand","embeddable":true,"href":"https:\/\/displayproducts.eu\/sv\/wp-json\/wp\/v2\/product_brand?post=5052"},{"taxonomy":"product_cat","embeddable":true,"href":"https:\/\/displayproducts.eu\/sv\/wp-json\/wp\/v2\/product_cat?post=5052"},{"taxonomy":"product_tag","embeddable":true,"href":"https:\/\/displayproducts.eu\/sv\/wp-json\/wp\/v2\/product_tag?post=5052"}],"curies":[{"name":"wp","href":"https:\/\/api.w.org\/{rel}","templated":true}]}}