{"id":5034,"date":"2025-10-06T16:03:54","date_gmt":"2025-10-06T13:03:54","guid":{"rendered":"https:\/\/wristbandfactory.eu\/?post_type=product&#038;p=5034"},"modified":"2026-04-01T21:52:35","modified_gmt":"2026-04-01T18:52:35","slug":"custom-glow-flashing-led-wristbands","status":"publish","type":"product","link":"https:\/\/displayproducts.eu\/sv\/p\/custom-glow-flashing-led-wristbands\/","title":{"rendered":"Ljus- och blinkande LED-armband"},"content":{"rendered":"<p data-path-to-node=\"9\">N\u00e4r du beh\u00f6ver en enkel, kostnadseffektiv och livfull varum\u00e4rkesl\u00f6sning \u00e4r v\u00e5ra anpassade LED-armband med lysande och blinkande ljus det perfekta valet. De \u00e4r designade f\u00f6r h\u00f6g synlighet och ger ett kraftfullt och j\u00e4mnt ljus utan behov av komplexa fj\u00e4rrkontroller.<\/p>\n<p data-path-to-node=\"10\">Detta \u00e4r v\u00e5r allt-i-ett-hubb f\u00f6r manuella (ej fj\u00e4rrstyrda) LED-band, perfekt f\u00f6r f\u00f6retagsevenemang, produktlanseringar, festivaler och informationskampanjer d\u00e4r en enhetlig varum\u00e4rkesimage \u00e4r avg\u00f6rande.<\/p>\n<h2><strong>V\u00e4lj din manuella LED-modell<\/strong><\/h2>\n<p data-path-to-node=\"12\">V\u00e4lj den modell som b\u00e4st passar ditt evenemangs tema:<\/p>\n<h3 data-path-to-node=\"13,0,0\"><strong>Enf\u00e4rgad gl\u00f6dmodell<\/strong><\/h3>\n<p><img fetchpriority=\"high\" decoding=\"async\" class=\"alignnone wp-image-5554\" src=\"https:\/\/displayproducts.eu\/wp-content\/uploads\/2025\/10\/flashing-led-1.jpeg\" alt=\"\" width=\"300\" height=\"300\" srcset=\"https:\/\/displayproducts.eu\/wp-content\/uploads\/2025\/10\/flashing-led-1.jpeg 600w, https:\/\/displayproducts.eu\/wp-content\/uploads\/2025\/10\/flashing-led-1-12x12.jpeg 12w, https:\/\/displayproducts.eu\/wp-content\/uploads\/2025\/10\/flashing-led-1-300x300.jpeg 300w, https:\/\/displayproducts.eu\/wp-content\/uploads\/2025\/10\/flashing-led-1-100x100.jpeg 100w, https:\/\/displayproducts.eu\/wp-content\/uploads\/2025\/10\/flashing-led-1-64x64.jpeg 64w\" sizes=\"(max-width: 300px) 100vw, 300px\" \/><\/p>\n<p>Den h\u00e4r modellens styrka \u00e4r dess enkelhet. Den lyser upp i <b>en specifik, livfull f\u00e4rg<\/b> (r\u00f6d, bl\u00e5, gr\u00f6n, etc.) f\u00f6r att perfekt matcha ditt f\u00f6retags varum\u00e4rke eller evenemangstema. Den \u00e4r tillverkad av ett ultral\u00e4tt (17 g) och h\u00e5llbart TPU-material och erbjuder mycket l\u00e5ng h\u00e5llbarhet. <b>12 timmars batteritid<\/b>.<\/p>\n<h3 data-path-to-node=\"13,1,0\"><strong>Flerf\u00e4rgad blinkande modell<\/strong><\/h3>\n<p data-path-to-node=\"13,1,0\"><img decoding=\"async\" class=\"alignnone wp-image-5556\" src=\"https:\/\/displayproducts.eu\/wp-content\/uploads\/2025\/10\/flashing-led.jpg\" alt=\"\" width=\"300\" height=\"300\" srcset=\"https:\/\/displayproducts.eu\/wp-content\/uploads\/2025\/10\/flashing-led.jpg 1080w, https:\/\/displayproducts.eu\/wp-content\/uploads\/2025\/10\/flashing-led-768x768.jpg 768w, https:\/\/displayproducts.eu\/wp-content\/uploads\/2025\/10\/flashing-led-12x12.jpg 12w, https:\/\/displayproducts.eu\/wp-content\/uploads\/2025\/10\/flashing-led-300x300.jpg 300w, https:\/\/displayproducts.eu\/wp-content\/uploads\/2025\/10\/flashing-led-600x600.jpg 600w, https:\/\/displayproducts.eu\/wp-content\/uploads\/2025\/10\/flashing-led-100x100.jpg 100w, https:\/\/displayproducts.eu\/wp-content\/uploads\/2025\/10\/flashing-led-64x64.jpg 64w\" sizes=\"(max-width: 300px) 100vw, 300px\" \/><\/p>\n<p data-path-to-node=\"13,1,0\">Denna modell \u00e4r en klassisk blickf\u00e5ngare. Den har ett f\u00e4rgat armband (fuchsia, gr\u00f6nt, bl\u00e5tt, etc.) och en ljusstark LED-lampa som lyser upp hela armbandet. En diskret p\u00e5\/av-knapp l\u00e5ter anv\u00e4ndaren styra blinkningen, vilket g\u00f6r den till ett perfekt interaktivt tillbeh\u00f6r f\u00f6r fester och konserter.<\/p>\n<p data-path-to-node=\"14\">B\u00e5da modellerna drivs av medf\u00f6ljande batterier och \u00e4r redo att anv\u00e4ndas omedelbart. Vi erbjuder 1-f\u00e4rgs tampongtryck p\u00e5 ett dedikerat tryckomr\u00e5de f\u00f6r din anpassade logotyp eller ditt evenemangsmeddelande.<\/p>\n<h2 data-path-to-node=\"15\"><b>Viktiga funktioner:<\/b><\/h2>\n<ul data-path-to-node=\"16\">\n<li>\n<p data-path-to-node=\"16,0,0\"><b>Tv\u00e5 modellalternativ:<\/b> V\u00e4lj fr\u00e5n en <b>Enf\u00e4rgad gl\u00f6d<\/b> eller en <b>Flerf\u00e4rgad blinkning<\/b> modell.<\/p>\n<\/li>\n<li>\n<p data-path-to-node=\"16,1,0\"><b>Enkel manuell kontroll:<\/b> B\u00e5da modellerna har en enkel p\u00e5\/av-knapp.<\/p>\n<\/li>\n<li>\n<p data-path-to-node=\"16,2,0\"><b>Ultral\u00e4tt komfort:<\/b> Den otryckta modellen v\u00e4ger endast 17 g, vilket garanterar total komfort.<\/p>\n<\/li>\n<li>\n<p data-path-to-node=\"16,3,0\"><b>L\u00e5ng batteritid:<\/b> P\u00e5litlig prestanda, med enf\u00e4rgsmodell som h\u00e5ller i upp till 12 timmar.<\/p>\n<\/li>\n<li>\n<p data-path-to-node=\"16,4,0\"><b>Anpassad varum\u00e4rkesbyggande:<\/b> B\u00e5da modellerna har ett dedikerat tryckomr\u00e5de f\u00f6r en enf\u00e4rgad (svart eller vit) logotyp.<\/p>\n<\/li>\n<li>\n<p data-path-to-node=\"16,5,0\"><b>Klar att anv\u00e4nda:<\/b> Drivs av medf\u00f6ljande knappcellsbatterier.<\/p>\n<\/li>\n<li>\n<p data-path-to-node=\"16,6,0\"><b>Idealisk f\u00f6r:<\/b> Storbest\u00e4llningar f\u00f6r kampanjer, fester och varum\u00e4rkesk\u00e4nnedomskampanjer.<\/p>\n<\/li>\n<\/ul>\n<p data-path-to-node=\"17\">","protected":false},"excerpt":{"rendered":"<p>Lys upp ditt varum\u00e4rke med v\u00e5ra specialdesignade LED-armband i f\u00e4rg. Dessa ultral\u00e4tta TPU-armband finns i otryckta, livfulla f\u00e4rger f\u00f6r att perfekt matcha ditt evenemangs tema.<\/p>","protected":false},"featured_media":5035,"comment_status":"closed","ping_status":"closed","template":"","meta":[],"product_brand":[],"product_cat":[80],"product_tag":[],"class_list":{"0":"post-5034","1":"product","2":"type-product","3":"status-publish","4":"has-post-thumbnail","6":"product_cat-led-wristbands","8":"first","9":"instock","10":"shipping-taxable","11":"purchasable","12":"product-type-simple"},"_links":{"self":[{"href":"https:\/\/displayproducts.eu\/sv\/wp-json\/wp\/v2\/product\/5034","targetHints":{"allow":["GET"]}}],"collection":[{"href":"https:\/\/displayproducts.eu\/sv\/wp-json\/wp\/v2\/product"}],"about":[{"href":"https:\/\/displayproducts.eu\/sv\/wp-json\/wp\/v2\/types\/product"}],"replies":[{"embeddable":true,"href":"https:\/\/displayproducts.eu\/sv\/wp-json\/wp\/v2\/comments?post=5034"}],"wp:featuredmedia":[{"embeddable":true,"href":"https:\/\/displayproducts.eu\/sv\/wp-json\/wp\/v2\/media\/5035"}],"wp:attachment":[{"href":"https:\/\/displayproducts.eu\/sv\/wp-json\/wp\/v2\/media?parent=5034"}],"wp:term":[{"taxonomy":"product_brand","embeddable":true,"href":"https:\/\/displayproducts.eu\/sv\/wp-json\/wp\/v2\/product_brand?post=5034"},{"taxonomy":"product_cat","embeddable":true,"href":"https:\/\/displayproducts.eu\/sv\/wp-json\/wp\/v2\/product_cat?post=5034"},{"taxonomy":"product_tag","embeddable":true,"href":"https:\/\/displayproducts.eu\/sv\/wp-json\/wp\/v2\/product_tag?post=5034"}],"curies":[{"name":"wp","href":"https:\/\/api.w.org\/{rel}","templated":true}]}}