{"id":5012,"date":"2025-10-06T15:39:59","date_gmt":"2025-10-06T12:39:59","guid":{"rendered":"https:\/\/wristbandfactory.eu\/?post_type=product&#038;p=5012"},"modified":"2026-04-01T21:52:35","modified_gmt":"2026-04-01T18:52:35","slug":"remote-controlled-fabric-led-wristbands","status":"publish","type":"product","link":"https:\/\/displayproducts.eu\/sv\/p\/remote-controlled-fabric-led-wristbands\/","title":{"rendered":"Fj\u00e4rrstyrda LED-armband i tyg"},"content":{"rendered":"<p data-path-to-node=\"11\">F\u00f6rh\u00f6j ditt evenemang med v\u00e5ra f\u00f6rstklassiga fj\u00e4rrstyrda LED-armband i tyg. Detta \u00e4r den perfekta l\u00f6sningen f\u00f6r B2B-kunder och exklusiva evenemang som kr\u00e4ver komforten och den exklusiva k\u00e4nslan av ett textilarmband i kombination med den fantastiska visuella effekten av en synkroniserad ljusshow. Alla modeller \u00e4r kompatibla med en central fj\u00e4rrkontroll och DMX-kontroller (s\u00e4ljs separat), vilket g\u00f6r att en enda operat\u00f6r kan hantera varje armband i lokalen samtidigt.<\/p>\n<p data-path-to-node=\"12\">Detta \u00e4r din centrala hubb f\u00f6r alla v\u00e5ra tygbaserade fj\u00e4rrstyrda modeller. Alla modeller \u00e4r kompatibla med en central <strong><a href=\"https:\/\/displayproducts.eu\/sv\/p\/remote-dmx-controllers-for-led-wristbands\/\">Fj\u00e4rrkontroll och DMX-kontroll<\/a><\/strong> som s\u00e4ljs separat i v\u00e5r <strong><a href=\"https:\/\/displayproducts.eu\/sv\/c\/event-supplies\/\">Evenemangsmaterial<\/a><\/strong> kategori. Den h\u00e4r styrenheten g\u00f6r det m\u00f6jligt f\u00f6r en enda operat\u00f6r att \u00e4ndra LED-f\u00e4rgerna och blinkm\u00f6nster f\u00f6r varje armband i lokalen samtidigt.<\/p>\n<h2>V\u00e4lj din tygmodell<\/h2>\n<p data-path-to-node=\"14\">V\u00e4lj den specifika tygmodell som passar ditt evenemangs estetiska och tekniska behov:<\/p>\n<h2 data-path-to-node=\"11\">&quot;Standard&quot; tygband (fullt tryck)<\/h2>\n<h2 data-path-to-node=\"11\"><img fetchpriority=\"high\" decoding=\"async\" class=\"alignnone wp-image-5551\" src=\"https:\/\/displayproducts.eu\/wp-content\/uploads\/2025\/10\/standard-fabric.jpg\" alt=\"\" width=\"300\" height=\"300\" srcset=\"https:\/\/displayproducts.eu\/wp-content\/uploads\/2025\/10\/standard-fabric.jpg 1024w, https:\/\/displayproducts.eu\/wp-content\/uploads\/2025\/10\/standard-fabric-768x768.jpg 768w, https:\/\/displayproducts.eu\/wp-content\/uploads\/2025\/10\/standard-fabric-12x12.jpg 12w, https:\/\/displayproducts.eu\/wp-content\/uploads\/2025\/10\/standard-fabric-300x300.jpg 300w, https:\/\/displayproducts.eu\/wp-content\/uploads\/2025\/10\/standard-fabric-600x600.jpg 600w, https:\/\/displayproducts.eu\/wp-content\/uploads\/2025\/10\/standard-fabric-100x100.jpg 100w, https:\/\/displayproducts.eu\/wp-content\/uploads\/2025\/10\/standard-fabric-64x64.jpg 64w\" sizes=\"(max-width: 300px) 100vw, 300px\" \/><\/h2>\n<p data-path-to-node=\"12\">Denna modell har ett slitstarkt, mjukt nylonarmband med en ljusstark, fj\u00e4rrstyrd LED-modul. Tygarmet i sig \u00e4r helt anpassningsbart med ett livfullt sublimeringstryck i fullf\u00e4rg, vilket g\u00f6r det idealiskt f\u00f6r detaljerade logotyper eller komplex varum\u00e4rkesbyggande f\u00f6r evenemang.<\/p>\n<ul data-path-to-node=\"13\">\n<li>\n<p data-path-to-node=\"13,0,0\"><b data-path-to-node=\"13,0,0\" data-index-in-node=\"0\">B\u00e4st f\u00f6r:<\/b> F\u00f6retagsevenemang, sponsring och familjefester.<\/p>\n<\/li>\n<li>\n<p data-path-to-node=\"13,1,0\"><b data-path-to-node=\"13,1,0\" data-index-in-node=\"0\">Batteritid:<\/b> 12 timmars drifttid med 2x CR2032 utbytbara batterier.<\/p>\n<\/li>\n<\/ul>\n<h2 data-path-to-node=\"14\">Det &quot;360\u00b0 lysande&quot; tygbandet<\/h2>\n<p><img decoding=\"async\" class=\"alignnone wp-image-5044\" src=\"https:\/\/displayproducts.eu\/wp-content\/uploads\/2025\/10\/360\u00b0-Luminous-Remote-LED-Wristbands_main-e1763322702945.jpg\" alt=\"\" width=\"300\" height=\"131\" srcset=\"https:\/\/displayproducts.eu\/wp-content\/uploads\/2025\/10\/360\u00b0-Luminous-Remote-LED-Wristbands_main-e1763322702945.jpg 1080w, https:\/\/displayproducts.eu\/wp-content\/uploads\/2025\/10\/360\u00b0-Luminous-Remote-LED-Wristbands_main-e1763322702945-768x336.jpg 768w, https:\/\/displayproducts.eu\/wp-content\/uploads\/2025\/10\/360\u00b0-Luminous-Remote-LED-Wristbands_main-e1763322702945-18x8.jpg 18w, https:\/\/displayproducts.eu\/wp-content\/uploads\/2025\/10\/360\u00b0-Luminous-Remote-LED-Wristbands_main-e1763322702945-600x263.jpg 600w, https:\/\/displayproducts.eu\/wp-content\/uploads\/2025\/10\/360\u00b0-Luminous-Remote-LED-Wristbands_main-e1763322702945-64x28.jpg 64w\" sizes=\"(max-width: 300px) 100vw, 300px\" \/><\/p>\n<p data-path-to-node=\"19\">Denna innovativa modell har integrerade lysdioder l\u00e4ngs <b>hela l\u00e4ngden p\u00e5 det bekv\u00e4ma nylonbandet<\/b>, vilket ger komplett belysning runtom. Denna unika design s\u00e4kerst\u00e4ller en fantastisk visuell effekt fr\u00e5n alla vinklar.<\/p>\n<ul data-path-to-node=\"20\">\n<li>\n<p data-path-to-node=\"20,0,0\"><b>B\u00e4st f\u00f6r:<\/b> H\u00e4ndelser som kr\u00e4ver absolut maximalt visuellt spektakel.<\/p>\n<\/li>\n<li>\n<p data-path-to-node=\"20,1,0\"><b>Batteri:<\/b> 8 timmar (2x CR2032)<\/p>\n<\/li>\n<\/ul>\n<h2 data-path-to-node=\"17\">&quot;Hybrid&quot;-tyg- och silikonbandet<\/h2>\n<p><img decoding=\"async\" class=\"alignnone wp-image-5552\" src=\"https:\/\/displayproducts.eu\/wp-content\/uploads\/2025\/10\/hybrid-led.jpg\" alt=\"\" width=\"300\" height=\"300\" srcset=\"https:\/\/displayproducts.eu\/wp-content\/uploads\/2025\/10\/hybrid-led.jpg 2048w, https:\/\/displayproducts.eu\/wp-content\/uploads\/2025\/10\/hybrid-led-768x768.jpg 768w, https:\/\/displayproducts.eu\/wp-content\/uploads\/2025\/10\/hybrid-led-1536x1536.jpg 1536w, https:\/\/displayproducts.eu\/wp-content\/uploads\/2025\/10\/hybrid-led-12x12.jpg 12w, https:\/\/displayproducts.eu\/wp-content\/uploads\/2025\/10\/hybrid-led-300x300.jpg 300w, https:\/\/displayproducts.eu\/wp-content\/uploads\/2025\/10\/hybrid-led-600x600.jpg 600w, https:\/\/displayproducts.eu\/wp-content\/uploads\/2025\/10\/hybrid-led-100x100.jpg 100w, https:\/\/displayproducts.eu\/wp-content\/uploads\/2025\/10\/hybrid-led-64x64.jpg 64w\" sizes=\"(max-width: 300px) 100vw, 300px\" \/><\/p>\n<p data-path-to-node=\"22\">Denna modell kombinerar ett mjukt tygband med en bekv\u00e4m, sl\u00e4t silikon\/ABS LED-modul, vilket erbjuder en unik blandning av komfort och h\u00e5llbarhet f\u00f6r anv\u00e4ndning i flera dagar.<\/p>\n<ul data-path-to-node=\"23\">\n<li>\n<p data-path-to-node=\"23,0,0\"><b>B\u00e4st f\u00f6r:<\/b> Flerdagarsfestivaler d\u00e4r b\u00e5de komfort och robust design beh\u00f6vs.<\/p>\n<\/li>\n<li>\n<p data-path-to-node=\"23,1,0\"><b>Batteri:<\/b> 12 timmar (2x CR2032)<\/p>\n<\/li>\n<\/ul>\n<h2 data-path-to-node=\"20\">Viktiga funktioner och teknik<\/h2>\n<ul data-path-to-node=\"21\">\n<li>\n<p data-path-to-node=\"21,0,0\"><b data-path-to-node=\"21,0,0\" data-index-in-node=\"0\">Centraliserad RF\/DMX-kontroll:<\/b> Alla tygmodeller synkroniseras med en central styrenhet f\u00f6r f\u00e4rg- och m\u00f6nster\u00e4ndringar i realtid.<\/p>\n<\/li>\n<li>\n<p data-path-to-node=\"21,1,0\"><b data-path-to-node=\"21,1,0\" data-index-in-node=\"0\">Justerbar passform:<\/b> Finns med olika l\u00e5smekanismer (p\u00e4rlor eller \u00f6glor) f\u00f6r att passa alla g\u00e4ster s\u00e4kert.<\/p>\n<\/li>\n<li>\n<p data-path-to-node=\"21,2,0\"><b data-path-to-node=\"21,2,0\" data-index-in-node=\"0\">Anpassad varum\u00e4rkesbyggande:<\/b> Stort, tydligt synligt omr\u00e5de p\u00e5 tygremmen f\u00f6r premiumtryck i enf\u00e4rg eller fullf\u00e4rg.<\/p>\n<\/li>\n<li>\n<p data-path-to-node=\"21,3,0\"><b data-path-to-node=\"21,3,0\" data-index-in-node=\"0\">L\u00e5ng r\u00e4ckvidd:<\/b> P\u00e5litlig signalmottagning upp till 300\u2013500 meter f\u00f6r stora lokaler.<\/p>\n<\/li>\n<\/ul>\n<h2 data-path-to-node=\"22\">Specifikationer<\/h2>\n<ul data-path-to-node=\"23\">\n<li>\n<p data-path-to-node=\"23,0,0\"><b data-path-to-node=\"23,0,0\" data-index-in-node=\"0\">Remmaterial:<\/b> Mjuk polyester eller nylon (15x350mm).<\/p>\n<\/li>\n<li>\n<p data-path-to-node=\"23,1,0\"><b data-path-to-node=\"23,1,0\" data-index-in-node=\"0\">Vikt:<\/b> Cirka 24 g.<\/p>\n<\/li>\n<li>\n<p data-path-to-node=\"23,2,0\"><b data-path-to-node=\"23,2,0\" data-index-in-node=\"0\">Frekvens:<\/b> 433 MHz (RF) \/ DMX512.<\/p>\n<\/li>\n<li>\n<p data-path-to-node=\"23,3,0\"><b data-path-to-node=\"23,3,0\" data-index-in-node=\"0\">Batteri:<\/b> 2x CR2032 (utbytbara).<\/p>\n<\/li>\n<li>\n<p data-path-to-node=\"23,4,0\"><b data-path-to-node=\"23,4,0\" data-index-in-node=\"0\">Minsta best\u00e4llning:<\/b> 100 enheter.<\/p>\n<\/li>\n<\/ul>\n<h3><strong><a href=\"https:\/\/displayproducts.eu\/sv\/p\/remote-dmx-controllers-for-led-wristbands\/\">Fj\u00e4rrkontroll och DMX-kontroll<\/a><\/strong><\/h3>\n<p><img loading=\"lazy\" decoding=\"async\" class=\"\" src=\"https:\/\/displayproducts.eu\/wp-content\/uploads\/2025\/10\/controller-2-scaled.jpeg\" width=\"365\" height=\"365\" \/><\/p>","protected":false},"excerpt":{"rendered":"<ul>\n<li>\n<p data-path-to-node=\"9,0,0\"><b data-path-to-node=\"9,0,0\" data-index-in-node=\"0\">Premium-evenemangsupplevelse:<\/b> Kombinerar den mjuka k\u00e4nslan av textilband med avancerad synkroniserad ljusteknik.<\/p>\n<\/li>\n<li>\n<p data-path-to-node=\"9,1,0\"><b data-path-to-node=\"9,1,0\" data-index-in-node=\"0\">Sublimering i fullf\u00e4rg:<\/b> Mycket anpassningsbara tygremmar f\u00f6r detaljerade logotyper och livfulla varum\u00e4rkesgrafik.<\/p>\n<\/li>\n<li>\n<p data-path-to-node=\"9,2,0\"><b data-path-to-node=\"9,2,0\" data-index-in-node=\"0\">Kontroll p\u00e5 stadionniv\u00e5:<\/b> Tillf\u00f6rlitlig RF- och DMX-synkronisering \u00f6ver tusentals enheter samtidigt.<\/p>\n<\/li>\n<li>\n<p data-path-to-node=\"9,3,0\"><b data-path-to-node=\"9,3,0\" data-index-in-node=\"0\">L\u00e5ngvarig komfort:<\/b> L\u00e4ttviktsdesign p\u00e5 24 g, konstruerad f\u00f6r flerdagarsfestivaler och f\u00f6retagsevenemang.<\/p>\n<\/li>\n<\/ul>","protected":false},"featured_media":5983,"comment_status":"closed","ping_status":"closed","template":"","meta":[],"product_brand":[],"product_cat":[80],"product_tag":[],"class_list":{"0":"post-5012","1":"product","2":"type-product","3":"status-publish","4":"has-post-thumbnail","6":"product_cat-led-wristbands","8":"first","9":"instock","10":"shipping-taxable","11":"purchasable","12":"product-type-simple"},"_links":{"self":[{"href":"https:\/\/displayproducts.eu\/sv\/wp-json\/wp\/v2\/product\/5012","targetHints":{"allow":["GET"]}}],"collection":[{"href":"https:\/\/displayproducts.eu\/sv\/wp-json\/wp\/v2\/product"}],"about":[{"href":"https:\/\/displayproducts.eu\/sv\/wp-json\/wp\/v2\/types\/product"}],"replies":[{"embeddable":true,"href":"https:\/\/displayproducts.eu\/sv\/wp-json\/wp\/v2\/comments?post=5012"}],"wp:featuredmedia":[{"embeddable":true,"href":"https:\/\/displayproducts.eu\/sv\/wp-json\/wp\/v2\/media\/5983"}],"wp:attachment":[{"href":"https:\/\/displayproducts.eu\/sv\/wp-json\/wp\/v2\/media?parent=5012"}],"wp:term":[{"taxonomy":"product_brand","embeddable":true,"href":"https:\/\/displayproducts.eu\/sv\/wp-json\/wp\/v2\/product_brand?post=5012"},{"taxonomy":"product_cat","embeddable":true,"href":"https:\/\/displayproducts.eu\/sv\/wp-json\/wp\/v2\/product_cat?post=5012"},{"taxonomy":"product_tag","embeddable":true,"href":"https:\/\/displayproducts.eu\/sv\/wp-json\/wp\/v2\/product_tag?post=5012"}],"curies":[{"name":"wp","href":"https:\/\/api.w.org\/{rel}","templated":true}]}}