{"id":4988,"date":"2025-10-06T14:34:19","date_gmt":"2025-10-06T11:34:19","guid":{"rendered":"https:\/\/wristbandfactory.eu\/?post_type=product&#038;p=4988"},"modified":"2026-04-01T21:52:35","modified_gmt":"2026-04-01T18:52:35","slug":"rechargeable-waterproof-led-sports-belt-for-runners","status":"publish","type":"product","link":"https:\/\/displayproducts.eu\/sv\/p\/rechargeable-waterproof-led-sports-belt-for-runners\/","title":{"rendered":"Uppladdningsbart och vattent\u00e4tt LED-sportb\u00e4lte f\u00f6r l\u00f6pare"},"content":{"rendered":"<p>H\u00e5ll dig synlig och s\u00e4ker med det ultimata LED-sportb\u00e4ltet med h\u00f6g synlighet fr\u00e5n Wristbandfactory. Detta b\u00e4lte \u00e4r designat f\u00f6r idrottare, barn och alla som \u00e4r aktiva i svagt ljus och \u00e4r en viktig s\u00e4kerhetsutrustning. <span class=\"citation-148 citation-end-148\">Den \u00e4r tillverkad av en bekv\u00e4m och vattent\u00e4t blandning av Lycra och TPU, vilket s\u00e4kerst\u00e4ller att den f\u00f6rblir funktionell i alla v\u00e4derf\u00f6rh\u00e5llanden.<\/span>.<\/p>\n<p><span class=\"citation-147 citation-end-147\">B\u00e4ltet \u00e4r l\u00e4tt med en vikt p\u00e5 endast 60 g och kan enkelt justeras fr\u00e5n minst 30 cm till maximalt 60 cm, vilket ger en bekv\u00e4m och s\u00e4ker passform f\u00f6r en m\u00e4ngd olika anv\u00e4ndare.<\/span>. <span class=\"citation-146 citation-end-146\">Drivs av ett praktiskt uppladdningsbart litiumbatteri, erbjuder detta sportb\u00e4lte en uppm\u00e4tt arbetstid p\u00e5 10 timmar p\u00e5 en enda laddning.<\/span>. <span class=\"citation-145 citation-end-145\">V\u00e4lj mellan fyra distinkta belysningsfunktioner \u2013 l\u00e5ngt ljust sken, snabbt blinkande, l\u00e5ngsamt blinkande eller avst\u00e4ngt \u2013 f\u00f6r att maximera din synlighet f\u00f6r bilister och andra<\/span>. <span class=\"citation-144 citation-end-144\">Vi erbjuder denna produkt i standard OPP-f\u00f6rpackning, med anpassade f\u00f6rpackningsl\u00f6sningar tillg\u00e4ngliga f\u00f6r grossist-B2B-best\u00e4llningar \u00f6ver hela Europa.<\/span>.<\/p>\n<p><b>Viktiga funktioner:<\/b><\/p>\n<ul>\n<li><span class=\"citation-143 citation-end-143\">LED-lampor med h\u00f6g synlighet och fyra l\u00e4gen (l\u00e5ng ljusstyrka, snabb\/l\u00e5ngsam blinkning, av)<\/span>.<\/li>\n<li><span class=\"citation-142 citation-end-142\">Helt uppladdningsbart litiumbatteri med 10 timmars arbetstid<\/span>.<\/li>\n<li><span class=\"citation-141 citation-end-141\">Tillverkad av bekv\u00e4ma, vattent\u00e4ta Lycra- och TPU-material<\/span>.<\/li>\n<li><span class=\"citation-140 citation-end-140\">Justerbar storlek fr\u00e5n 30 cm till 60 cm f\u00f6r perfekt passform<\/span>.<\/li>\n<li><span class=\"citation-139 citation-end-139\">L\u00e4tt design p\u00e5 endast 60 g<\/span>.<\/li>\n<\/ul>","protected":false},"excerpt":{"rendered":"<p>\u00d6ka din s\u00e4kerhet under nattliga aktiviteter med v\u00e5rt uppladdningsbara LED-sportb\u00e4lte, tillverkat av vattent\u00e4t Lycra f\u00f6r ultimat komfort och h\u00e5llbarhet. Med fyra distinkta ljusl\u00e4gen s\u00e4kerst\u00e4ller detta justerbara b\u00e4lte att du syns i trafiken n\u00e4r du springer, cyklar eller g\u00e5r.<\/p>","protected":false},"featured_media":4989,"comment_status":"closed","ping_status":"closed","template":"","meta":[],"product_brand":[],"product_cat":[68,118,45],"product_tag":[],"class_list":{"0":"post-4988","1":"product","2":"type-product","3":"status-publish","4":"has-post-thumbnail","6":"product_cat-event-supplies","7":"product_cat-sports-fitness","8":"product_cat-other","10":"first","11":"instock","12":"shipping-taxable","13":"purchasable","14":"product-type-simple"},"_links":{"self":[{"href":"https:\/\/displayproducts.eu\/sv\/wp-json\/wp\/v2\/product\/4988","targetHints":{"allow":["GET"]}}],"collection":[{"href":"https:\/\/displayproducts.eu\/sv\/wp-json\/wp\/v2\/product"}],"about":[{"href":"https:\/\/displayproducts.eu\/sv\/wp-json\/wp\/v2\/types\/product"}],"replies":[{"embeddable":true,"href":"https:\/\/displayproducts.eu\/sv\/wp-json\/wp\/v2\/comments?post=4988"}],"wp:featuredmedia":[{"embeddable":true,"href":"https:\/\/displayproducts.eu\/sv\/wp-json\/wp\/v2\/media\/4989"}],"wp:attachment":[{"href":"https:\/\/displayproducts.eu\/sv\/wp-json\/wp\/v2\/media?parent=4988"}],"wp:term":[{"taxonomy":"product_brand","embeddable":true,"href":"https:\/\/displayproducts.eu\/sv\/wp-json\/wp\/v2\/product_brand?post=4988"},{"taxonomy":"product_cat","embeddable":true,"href":"https:\/\/displayproducts.eu\/sv\/wp-json\/wp\/v2\/product_cat?post=4988"},{"taxonomy":"product_tag","embeddable":true,"href":"https:\/\/displayproducts.eu\/sv\/wp-json\/wp\/v2\/product_tag?post=4988"}],"curies":[{"name":"wp","href":"https:\/\/api.w.org\/{rel}","templated":true}]}}