{"id":4979,"date":"2025-10-06T14:21:01","date_gmt":"2025-10-06T11:21:01","guid":{"rendered":"https:\/\/wristbandfactory.eu\/?post_type=product&#038;p=4979"},"modified":"2026-04-01T21:52:35","modified_gmt":"2026-04-01T18:52:35","slug":"sound-activated-led-wristbands","status":"publish","type":"product","link":"https:\/\/displayproducts.eu\/sv\/p\/sound-activated-led-wristbands\/","title":{"rendered":"\"Ljudstyrda\" LED-armband med tryck"},"content":{"rendered":"<p data-path-to-node=\"8\">V\u00e4ck rytmen till liv med v\u00e5ra &quot;ljudaktiverade&quot; LED-armband. Designade f\u00f6r energifyllda milj\u00f6er som nattklubbar, musikfestivaler och livekonserter, f\u00f6rvandlar dessa armband varje g\u00e4st till en del av den visuella f\u00f6rest\u00e4llningen. Till skillnad fr\u00e5n DMX-system kr\u00e4ver dessa autonoma band ingen teknisk installation \u2013 de reagerar helt enkelt p\u00e5 musikniv\u00e5erna runt omkring dem och skapar ett pulserande ljushav som matchar rytmen i ditt evenemang.<\/p>\n<h2 data-path-to-node=\"9\">Viktiga funktioner<\/h2>\n<ul data-path-to-node=\"10\">\n<li>\n<p data-path-to-node=\"10,0,0\"><b data-path-to-node=\"10,0,0\" data-index-in-node=\"0\">Intelligenta akustiska sensorer:<\/b> Kalibrerad f\u00f6r att uppt\u00e4cka rytmiska m\u00f6nster, vilket s\u00e4kerst\u00e4ller att ljuset blinkar exakt synkroniserat med bas och diskant.<\/p>\n<\/li>\n<li>\n<p data-path-to-node=\"10,1,0\"><b data-path-to-node=\"10,1,0\" data-index-in-node=\"0\">Plug-and-Play-enkelhet:<\/b> Inga externa styrenheter eller programmering kr\u00e4vs; banden \u00e4r redo att anv\u00e4ndas direkt ur l\u00e5dan.<\/p>\n<\/li>\n<li>\n<p data-path-to-node=\"10,2,0\"><b data-path-to-node=\"10,2,0\" data-index-in-node=\"0\">Livfulla f\u00e4rgalternativ:<\/b> V\u00e4lj bland ett brett utbud av LED-f\u00e4rger som matchar din varum\u00e4rkesidentitet eller ditt evenemangstema.<\/p>\n<\/li>\n<li>\n<p data-path-to-node=\"10,3,0\"><b data-path-to-node=\"10,3,0\" data-index-in-node=\"0\">Slitstarkt tampongtryck:<\/b> Vi anv\u00e4nder professionella tryckf\u00e4rger f\u00f6r att s\u00e4kerst\u00e4lla att din logotyp f\u00f6rblir skarp och synlig under hela evenemanget.<\/p>\n<\/li>\n<\/ul>\n<h2 data-path-to-node=\"11\">Specifikationer<\/h2>\n<ul data-path-to-node=\"12\">\n<li>\n<p data-path-to-node=\"12,0,0\"><b data-path-to-node=\"12,0,0\" data-index-in-node=\"0\">Kontrollmekanism:<\/b> H\u00f6gk\u00e4nslig intern akustisk sensor.<\/p>\n<\/li>\n<li>\n<p data-path-to-node=\"12,1,0\"><b data-path-to-node=\"12,1,0\" data-index-in-node=\"0\">Material:<\/b> ABS-h\u00f6lje med mjukt silikon- eller PVC-band.<\/p>\n<\/li>\n<li>\n<p data-path-to-node=\"12,2,0\"><b data-path-to-node=\"12,2,0\" data-index-in-node=\"0\">Vikt:<\/b> 22 g.<\/p>\n<\/li>\n<li>\n<p data-path-to-node=\"12,3,0\"><b data-path-to-node=\"12,3,0\" data-index-in-node=\"0\">Batteritid:<\/b> 8\u201312 timmars aktiv blinkning.<\/p>\n<\/li>\n<li>\n<p data-path-to-node=\"12,4,0\"><b data-path-to-node=\"12,4,0\" data-index-in-node=\"0\">Batterityp:<\/b> 2x CR2032 (ing\u00e5r och kan bytas ut).<\/p>\n<\/li>\n<li>\n<p data-path-to-node=\"12,5,0\"><b data-path-to-node=\"12,5,0\" data-index-in-node=\"0\">Anpassning:<\/b> Precisionslogotyptryck p\u00e5 LED-modulen.<\/p>\n<\/li>\n<\/ul>\n<h2 data-path-to-node=\"13\">Anv\u00e4ndningsfall<\/h2>\n<ul data-path-to-node=\"14\">\n<li>\n<p data-path-to-node=\"14,0,0\"><b data-path-to-node=\"14,0,0\" data-index-in-node=\"0\">Nattklubbar och VIP-fester:<\/b> F\u00f6rb\u00e4ttrar atmosf\u00e4ren p\u00e5 dansgolvet och \u00f6kar g\u00e4sternas engagemang.<\/p>\n<\/li>\n<li>\n<p data-path-to-node=\"14,1,0\"><b data-path-to-node=\"14,1,0\" data-index-in-node=\"0\">Musikfestivaler:<\/b> Ett kostnadseffektivt s\u00e4tt att skapa en massiv, reaktiv ljusshow f\u00f6r publiken.<\/p>\n<\/li>\n<li>\n<p data-path-to-node=\"14,2,0\"><b data-path-to-node=\"14,2,0\" data-index-in-node=\"0\">Konserter och rundturer:<\/b> St\u00e4rker bandet mellan artisten och publiken genom ljus.<\/p>\n<\/li>\n<li>\n<p data-path-to-node=\"14,3,0\"><b data-path-to-node=\"14,3,0\" data-index-in-node=\"0\">F\u00f6retagsgalamiddagar:<\/b> L\u00e4gger till ett h\u00f6gteknologiskt, interaktivt element till prisutdelningar och presentationer.<\/p>\n<\/li>\n<\/ul>\n<p data-path-to-node=\"15\">","protected":false},"excerpt":{"rendered":"<ul>\n<li>\n<p data-path-to-node=\"7,0,0\"><b data-path-to-node=\"7,0,0\" data-index-in-node=\"0\">Musiksynkroniseringsteknik:<\/b> Integrerade akustiska sensorer g\u00f6r att lysdioderna blinkar i perfekt harmoni med omgivningens rytm eller publikljud.<\/p>\n<\/li>\n<li>\n<p data-path-to-node=\"7,1,0\"><b data-path-to-node=\"7,1,0\" data-index-in-node=\"0\">Autonom drift:<\/b> Inga kontroller eller fj\u00e4rrkontroller beh\u00f6vs \u2013 en oberoende ljusshow som reagerar direkt p\u00e5 omgivningen.<\/p>\n<\/li>\n<li>\n<p data-path-to-node=\"7,2,0\"><b data-path-to-node=\"7,2,0\" data-index-in-node=\"0\">L\u00e4tt och h\u00e5llbar:<\/b> Bekv\u00e4m 22g-design med slagt\u00e5ligt ABS-h\u00f6lje, perfekt f\u00f6r festivaler och konserter hela natten.<\/p>\n<\/li>\n<li>\n<p data-path-to-node=\"7,3,0\"><b data-path-to-node=\"7,3,0\" data-index-in-node=\"0\">Varum\u00e4rkesbyggande med h\u00f6g effekt:<\/b> Dedikerat tryckomr\u00e5de f\u00f6r f\u00e4rgstark f\u00f6retagslogotyp i en eller flera f\u00e4rger.<\/p>\n<\/li>\n<\/ul>","protected":false},"featured_media":6003,"comment_status":"closed","ping_status":"closed","template":"","meta":[],"product_brand":[],"product_cat":[80],"product_tag":[],"class_list":{"0":"post-4979","1":"product","2":"type-product","3":"status-publish","4":"has-post-thumbnail","6":"product_cat-led-wristbands","8":"first","9":"instock","10":"shipping-taxable","11":"purchasable","12":"product-type-simple"},"_links":{"self":[{"href":"https:\/\/displayproducts.eu\/sv\/wp-json\/wp\/v2\/product\/4979","targetHints":{"allow":["GET"]}}],"collection":[{"href":"https:\/\/displayproducts.eu\/sv\/wp-json\/wp\/v2\/product"}],"about":[{"href":"https:\/\/displayproducts.eu\/sv\/wp-json\/wp\/v2\/types\/product"}],"replies":[{"embeddable":true,"href":"https:\/\/displayproducts.eu\/sv\/wp-json\/wp\/v2\/comments?post=4979"}],"wp:featuredmedia":[{"embeddable":true,"href":"https:\/\/displayproducts.eu\/sv\/wp-json\/wp\/v2\/media\/6003"}],"wp:attachment":[{"href":"https:\/\/displayproducts.eu\/sv\/wp-json\/wp\/v2\/media?parent=4979"}],"wp:term":[{"taxonomy":"product_brand","embeddable":true,"href":"https:\/\/displayproducts.eu\/sv\/wp-json\/wp\/v2\/product_brand?post=4979"},{"taxonomy":"product_cat","embeddable":true,"href":"https:\/\/displayproducts.eu\/sv\/wp-json\/wp\/v2\/product_cat?post=4979"},{"taxonomy":"product_tag","embeddable":true,"href":"https:\/\/displayproducts.eu\/sv\/wp-json\/wp\/v2\/product_tag?post=4979"}],"curies":[{"name":"wp","href":"https:\/\/api.w.org\/{rel}","templated":true}]}}