{"id":4966,"date":"2025-10-06T14:11:43","date_gmt":"2025-10-06T11:11:43","guid":{"rendered":"https:\/\/wristbandfactory.eu\/?post_type=product&#038;p=4966"},"modified":"2026-04-01T21:52:35","modified_gmt":"2026-04-01T18:52:35","slug":"custom-rfid-fabric-wristbands","status":"publish","type":"product","link":"https:\/\/displayproducts.eu\/sv\/p\/custom-rfid-fabric-wristbands\/","title":{"rendered":"Tygarmband med RFID-funktion"},"content":{"rendered":"<p data-path-to-node=\"10\">Effektivisera din evenemangsverksamhet med v\u00e5r <b data-path-to-node=\"10\" data-index-in-node=\"67\">Tygarmband med RFID-funktion<\/b>, branschstandarden f\u00f6r kontantl\u00f6sa festivaler och h\u00f6gs\u00e4kerhetslokaler. Den klassiska designen kombinerar ett mjukt, v\u00e4vt eller satinpolyesterband med en robust <b data-path-to-node=\"10\" data-index-in-node=\"250\">Smart slider i PVC<\/b> som skyddar RFID-chippet fr\u00e5n vatten och st\u00f6tar.<\/p>\n<p data-path-to-node=\"11\"><b data-path-to-node=\"11\" data-index-in-node=\"0\">Beh\u00f6ver du en Premium-uppgradering?<\/b> \u00c4ven om PVC-skjutreglaget \u00e4r v\u00e5rt mest popul\u00e4ra och kostnadseffektiva alternativ, erbjuder vi \u00e4ven <b data-path-to-node=\"11\" data-index-in-node=\"106\">Inb\u00e4ddad RFID-teknik<\/b>. I den h\u00e4r premiumversionen \u00e4r chipet hermetiskt f\u00f6rseglat direkt inuti textillagren, vilket skapar ett helt sl\u00e4tt, glidfritt armband som k\u00e4nns som ett vanligt tygarmband. <i data-path-to-node=\"11\" data-index-in-node=\"316\">Kontakta v\u00e5rt team f\u00f6r att beg\u00e4ra Embedded \/ Chip-in-Band-modellen.<\/i><\/p>\n<p data-path-to-node=\"12\">B\u00e5da versionerna erbjuder <b data-path-to-node=\"12\" data-index-in-node=\"20\">tv\u00e5 distinkta varum\u00e4rkesytor<\/b>h\u00f6guppl\u00f6st sublimeringstryck p\u00e5 sj\u00e4lva armbandet och (p\u00e5 slidermodellen) specialtryck eller lasergravyr p\u00e5 PVC-taggen.<\/p>\n<h2 data-path-to-node=\"13\">Viktiga funktioner<\/h2>\n<ul data-path-to-node=\"14\">\n<li>\n<p data-path-to-node=\"14,0,0\"><b data-path-to-node=\"14,0,0\" data-index-in-node=\"0\">M\u00e5ngsidiga alternativ:<\/b> V\u00e4lj mellan standarden <b data-path-to-node=\"14,0,0\" data-index-in-node=\"47\">H\u00e5rd PVC-skjutreglage<\/b> (f\u00f6r maximal h\u00e5llbarhet) eller <b data-path-to-node=\"14,0,0\" data-index-in-node=\"95\">Inb\u00e4ddad smart tyg<\/b> (f\u00f6r maximal komfort).<\/p>\n<\/li>\n<li>\n<p data-path-to-node=\"14,1,0\"><b data-path-to-node=\"14,1,0\" data-index-in-node=\"0\">Tillf\u00f6rlitlig skanning:<\/b> H\u00f6gkvalitativa antenner s\u00e4kerst\u00e4ller snabb avl\u00e4sning vid grindar och bommar, oavsett modell.<\/p>\n<\/li>\n<li>\n<p data-path-to-node=\"14,2,0\"><b data-path-to-node=\"14,2,0\" data-index-in-node=\"0\">Chipflexibilitet:<\/b> Kompatibel med Mifare 1K, NTAG213, I-CODE SLIX och UHF-chip f\u00f6r att matcha ditt system.<\/p>\n<\/li>\n<li>\n<p data-path-to-node=\"14,3,0\"><b data-path-to-node=\"14,3,0\" data-index-in-node=\"0\">S\u00e4kerhetsl\u00e5s:<\/b> S\u00e4kra env\u00e4gsl\u00e5s garanterar att armbandet inte kan \u00f6verf\u00f6ras mellan g\u00e4ster.<\/p>\n<\/li>\n<\/ul>\n<h2 data-path-to-node=\"15\">Specifikationer<\/h2>\n<ul data-path-to-node=\"16\">\n<li>\n<p data-path-to-node=\"16,0,0\"><b data-path-to-node=\"16,0,0\" data-index-in-node=\"0\">Bandmaterial:<\/b> Polyester (sublimering eller v\u00e4vd)<\/p>\n<\/li>\n<li>\n<p data-path-to-node=\"16,1,0\"><b data-path-to-node=\"16,1,0\" data-index-in-node=\"0\">Standardmodell:<\/b> PVC-glidtagg (35x25mm)<\/p>\n<\/li>\n<li>\n<p data-path-to-node=\"16,2,0\"><b data-path-to-node=\"16,2,0\" data-index-in-node=\"0\">Premiummodell:<\/b> Inbyggt chip (osynligt)<\/p>\n<\/li>\n<li>\n<p data-path-to-node=\"16,3,0\"><b data-path-to-node=\"16,3,0\" data-index-in-node=\"0\">Chipfrekvens:<\/b> 13,56 MHz (HF) \/ 860\u2013960 MHz (UHF)<\/p>\n<\/li>\n<li>\n<p data-path-to-node=\"16,4,0\"><b data-path-to-node=\"16,4,0\" data-index-in-node=\"0\">Utskrift:<\/b> Fullf\u00e4rgs CMYK<\/p>\n<\/li>\n<li>\n<p data-path-to-node=\"16,5,0\"><b data-path-to-node=\"16,5,0\" data-index-in-node=\"0\">Vattent\u00e4t:<\/b> Ja (IP68)<\/p>\n<\/li>\n<\/ul>\n<h2 data-path-to-node=\"17\">Anv\u00e4ndningsfall<\/h2>\n<ul data-path-to-node=\"18\">\n<li>\n<p data-path-to-node=\"18,0,0\"><b data-path-to-node=\"18,0,0\" data-index-in-node=\"0\">Musikfestivaler:<\/b> Snabb entr\u00e9 och kontantl\u00f6sa betalningar minskar k\u00f6erna och \u00f6kar barint\u00e4kterna.<\/p>\n<\/li>\n<li>\n<p data-path-to-node=\"18,1,0\"><b data-path-to-node=\"18,1,0\" data-index-in-node=\"0\">VIP-\u00e5tkomst:<\/b> Anv\u00e4nd <b data-path-to-node=\"18,1,0\" data-index-in-node=\"20\">Inb\u00e4ddad<\/b> version f\u00f6r VIP-g\u00e4ster som f\u00f6rv\u00e4ntar sig en h\u00f6gre niv\u00e5 av komfort och exklusivitet.<\/p>\n<\/li>\n<li>\n<p data-path-to-node=\"18,2,0\"><b data-path-to-node=\"18,2,0\" data-index-in-node=\"0\">Vattenparker:<\/b> H\u00e5llbar konstruktion t\u00e5l klor och fullst\u00e4ndig neds\u00e4nkning.<\/p>\n<\/li>\n<li>\n<p data-path-to-node=\"18,3,0\"><b data-path-to-node=\"18,3,0\" data-index-in-node=\"0\">Varum\u00e4rkesaktiveringar:<\/b> \u201cTryck\u201d f\u00f6r att ansluta till sociala medier eller l\u00e5sa upp digitalt inneh\u00e5ll.<\/p>\n<\/li>\n<\/ul>","protected":false},"excerpt":{"rendered":"<ul>\n<li>\n<p data-path-to-node=\"9,0,0\"><b data-path-to-node=\"9,0,0\" data-index-in-node=\"0\">Smart Slider-teknik:<\/b> Standardmodellen har en slitstark PVC-tagg som inneh\u00e5ller RFID-chippet f\u00f6r tillf\u00f6rlitlig skanning.<\/p>\n<\/li>\n<li>\n<p data-path-to-node=\"9,1,0\"><b data-path-to-node=\"9,1,0\" data-index-in-node=\"0\">Premiumalternativ tillg\u00e4ngligt:<\/b> Letar du efter en snyggare look? Fr\u00e5ga om v\u00e5ra <b data-path-to-node=\"9,1,0\" data-index-in-node=\"68\">\u201c&quot;Chip-in-Band&quot;\u201d<\/b> l\u00f6sning d\u00e4r flisan \u00e4r dold inuti tyget.<\/p>\n<\/li>\n<li>\n<p data-path-to-node=\"9,2,0\"><b data-path-to-node=\"9,2,0\" data-index-in-node=\"0\">Kontantl\u00f6s redo:<\/b> Integrerade chips (Mifare, NTAG) m\u00f6jligg\u00f6r snabba \u201cTap &amp; Go\u201d-betalningar och \u00e5tkomstkontroll.<\/p>\n<\/li>\n<li>\n<p data-path-to-node=\"9,3,0\"><b data-path-to-node=\"9,3,0\" data-index-in-node=\"0\">H\u00f6g s\u00e4kerhet:<\/b> S\u00e4kra l\u00e5st\u00e4nder f\u00f6rhindrar \u00f6verf\u00f6ring och biljettbedr\u00e4gerier.<\/p>\n<\/li>\n<\/ul>","protected":false},"featured_media":5933,"comment_status":"closed","ping_status":"closed","template":"","meta":[],"product_brand":[],"product_cat":[47,81,88],"product_tag":[],"class_list":{"0":"post-4966","1":"product","2":"type-product","3":"status-publish","4":"has-post-thumbnail","6":"product_cat-fabric-wristbands","7":"product_cat-rfid","8":"product_cat-smart-wristbands","10":"first","11":"instock","12":"shipping-taxable","13":"purchasable","14":"product-type-simple"},"_links":{"self":[{"href":"https:\/\/displayproducts.eu\/sv\/wp-json\/wp\/v2\/product\/4966","targetHints":{"allow":["GET"]}}],"collection":[{"href":"https:\/\/displayproducts.eu\/sv\/wp-json\/wp\/v2\/product"}],"about":[{"href":"https:\/\/displayproducts.eu\/sv\/wp-json\/wp\/v2\/types\/product"}],"replies":[{"embeddable":true,"href":"https:\/\/displayproducts.eu\/sv\/wp-json\/wp\/v2\/comments?post=4966"}],"wp:featuredmedia":[{"embeddable":true,"href":"https:\/\/displayproducts.eu\/sv\/wp-json\/wp\/v2\/media\/5933"}],"wp:attachment":[{"href":"https:\/\/displayproducts.eu\/sv\/wp-json\/wp\/v2\/media?parent=4966"}],"wp:term":[{"taxonomy":"product_brand","embeddable":true,"href":"https:\/\/displayproducts.eu\/sv\/wp-json\/wp\/v2\/product_brand?post=4966"},{"taxonomy":"product_cat","embeddable":true,"href":"https:\/\/displayproducts.eu\/sv\/wp-json\/wp\/v2\/product_cat?post=4966"},{"taxonomy":"product_tag","embeddable":true,"href":"https:\/\/displayproducts.eu\/sv\/wp-json\/wp\/v2\/product_tag?post=4966"}],"curies":[{"name":"wp","href":"https:\/\/api.w.org\/{rel}","templated":true}]}}