{"id":4277,"date":"2025-06-05T15:54:38","date_gmt":"2025-06-05T12:54:38","guid":{"rendered":"https:\/\/wristbandfactory.eu\/?post_type=product&#038;p=4277"},"modified":"2026-04-01T21:52:35","modified_gmt":"2026-04-01T18:52:35","slug":"extra-large-reusable-event-cups-900ml","status":"publish","type":"product","link":"https:\/\/displayproducts.eu\/sv\/p\/extra-large-reusable-event-cups-900ml\/","title":{"rendered":"Extra stora \u00e5teranv\u00e4ndbara evenemangsmuggar (900 ml)"},"content":{"rendered":"<p data-path-to-node=\"8\">N\u00e4r en vanlig kopp inte r\u00e4cker till \u00e4r v\u00e5r 900 ml extra stora \u00e5teranv\u00e4ndbara evenemangsmugg den perfekta l\u00f6sningen. Denna kopp \u00e4r speciellt utformad f\u00f6r arenor d\u00e4r stora dryckesvolymer och minskad p\u00e5fyllningsfrekvens \u00e4r avg\u00f6rande, och \u00e4r perfekt f\u00f6r idrottsarenor, utomhusfestivaler och h\u00e4lsokampanjer.<\/p>\n<p data-path-to-node=\"9\">Genom att erbjuda en betydligt st\u00f6rre kapacitet \u00e4n vanliga 500 ml-muggar f\u00f6rb\u00e4ttrar 900 ml Malsuk-modellen serviceeffektiviteten och \u00f6kar anv\u00e4ndarbekv\u00e4mligheten.<\/p>\n<p data-path-to-node=\"10\">Denna kopp \u00e4r tillverkad av flexibel och h\u00e5llbar PP-plast (polypropylen) och \u00e4r utformad f\u00f6r l\u00e5ngvarig och p\u00e5litlig anv\u00e4ndning. Den \u00e4r certifierad BPA-fri och har en ren, halvtransparent yta.<\/p>\n<p data-path-to-node=\"11\">Denna extra stora kapacitet ger ocks\u00e5 en extra stor m\u00f6jlighet till varum\u00e4rkesbyggande. Koppen har en massiv tryckyta p\u00e5 270 x 70 mm, vilket g\u00f6r att din logotyp eller ditt kampanjbudskap kan visas tydligt med hj\u00e4lp av 1-f\u00e4rgs screentryck.<\/p>\n<p data-path-to-node=\"12\"><b>Viktiga funktioner:<\/b><\/p>\n<ul data-path-to-node=\"13\">\n<li>\n<p data-path-to-node=\"13,0,0\"><b>Extra stor kapacitet p\u00e5 900 ml:<\/b> Perfekt f\u00f6r servering av st\u00f6rre drycker och minimera p\u00e5fyllning vid evenemang med h\u00f6g trafik.<\/p>\n<\/li>\n<li>\n<p data-path-to-node=\"13,1,0\"><b>Slitstarkt och flexibelt material:<\/b> Tillverkad av h\u00e5llbar, \u00e5teranv\u00e4ndbar PP-plast.<\/p>\n<\/li>\n<li>\n<p data-path-to-node=\"13,2,0\"><b>H\u00e4lsos\u00e4kert:<\/b> Certifierad 100% BPA-fri.<\/p>\n<\/li>\n<li>\n<p data-path-to-node=\"13,3,0\"><b>Halvtransparent finish:<\/b> Erbjuder ett rent och modernt utseende samtidigt som inneh\u00e5llet h\u00e5lls synligt.<\/p>\n<\/li>\n<li>\n<p data-path-to-node=\"13,4,0\"><b>Stort utskriftsomr\u00e5de:<\/b> Ger en yta p\u00e5 270 x 70 mm f\u00f6r slagkraftig enf\u00e4rgsscreentryckning.<\/p>\n<\/li>\n<\/ul>","protected":false},"excerpt":{"rendered":"<ul data-path-to-node=\"7\">\n<li>\n<p data-path-to-node=\"7,0,0\">Extra stor kapacitet p\u00e5 900 ml minskar p\u00e5fyllningsfrekvensen p\u00e5 stora lokaler.<\/p>\n<\/li>\n<li>\n<p data-path-to-node=\"7,1,0\">Tillverkad av flexibel, h\u00e5llbar och BPA-fri PP-plast.<\/p>\n<\/li>\n<li>\n<p data-path-to-node=\"7,2,0\">Har en ren, halvtransparent finish.<\/p>\n<\/li>\n<li>\n<p data-path-to-node=\"7,3,0\">Stor tryckyta p\u00e5 270 x 70 mm f\u00f6r 1-f\u00e4rgs screentryck.<\/p>\n<\/li>\n<\/ul>","protected":false},"featured_media":6493,"comment_status":"closed","ping_status":"closed","template":"","meta":[],"product_brand":[],"product_cat":[111],"product_tag":[],"class_list":{"0":"post-4277","1":"product","2":"type-product","3":"status-publish","4":"has-post-thumbnail","6":"product_cat-reusable-event-cups","8":"first","9":"instock","10":"shipping-taxable","11":"purchasable","12":"product-type-simple"},"_links":{"self":[{"href":"https:\/\/displayproducts.eu\/sv\/wp-json\/wp\/v2\/product\/4277","targetHints":{"allow":["GET"]}}],"collection":[{"href":"https:\/\/displayproducts.eu\/sv\/wp-json\/wp\/v2\/product"}],"about":[{"href":"https:\/\/displayproducts.eu\/sv\/wp-json\/wp\/v2\/types\/product"}],"replies":[{"embeddable":true,"href":"https:\/\/displayproducts.eu\/sv\/wp-json\/wp\/v2\/comments?post=4277"}],"wp:featuredmedia":[{"embeddable":true,"href":"https:\/\/displayproducts.eu\/sv\/wp-json\/wp\/v2\/media\/6493"}],"wp:attachment":[{"href":"https:\/\/displayproducts.eu\/sv\/wp-json\/wp\/v2\/media?parent=4277"}],"wp:term":[{"taxonomy":"product_brand","embeddable":true,"href":"https:\/\/displayproducts.eu\/sv\/wp-json\/wp\/v2\/product_brand?post=4277"},{"taxonomy":"product_cat","embeddable":true,"href":"https:\/\/displayproducts.eu\/sv\/wp-json\/wp\/v2\/product_cat?post=4277"},{"taxonomy":"product_tag","embeddable":true,"href":"https:\/\/displayproducts.eu\/sv\/wp-json\/wp\/v2\/product_tag?post=4277"}],"curies":[{"name":"wp","href":"https:\/\/api.w.org\/{rel}","templated":true}]}}