{"id":4271,"date":"2025-06-05T15:43:08","date_gmt":"2025-06-05T12:43:08","guid":{"rendered":"https:\/\/wristbandfactory.eu\/?post_type=product&#038;p=4271"},"modified":"2026-04-01T21:52:35","modified_gmt":"2026-04-01T18:52:35","slug":"reusable-event-cups-600ml","status":"publish","type":"product","link":"https:\/\/displayproducts.eu\/sv\/p\/reusable-event-cups-600ml\/","title":{"rendered":"\u00c5teranv\u00e4ndbara evenemangsmuggar (600 ml)"},"content":{"rendered":"<p data-path-to-node=\"8\">G\u00e5 ut\u00f6ver standardstorleken p\u00e5 500 ml med v\u00e5r \u00e5teranv\u00e4ndbara evenemangsmugg p\u00e5 600 ml. Denna kopp \u00e4r speciellt utformad f\u00f6r milj\u00f6er med h\u00f6g trafik som festivaler, idrottsplatser och storskaliga konserter d\u00e4r minskad p\u00e5fyllningsfrekvens \u00e4r nyckeln till att f\u00f6rb\u00e4ttra servicehastigheten och bes\u00f6karnas n\u00f6jdhet.<\/p>\n<p data-path-to-node=\"9\">Tillverkad av flexibel men h\u00e5llbar PP-plast (polypropen) har denna kopp en ren, halvtransparent yta som passar bra med alla typer av varum\u00e4rken. Dess st\u00f6rre volym ger extra bekv\u00e4mlighet f\u00f6r deltagare vid evenemang utomhus.<\/p>\n<p data-path-to-node=\"10\">Denna kopp \u00e4r inte bara praktisk utan ocks\u00e5 ett utm\u00e4rkt varum\u00e4rkesverktyg. Den erbjuder en gener\u00f6s tryckyta p\u00e5 220 x 70 mm f\u00f6r din f\u00f6retagslogotyp eller kampanjbudskap, som kan appliceras med slitstarkt screentryck i enf\u00e4rg. Materialet \u00e4r certifierat BPA-fritt, vilket garanterar en s\u00e4ker och h\u00f6gkvalitativ l\u00f6sning f\u00f6r ditt evenemang.<\/p>\n<p data-path-to-node=\"11\"><b>Viktiga funktioner:<\/b><\/p>\n<ul data-path-to-node=\"12\">\n<li>\n<p data-path-to-node=\"12,0,0\"><b>\u00d6ver standard 600 ml kapacitet:<\/b> Erbjuder mer volym f\u00f6r att minska p\u00e5fyllningsfrekvensen p\u00e5 platser med h\u00f6g belastning.<\/p>\n<\/li>\n<li>\n<p data-path-to-node=\"12,1,0\"><b>Slitstarkt och flexibelt material:<\/b> Tillverkad av \u00e5teranv\u00e4ndbar, BPA-fri PP-plast.<\/p>\n<\/li>\n<li>\n<p data-path-to-node=\"12,2,0\"><b>Halvtransparent finish:<\/b> Ger en ren och modern arbetsyta f\u00f6r ditt varum\u00e4rke.<\/p>\n<\/li>\n<li>\n<p data-path-to-node=\"12,3,0\"><b>Stort tryckomr\u00e5de:<\/b> Har en yta p\u00e5 220 x 70 mm f\u00f6r screentryck i en f\u00e4rg.<\/p>\n<\/li>\n<li>\n<p data-path-to-node=\"12,4,0\"><b>Milj\u00f6v\u00e4nlig l\u00f6sning:<\/b> Ett \u00e5teranv\u00e4ndbart alternativ till eng\u00e5ngsplast, perfekt f\u00f6r storskalig distribution.<\/p>\n<\/li>\n<\/ul>\n<p data-path-to-node=\"13\">","protected":false},"excerpt":{"rendered":"<ul>\n<li>\n<p data-path-to-node=\"7,0,0\">Har en kapacitet p\u00e5 600 ml \u00f6ver standard f\u00f6r att minska p\u00e5fyllningsfrekvensen.<\/p>\n<\/li>\n<li>\n<p data-path-to-node=\"7,1,0\">Tillverkad av flexibel, h\u00e5llbar och BPA-fri PP-plast.<\/p>\n<\/li>\n<li>\n<p data-path-to-node=\"7,2,0\">Modern, halvtransparent finish ger ett rent utseende.<\/p>\n<\/li>\n<li>\n<p data-path-to-node=\"7,3,0\">Stort tryckomr\u00e5de p\u00e5 220 x 70 mm f\u00f6r 1-f\u00e4rgs screentryck.<\/p>\n<\/li>\n<\/ul>","protected":false},"featured_media":6621,"comment_status":"closed","ping_status":"closed","template":"","meta":[],"product_brand":[],"product_cat":[111],"product_tag":[],"class_list":{"0":"post-4271","1":"product","2":"type-product","3":"status-publish","4":"has-post-thumbnail","6":"product_cat-reusable-event-cups","8":"first","9":"instock","10":"shipping-taxable","11":"purchasable","12":"product-type-simple"},"_links":{"self":[{"href":"https:\/\/displayproducts.eu\/sv\/wp-json\/wp\/v2\/product\/4271","targetHints":{"allow":["GET"]}}],"collection":[{"href":"https:\/\/displayproducts.eu\/sv\/wp-json\/wp\/v2\/product"}],"about":[{"href":"https:\/\/displayproducts.eu\/sv\/wp-json\/wp\/v2\/types\/product"}],"replies":[{"embeddable":true,"href":"https:\/\/displayproducts.eu\/sv\/wp-json\/wp\/v2\/comments?post=4271"}],"wp:featuredmedia":[{"embeddable":true,"href":"https:\/\/displayproducts.eu\/sv\/wp-json\/wp\/v2\/media\/6621"}],"wp:attachment":[{"href":"https:\/\/displayproducts.eu\/sv\/wp-json\/wp\/v2\/media?parent=4271"}],"wp:term":[{"taxonomy":"product_brand","embeddable":true,"href":"https:\/\/displayproducts.eu\/sv\/wp-json\/wp\/v2\/product_brand?post=4271"},{"taxonomy":"product_cat","embeddable":true,"href":"https:\/\/displayproducts.eu\/sv\/wp-json\/wp\/v2\/product_cat?post=4271"},{"taxonomy":"product_tag","embeddable":true,"href":"https:\/\/displayproducts.eu\/sv\/wp-json\/wp\/v2\/product_tag?post=4271"}],"curies":[{"name":"wp","href":"https:\/\/api.w.org\/{rel}","templated":true}]}}