{"id":4241,"date":"2025-06-05T15:07:14","date_gmt":"2025-06-05T12:07:14","guid":{"rendered":"https:\/\/wristbandfactory.eu\/?post_type=product&#038;p=4241"},"modified":"2026-04-01T21:52:36","modified_gmt":"2026-04-01T18:52:36","slug":"reusable-event-cups-with-lanyard-hook-500ml","status":"publish","type":"product","link":"https:\/\/displayproducts.eu\/sv\/p\/reusable-event-cups-with-lanyard-hook-500ml\/","title":{"rendered":"\u00c5teranv\u00e4ndbara evenemangsmuggar med sn\u00f6rkrok (500 ml)"},"content":{"rendered":"<p data-path-to-node=\"6\">Erbjud ultimat bekv\u00e4mlighet p\u00e5 din n\u00e4sta festival, m\u00e4ssa eller utomhusevenemang med v\u00e5ra \u00e5teranv\u00e4ndbara evenemangsmuggar med integrerad sn\u00f6rkrok. Denna 500 ml-mugg \u00e4r den perfekta l\u00f6sningen f\u00f6r deltagare, vilket ger bekv\u00e4mligheten att ha h\u00e4nderna fria n\u00e4r de f\u00f6rflyttar sig mellan st\u00e5nd, n\u00e4tverkar eller anv\u00e4nder anl\u00e4ggningar.<\/p>\n<p data-path-to-node=\"7\">Den innovativa kroken \u00e4r kompatibel med vanliga nyckelband, vilket avsev\u00e4rt f\u00f6rb\u00e4ttrar hygienen och g\u00e4stupplevelsen. Det \u00e4r en praktisk och smart l\u00f6sning f\u00f6r alla stora evenemang d\u00e4r deltagarna beh\u00f6ver h\u00e5lla h\u00e4nderna fria.<\/p>\n<p data-path-to-node=\"8\">Dessa koppar \u00e4r tillverkade i Spanien och \u00e4r byggda f\u00f6r upprepad anv\u00e4ndning. De \u00e4r tillverkade av h\u00e5llbar, l\u00e4tt (21 g) och halvtransparent PP-plast som \u00e4r 100% BPA-fri. Kopparna \u00e4r helt mikrov\u00e5gs- och diskmaskinss\u00e4kra, vilket garanterar enkel och hygienisk reng\u00f6ring och en l\u00e5ngvarig och h\u00e5llbar investering f\u00f6r din organisation. Den totala kapaciteten p\u00e5 500 ml (450 ml anv\u00e4ndbar volym) \u00e4r idealisk f\u00f6r att servera vanliga drycker samtidigt som den hj\u00e4lper till att f\u00f6rhindra spill.<\/p>\n<p data-path-to-node=\"9\">Visa upp ditt varum\u00e4rke eller dina sponsorer med ett slagkraftigt, helt\u00e4ckande roterande screentryck. Det stora tryckomr\u00e5det p\u00e5 200 x 65 mm ger utm\u00e4rkt synlighet f\u00f6r din otryckta logotyp eller evenemangsvarum\u00e4rke.<\/p>\n<p data-path-to-node=\"10\"><b>Viktiga funktioner:<\/b><\/p>\n<ul data-path-to-node=\"11\">\n<li>\n<p data-path-to-node=\"11,0,0\"><b>Integrerad sn\u00f6rkrok:<\/b> Ger deltagarna bekv\u00e4mligheten att anv\u00e4nda h\u00e4nderna fria; kompatibel med vanliga Armbindlar.<\/p>\n<\/li>\n<li>\n<p data-path-to-node=\"11,1,0\"><b>H\u00e5llbart och s\u00e4kert material:<\/b> Tillverkad i Spanien av halvtransparent PP-plast; 100% BPA-fri.<\/p>\n<\/li>\n<li>\n<p data-path-to-node=\"11,2,0\"><b>Hygienisk och \u00e5teranv\u00e4ndbar:<\/b> Helt diskmaskins- och mikrov\u00e5gss\u00e4ker f\u00f6r enkel reng\u00f6ring och l\u00e5ngvarig anv\u00e4ndning vid evenemang.<\/p>\n<\/li>\n<li>\n<p data-path-to-node=\"11,3,0\"><b>L\u00e4tt och robust:<\/b> V\u00e4ger endast 21 gram, vilket g\u00f6r den idealisk f\u00f6r storskalig distribution.<\/p>\n<\/li>\n<li>\n<p data-path-to-node=\"11,4,0\"><b>Stort tryckomr\u00e5de:<\/b> Erbjuder en helt\u00e4ckande yta p\u00e5 200 x 65 mm f\u00f6r rotationsscreentryck i enf\u00e4rg.<\/p>\n<\/li>\n<li>\n<p data-path-to-node=\"11,5,0\"><b>Praktisk kapacitet:<\/b> 500 ml totalvolym (450 ml anv\u00e4ndbar) \u00e4r utformad f\u00f6r att f\u00f6rhindra \u00f6verfyllning.<\/p>\n<\/li>\n<\/ul>","protected":false},"excerpt":{"rendered":"<ul>\n<li>\n<p data-path-to-node=\"5,0,0\">Har en integrerad krok f\u00f6r Armbindlar \u2013 perfekt f\u00f6r handsfree-anv\u00e4ndning.<\/p>\n<\/li>\n<li>\n<p data-path-to-node=\"5,1,0\">Slitstark, l\u00e4tt (21 g) och halvtransparent PP-plast (BPA-fri).<\/p>\n<\/li>\n<li>\n<p data-path-to-node=\"5,2,0\">Helt diskmaskins- och mikrov\u00e5gss\u00e4ker f\u00f6r hygienisk och l\u00e5ngvarig \u00e5teranv\u00e4ndning.<\/p>\n<\/li>\n<li>\n<p data-path-to-node=\"5,3,0\">Stort tryckomr\u00e5de p\u00e5 200 x 65 mm f\u00f6r rotationsscreentryck i en f\u00e4rg.<\/p>\n<\/li>\n<\/ul>","protected":false},"featured_media":6628,"comment_status":"closed","ping_status":"closed","template":"","meta":[],"product_brand":[],"product_cat":[111],"product_tag":[],"class_list":{"0":"post-4241","1":"product","2":"type-product","3":"status-publish","4":"has-post-thumbnail","6":"product_cat-reusable-event-cups","8":"first","9":"instock","10":"shipping-taxable","11":"purchasable","12":"product-type-simple"},"_links":{"self":[{"href":"https:\/\/displayproducts.eu\/sv\/wp-json\/wp\/v2\/product\/4241","targetHints":{"allow":["GET"]}}],"collection":[{"href":"https:\/\/displayproducts.eu\/sv\/wp-json\/wp\/v2\/product"}],"about":[{"href":"https:\/\/displayproducts.eu\/sv\/wp-json\/wp\/v2\/types\/product"}],"replies":[{"embeddable":true,"href":"https:\/\/displayproducts.eu\/sv\/wp-json\/wp\/v2\/comments?post=4241"}],"wp:featuredmedia":[{"embeddable":true,"href":"https:\/\/displayproducts.eu\/sv\/wp-json\/wp\/v2\/media\/6628"}],"wp:attachment":[{"href":"https:\/\/displayproducts.eu\/sv\/wp-json\/wp\/v2\/media?parent=4241"}],"wp:term":[{"taxonomy":"product_brand","embeddable":true,"href":"https:\/\/displayproducts.eu\/sv\/wp-json\/wp\/v2\/product_brand?post=4241"},{"taxonomy":"product_cat","embeddable":true,"href":"https:\/\/displayproducts.eu\/sv\/wp-json\/wp\/v2\/product_cat?post=4241"},{"taxonomy":"product_tag","embeddable":true,"href":"https:\/\/displayproducts.eu\/sv\/wp-json\/wp\/v2\/product_tag?post=4241"}],"curies":[{"name":"wp","href":"https:\/\/api.w.org\/{rel}","templated":true}]}}