{"id":4229,"date":"2025-06-05T14:14:57","date_gmt":"2025-06-05T11:14:57","guid":{"rendered":"https:\/\/wristbandfactory.eu\/?post_type=product&#038;p=4229"},"modified":"2026-04-01T21:52:36","modified_gmt":"2026-04-01T18:52:36","slug":"digital-printed-reusable-cups-360-wrap","status":"publish","type":"product","link":"https:\/\/displayproducts.eu\/sv\/p\/digital-printed-reusable-cups-360-wrap\/","title":{"rendered":"Digitaltryckta \u00e5teranv\u00e4ndbara muggar (360\u00b0 omslag)"},"content":{"rendered":"<p data-path-to-node=\"11\">Maximera ditt varum\u00e4rkes genomslag med v\u00e5ra digitaltryckta \u00e5teranv\u00e4ndbara muggar. Denna 500 ml-mugg \u00e4r en premiuml\u00f6sning f\u00f6r varum\u00e4rkesbyggande och erbjuder avancerad 360\u00b0 digitaltryck som ger liv \u00e5t komplexa, f\u00e4rgglada designer och sponsorlogotyper.<\/p>\n<p data-path-to-node=\"12\">Tillverkad av slitstark, h\u00f6gkvalitativ PP-plast med en elegant halvtransparent matt finish, \u00e4r denna kopp det perfekta valet f\u00f6r exklusiva f\u00f6retagsevenemang, produktlanseringar och festivaler d\u00e4r varum\u00e4rkespresentation \u00e4r avg\u00f6rande.<\/p>\n<p data-path-to-node=\"13\">\u00c4ven om dess specialitet \u00e4r digitaltryck med h\u00f6g effekt, st\u00f6der denna m\u00e5ngsidiga kopp en m\u00e4ngd olika anpassningsalternativ f\u00f6r att passa alla budgetar, inklusive 1-f\u00e4rgs screentryck \u00f6ver hela ytan och exakt tampongtryck p\u00e5 flera platser f\u00f6r mindre logotyper.<\/p>\n<p data-path-to-node=\"14\">Som en stapelbar, l\u00e4tt och milj\u00f6medveten l\u00f6sning tillverkad i Europa minskar den inte bara plastavfallet utan fungerar ocks\u00e5 som en h\u00f6gkvalitativ, minnesv\u00e4rd souvenir som kraftfullt representerar ditt varum\u00e4rke.<\/p>\n<p data-path-to-node=\"15\"><b>Viktiga funktioner:<\/b><\/p>\n<ul data-path-to-node=\"16\">\n<li>\n<p data-path-to-node=\"16,0,0\"><b>Premium 360\u00b0 digitalt tryck:<\/b> Erbjuder s\u00f6ml\u00f6s, helt\u00e4ckande utskrift (270 x 116 mm) f\u00f6r komplex grafik i fullf\u00e4rg.<\/p>\n<\/li>\n<li>\n<p data-path-to-node=\"16,1,0\"><b>M\u00e5ngsidiga utskriftsalternativ:<\/b> St\u00f6der \u00e4ven 1-f\u00e4rgs screentryck och tampongtryck p\u00e5 flera platser f\u00f6r otrycktare varum\u00e4rkesbehov.<\/p>\n<\/li>\n<li>\n<p data-path-to-node=\"16,2,0\"><b>H\u00e5llbar 500 ml kopp:<\/b> Tillverkad av h\u00f6gkvalitativ \u00e5teranv\u00e4ndbar PP-plast, perfekt f\u00f6r dryckesservering.<\/p>\n<\/li>\n<li>\n<p data-path-to-node=\"16,3,0\"><b>Elegant matt finish:<\/b> Har en modern, halvtransparent matt finish som f\u00f6rst\u00e4rker varum\u00e4rkets visuella image.<\/p>\n<\/li>\n<li>\n<p data-path-to-node=\"16,4,0\"><b>Europeisk produktion:<\/b> Garanterar efterlevnad av h\u00f6ga s\u00e4kerhets- och kvalitetsstandarder.<\/p>\n<\/li>\n<\/ul>","protected":false},"excerpt":{"rendered":"<ul data-path-to-node=\"10\">\n<li>\n<p data-path-to-node=\"10,0,0\">F\u00f6rstklassig 360\u00b0 digitalutskrift f\u00f6r fotorealistiska, komplexa designer.<\/p>\n<\/li>\n<li>\n<p data-path-to-node=\"10,1,0\">Slitstark 500 ml \u00e5teranv\u00e4ndbar PP-plast med en modern halvtransparent matt finish.<\/p>\n<\/li>\n<li>\n<p data-path-to-node=\"10,2,0\">Flera trycktekniker tillg\u00e4ngliga, fr\u00e5n held\u00e4ckande digitalt tryck till 1-f\u00e4rgs screentryck eller tampongtryck.<\/p>\n<\/li>\n<li>\n<p data-path-to-node=\"10,3,0\">Tillverkad i Europa, vilket garanterar h\u00f6ga kvalitets- och s\u00e4kerhetsstandarder.<\/p>\n<\/li>\n<\/ul>","protected":false},"featured_media":6494,"comment_status":"closed","ping_status":"closed","template":"","meta":[],"product_brand":[],"product_cat":[111],"product_tag":[],"class_list":{"0":"post-4229","1":"product","2":"type-product","3":"status-publish","4":"has-post-thumbnail","6":"product_cat-reusable-event-cups","8":"first","9":"instock","10":"shipping-taxable","11":"purchasable","12":"product-type-simple"},"_links":{"self":[{"href":"https:\/\/displayproducts.eu\/sv\/wp-json\/wp\/v2\/product\/4229","targetHints":{"allow":["GET"]}}],"collection":[{"href":"https:\/\/displayproducts.eu\/sv\/wp-json\/wp\/v2\/product"}],"about":[{"href":"https:\/\/displayproducts.eu\/sv\/wp-json\/wp\/v2\/types\/product"}],"replies":[{"embeddable":true,"href":"https:\/\/displayproducts.eu\/sv\/wp-json\/wp\/v2\/comments?post=4229"}],"wp:featuredmedia":[{"embeddable":true,"href":"https:\/\/displayproducts.eu\/sv\/wp-json\/wp\/v2\/media\/6494"}],"wp:attachment":[{"href":"https:\/\/displayproducts.eu\/sv\/wp-json\/wp\/v2\/media?parent=4229"}],"wp:term":[{"taxonomy":"product_brand","embeddable":true,"href":"https:\/\/displayproducts.eu\/sv\/wp-json\/wp\/v2\/product_brand?post=4229"},{"taxonomy":"product_cat","embeddable":true,"href":"https:\/\/displayproducts.eu\/sv\/wp-json\/wp\/v2\/product_cat?post=4229"},{"taxonomy":"product_tag","embeddable":true,"href":"https:\/\/displayproducts.eu\/sv\/wp-json\/wp\/v2\/product_tag?post=4229"}],"curies":[{"name":"wp","href":"https:\/\/api.w.org\/{rel}","templated":true}]}}