{"id":4202,"date":"2025-06-05T13:39:24","date_gmt":"2025-06-05T10:39:24","guid":{"rendered":"https:\/\/wristbandfactory.eu\/?post_type=product&#038;p=4202"},"modified":"2026-04-01T21:52:04","modified_gmt":"2026-04-01T18:52:04","slug":"standard-reusable-event-cups-500ml","status":"publish","type":"product","link":"https:\/\/displayproducts.eu\/sv\/p\/standard-reusable-event-cups-500ml\/","title":{"rendered":"Standard \u00e5teranv\u00e4ndbara evenemangsmuggar (500 ml)"},"content":{"rendered":"<p data-path-to-node=\"8\">Denna \u00e5teranv\u00e4ndbara standardmugg p\u00e5 500 ml \u00e4r den perfekta kostnadseffektiva l\u00f6sningen f\u00f6r storskaliga evenemang, festivaler och reklamkampanjer. Den \u00e4r utformad f\u00f6r organisationer som s\u00f6ker ett h\u00e5llbart, h\u00e5llbart och mycket varum\u00e4rkesv\u00e4nligt alternativ till eng\u00e5ngsplast utan en komplex installation.<\/p>\n<p data-path-to-node=\"9\">Tillverkad i Europa av robust, enkelv\u00e4ggig PP-plast, \u00e4r denna kopp l\u00e4tt men \u00e4nd\u00e5 robust nog att klara av hektiska evenemangsmilj\u00f6er. Dess kapacitet p\u00e5 500 ml \u00e4r den perfekta standarden f\u00f6r att servera de flesta drycker. Den minimalistiska designen ger en ren duk f\u00f6r ditt varum\u00e4rke.<\/p>\n<p data-path-to-node=\"10\">Denna kopp \u00e4r optimerad f\u00f6r prisv\u00e4rd och tydlig enf\u00e4rgad varum\u00e4rkesprofilering. Vi erbjuder b\u00e5de tampongtryck och screentryck f\u00f6r att effektivt visa din logotyp eller ditt evenemangsbudskap.<\/p>\n<p data-path-to-node=\"11\">Materialet \u00e4r certifierat BPA-fritt, vilket garanterar s\u00e4kerheten f\u00f6r alla deltagare. Som en \u00e5teranv\u00e4ndbar, europeiskt tillverkad produkt \u00e4r det ett p\u00e5litligt och milj\u00f6medvetet val f\u00f6r alla evenemang.<\/p>\n<p data-path-to-node=\"12\"><b>Viktiga funktioner:<\/b><\/p>\n<ul data-path-to-node=\"13\">\n<li>\n<p data-path-to-node=\"13,0,0\"><b>Kostnadseffektiv varum\u00e4rkesbyggande:<\/b> Optimerad f\u00f6r prisv\u00e4rt enf\u00e4rgat tampongtryck eller screentryck.<\/p>\n<\/li>\n<li>\n<p data-path-to-node=\"13,1,0\"><b>Standardkapacitet p\u00e5 500 ml:<\/b> Den perfekta m\u00e5ngsidiga storleken f\u00f6r festivaler, f\u00f6retagsevenemang och kampanjer.<\/p>\n<\/li>\n<li>\n<p data-path-to-node=\"13,2,0\"><b>H\u00e5llbar och l\u00e4tt:<\/b> Tillverkad av robust, enkelv\u00e4ggig PP-plast, idealisk f\u00f6r storskalig distribution.<\/p>\n<\/li>\n<li>\n<p data-path-to-node=\"13,3,0\"><b>S\u00e4kert och h\u00e5llbart:<\/b> Certifierad BPA-fri och tillverkad i Europa f\u00f6r h\u00f6ga kvalitetsstandarder.<\/p>\n<\/li>\n<li>\n<p data-path-to-node=\"13,4,0\"><b>Milj\u00f6v\u00e4nlig l\u00f6sning:<\/b> Ett h\u00e5llbart, \u00e5teranv\u00e4ndbart alternativ f\u00f6r att minska m\u00e4ngden eng\u00e5ngsplast.<\/p>\n<\/li>\n<\/ul>","protected":false},"excerpt":{"rendered":"<ul>\n<li>\n<p data-path-to-node=\"7,0,0\">Ditt kostnadseffektiva val f\u00f6r bulkbest\u00e4llningar och storskaliga evenemang.<\/p>\n<\/li>\n<li>\n<p data-path-to-node=\"7,1,0\">Perfekt f\u00f6r prisv\u00e4rd enf\u00e4rgsm\u00e4rkning (tampon- eller screentryck).<\/p>\n<\/li>\n<li>\n<p data-path-to-node=\"7,2,0\">Slitstark, l\u00e4tt, enkelv\u00e4ggig PP-plast.<\/p>\n<\/li>\n<li>\n<p data-path-to-node=\"7,3,0\">Tillverkad i Europa och certifierad BPA-fri.<\/p>\n<\/li>\n<\/ul>","protected":false},"featured_media":6639,"comment_status":"closed","ping_status":"closed","template":"","meta":[],"product_brand":[],"product_cat":[111],"product_tag":[],"class_list":{"0":"post-4202","1":"product","2":"type-product","3":"status-publish","4":"has-post-thumbnail","6":"product_cat-reusable-event-cups","8":"first","9":"instock","10":"shipping-taxable","11":"purchasable","12":"product-type-simple"},"_links":{"self":[{"href":"https:\/\/displayproducts.eu\/sv\/wp-json\/wp\/v2\/product\/4202","targetHints":{"allow":["GET"]}}],"collection":[{"href":"https:\/\/displayproducts.eu\/sv\/wp-json\/wp\/v2\/product"}],"about":[{"href":"https:\/\/displayproducts.eu\/sv\/wp-json\/wp\/v2\/types\/product"}],"replies":[{"embeddable":true,"href":"https:\/\/displayproducts.eu\/sv\/wp-json\/wp\/v2\/comments?post=4202"}],"wp:featuredmedia":[{"embeddable":true,"href":"https:\/\/displayproducts.eu\/sv\/wp-json\/wp\/v2\/media\/6639"}],"wp:attachment":[{"href":"https:\/\/displayproducts.eu\/sv\/wp-json\/wp\/v2\/media?parent=4202"}],"wp:term":[{"taxonomy":"product_brand","embeddable":true,"href":"https:\/\/displayproducts.eu\/sv\/wp-json\/wp\/v2\/product_brand?post=4202"},{"taxonomy":"product_cat","embeddable":true,"href":"https:\/\/displayproducts.eu\/sv\/wp-json\/wp\/v2\/product_cat?post=4202"},{"taxonomy":"product_tag","embeddable":true,"href":"https:\/\/displayproducts.eu\/sv\/wp-json\/wp\/v2\/product_tag?post=4202"}],"curies":[{"name":"wp","href":"https:\/\/api.w.org\/{rel}","templated":true}]}}