{"id":4159,"date":"2025-06-04T23:53:14","date_gmt":"2025-06-04T20:53:14","guid":{"rendered":"https:\/\/wristbandfactory.eu\/?post_type=product&#038;p=4159"},"modified":"2026-04-01T21:52:04","modified_gmt":"2026-04-01T18:52:04","slug":"iml-printed-reusable-event-cups-bpa-free","status":"publish","type":"product","link":"https:\/\/displayproducts.eu\/sv\/p\/iml-printed-reusable-event-cups-bpa-free\/","title":{"rendered":"IML-tryckta \u00e5teranv\u00e4ndbara muggar"},"content":{"rendered":"<p data-path-to-node=\"8\"><span class=\"citation-103 citation-end-103\">Lyft ditt varum\u00e4rke och dina h\u00e5llbarhetsm\u00e5l med v\u00e5ra premium \u00e5teranv\u00e4ndbara eventmuggar, med h\u00f6guppl\u00f6st IML-tryck i fullf\u00e4rg. <\/span><span class=\"citation-102 citation-end-102\">Detta \u00e4r den ultimata l\u00f6sningen f\u00f6r festivaler, arenor och f\u00f6retag som s\u00f6ker ett slagkraftigt och milj\u00f6v\u00e4nligt varum\u00e4rkesverktyg. <\/span><span class=\"citation-101 citation-end-101\">Den h\u00e4r tekniken f\u00f6rvandlar en enkel kopp till en kraftfull, fotorealistisk souvenir som deltagarna vill beh\u00e5lla. <\/span><\/p>\n<p data-path-to-node=\"9\">Vi specialiserar oss p\u00e5 tv\u00e5 h\u00f6gkvalitativa, internt utvecklade trycktekniker f\u00f6r att matcha ditt varum\u00e4rkes behov:<\/p>\n<ol start=\"1\" data-path-to-node=\"10\">\n<li>\n<p data-path-to-node=\"10,0,1\"><b><span class=\"citation-100\">IML-tryck (In-Mold Labelling):<\/span><\/b><span class=\"citation-100 citation-end-100\"> V\u00e5rt toppval, med fantastisk, fotorealistisk grafik som omsluter hela koppen. <\/span><span class=\"citation-99 citation-end-99\">Denna unika teknik ger liv \u00e5t komplexa, f\u00e4rgglada designer med exceptionell detaljrikedom. <\/span><span class=\"citation-98 citation-end-98\">Vi erbjuder ett val mellan en elegant matt eller en klassisk transparent finish f\u00f6r att skapa den perfekta duken f\u00f6r ditt varum\u00e4rke. <\/span> (Minsta best\u00e4llning: 1 000 enheter)<span class=\"citation-97 citation-end-97\">. <\/span><\/p>\n<\/li>\n<li>\n<p data-path-to-node=\"10,1,1\"><b><span class=\"citation-96\">Roterande screentryck:<\/span><\/b><span class=\"citation-96 citation-end-96\"> En mycket h\u00e5llbar och kostnadseffektiv l\u00f6sning perfekt f\u00f6r vektorbaserade logotyper och otrycktare design. <\/span> Denna metod ger ett h\u00f6gkvalitativt och h\u00e5llbart tryck p\u00e5 antingen transparenta eller f\u00e4rgade muggar. (Minsta best\u00e4llning: 250 enheter)<span class=\"citation-95 citation-end-95\">. <\/span><\/p>\n<\/li>\n<\/ol>\n<p data-path-to-node=\"11\">Ut\u00f6ver varum\u00e4rkesbyggande \u00e4r dessa muggar en smart driftsinvestering. <span class=\"citation-94 citation-end-94\">De \u00e4r tillverkade i Europa och \u00e4r certifierade h\u00e4lsos\u00e4kra, 100% BPA-fria, livsmedelss\u00e4kra och 100% \u00e5tervinningsbara. <\/span><span class=\"citation-93 citation-end-93\">M\u00e5nga av v\u00e5ra IML-modeller (som Nicknack-serien) har en metrologiskt verifierad m\u00e4tskala f\u00f6r noggrann och professionell dryckesservering. <\/span><\/p>\n<p data-path-to-node=\"12\"><span class=\"citation-92 citation-end-92\">Den slitstarka PP-plastkonstruktionen \u00e4r byggd f\u00f6r att h\u00e5lla <\/span> och t\u00e5l maskindisk. (F\u00f6r maximal h\u00e5llbarhet p\u00e5 IML-m\u00f6nster rekommenderas handdiskning)<span class=\"citation-91 citation-end-91\">. <\/span><span class=\"citation-90 citation-end-90\">De finns i flera storlekar, inklusive 330 ml och 500 ml, och \u00e4r en praktisk, stapelbar och platsbesparande l\u00f6sning f\u00f6r alla typer av lokaler. <\/span><\/p>\n<p data-path-to-node=\"13\">De \u00e4r det perfekta h\u00e5llbara valet f\u00f6r:<\/p>\n<ul data-path-to-node=\"14\">\n<li>\n<p data-path-to-node=\"14,0,0\"><span class=\"citation-89 citation-end-89\">Festivaler, konserter och klubbar <\/span><\/p>\n<\/li>\n<li>\n<p data-path-to-node=\"14,1,0\"><span class=\"citation-88 citation-end-88\">Sportarenor och lagevenemang <\/span><\/p>\n<\/li>\n<li>\n<p data-path-to-node=\"14,2,0\"><span class=\"citation-87 citation-end-87\">F\u00f6retagsevenemang och m\u00e4ssor <\/span><\/p>\n<\/li>\n<li>\n<p data-path-to-node=\"14,3,0\"><span class=\"citation-86 citation-end-86\">Kommunala evenemang, m\u00e4ssor och marknader <\/span><\/p>\n<\/li>\n<\/ul>\n<p data-path-to-node=\"15\">Kontakta oss idag f\u00f6r att diskutera ditt IML- eller screentrycksprojekt och g\u00f6r ett best\u00e5ende intryck med dina specialdesignade \u00e5teranv\u00e4ndbara muggar.<\/p>\n<h3 data-path-to-node=\"16\"><b>Viktiga funktioner:<\/b><\/h3>\n<ul data-path-to-node=\"17\">\n<li>\n<p data-path-to-node=\"17,0,1\"><b><span class=\"citation-85\">Premium IML-utskrift:<\/span><\/b><span class=\"citation-85 citation-end-85\"> Erbjuder fotorealistisk, helt\u00e4ckande varum\u00e4rkesm\u00e4rkning \u00f6ver hela kupans yta. <\/span><\/p>\n<\/li>\n<li>\n<p data-path-to-node=\"17,1,1\"><b><span class=\"citation-84\">Anpassade finishalternativ:<\/span><\/b><span class=\"citation-84 citation-end-84\"> Finns i b\u00e5de matt och transparent finish f\u00f6r IML-design. <\/span><\/p>\n<\/li>\n<li>\n<p data-path-to-node=\"17,2,1\"><b><span class=\"citation-83\">H\u00e5llbar screentryck:<\/span><\/b><span class=\"citation-83 citation-end-83\"> Ett h\u00f6gkvalitativt och h\u00e5llbart alternativ f\u00f6r vektorbaserade logotyper. <\/span><\/p>\n<\/li>\n<li>\n<p data-path-to-node=\"17,3,1\"><b><span class=\"citation-82\">Certifierad h\u00e4lsos\u00e4ker:<\/span><\/b><span class=\"citation-82 citation-end-82\"> Tillverkad av 100% BPA-fri, livsmedelss\u00e4ker och 100% \u00e5tervinningsbar PP-plast. <\/span><\/p>\n<\/li>\n<li>\n<p data-path-to-node=\"17,4,1\"><b><span class=\"citation-81\">Verifierad m\u00e4tskala:<\/span><\/b><span class=\"citation-81 citation-end-81\"> M\u00e5nga modeller har en verifierad v\u00e5g f\u00f6r noggrann och j\u00e4mn dryckesservering. <\/span><\/p>\n<\/li>\n<li>\n<p data-path-to-node=\"17,5,1\"><b><span class=\"citation-80\">Flera kapaciteter:<\/span><\/b><span class=\"citation-80 citation-end-80\"> Finns i olika storlekar (t.ex. 330 ml, 500 ml) f\u00f6r att passa dina behov. <\/span><\/p>\n<\/li>\n<li>\n<p data-path-to-node=\"17,6,1\"><b><span class=\"citation-79\">H\u00f6gkvalitativ EU-produktion:<\/span><\/b><span class=\"citation-79 citation-end-79\"> Tillverkad i Europa (t.ex. Tjeckien) enligt h\u00f6ga s\u00e4kerhets- och kvalitetsstandarder. <\/span><\/p>\n<\/li>\n<\/ul>","protected":false},"excerpt":{"rendered":"<ul>\n<li data-path-to-node=\"7,0,0\"><span class=\"citation-108 citation-end-108\">F\u00f6rstklassig, fotorealistisk IML-utskrift i fullf\u00e4rg f\u00f6r maximal varum\u00e4rkesp\u00e5verkan. <\/span><\/li>\n<li data-path-to-node=\"7,0,0\"><span class=\"citation-107 citation-end-107\">Finns i flera storlekar (t.ex. 330 ml, 500 ml) och finishar (matt eller transparent). <\/span><\/li>\n<li data-path-to-node=\"7,0,0\"><span class=\"citation-106 citation-end-106\">Certifierat BPA-fritt, h\u00e4lsos\u00e4kert material <\/span><span class=\"citation-105 citation-end-105\">; m\u00e5nga modeller har en verifierad m\u00e4tskala. <\/span><\/li>\n<li data-path-to-node=\"7,0,0\"><span class=\"citation-104 citation-end-104\">Finns \u00e4ven med h\u00e5llbart, kostnadseffektivt rotationsscreentryck f\u00f6r otrycktare logotyper. <\/span><\/li>\n<li style=\"list-style-type: none;\"><\/li>\n<\/ul>","protected":false},"featured_media":6517,"comment_status":"closed","ping_status":"closed","template":"","meta":[],"product_brand":[],"product_cat":[111],"product_tag":[],"class_list":{"0":"post-4159","1":"product","2":"type-product","3":"status-publish","4":"has-post-thumbnail","6":"product_cat-reusable-event-cups","8":"first","9":"instock","10":"shipping-taxable","11":"purchasable","12":"product-type-simple"},"_links":{"self":[{"href":"https:\/\/displayproducts.eu\/sv\/wp-json\/wp\/v2\/product\/4159","targetHints":{"allow":["GET"]}}],"collection":[{"href":"https:\/\/displayproducts.eu\/sv\/wp-json\/wp\/v2\/product"}],"about":[{"href":"https:\/\/displayproducts.eu\/sv\/wp-json\/wp\/v2\/types\/product"}],"replies":[{"embeddable":true,"href":"https:\/\/displayproducts.eu\/sv\/wp-json\/wp\/v2\/comments?post=4159"}],"wp:featuredmedia":[{"embeddable":true,"href":"https:\/\/displayproducts.eu\/sv\/wp-json\/wp\/v2\/media\/6517"}],"wp:attachment":[{"href":"https:\/\/displayproducts.eu\/sv\/wp-json\/wp\/v2\/media?parent=4159"}],"wp:term":[{"taxonomy":"product_brand","embeddable":true,"href":"https:\/\/displayproducts.eu\/sv\/wp-json\/wp\/v2\/product_brand?post=4159"},{"taxonomy":"product_cat","embeddable":true,"href":"https:\/\/displayproducts.eu\/sv\/wp-json\/wp\/v2\/product_cat?post=4159"},{"taxonomy":"product_tag","embeddable":true,"href":"https:\/\/displayproducts.eu\/sv\/wp-json\/wp\/v2\/product_tag?post=4159"}],"curies":[{"name":"wp","href":"https:\/\/api.w.org\/{rel}","templated":true}]}}