{"id":4098,"date":"2025-05-09T18:19:48","date_gmt":"2025-05-09T15:19:48","guid":{"rendered":"https:\/\/wristbandfactory.eu\/?post_type=product&#038;p=4098"},"modified":"2026-04-01T21:52:04","modified_gmt":"2026-04-01T18:52:04","slug":"pu-leather-wristbands-with-details","status":"publish","type":"product","link":"https:\/\/displayproducts.eu\/sv\/p\/pu-leather-wristbands-with-details\/","title":{"rendered":"PU-l\u00e4derarmband med detaljer"},"content":{"rendered":"<p class=\"\" data-start=\"132\" data-end=\"394\">Ge din accessoarsamling en touch av gnistra och elegans med detta snygga armband i PU-imitationsl\u00e4der, med modern design och f\u00e4rgglada kristallliknande detaljer. Armbandet \u00e4r perfekt f\u00f6r b\u00e5de vardagsbruk och som en exklusiv f\u00f6retagspresent.<\/p>\n<p class=\"\" data-start=\"396\" data-end=\"640\">Det justerbara tryckknappsremmen passar olika handledsstorlekar. Armbandet finns i tre eleganta toner: guld, svart och silver \u2013 var och en f\u00f6rst\u00e4rker b\u00e4rarens stil p\u00e5 sitt s\u00e4tt och utg\u00f6r en vacker bakgrund f\u00f6r de glittrande stenarna.<\/p>\n<p class=\"\" data-start=\"642\" data-end=\"891\">Denna produkt kan ocks\u00e5 g\u00f6ras personlig \u2013 tryckomr\u00e5det \u00e4r placerat n\u00e4ra sp\u00e4nnet, d\u00e4r en logotyp eller ett meddelande kan l\u00e4ggas till med hj\u00e4lp av tampongtryck i enf\u00e4rgad, med en tryckstorlek p\u00e5 15 \u00d7 12 mm. Detta g\u00f6r armbandet idealiskt som reklam- eller kampanjg\u00e5va.<\/p>\n<p class=\"\" data-start=\"893\" data-end=\"912\"><strong data-start=\"893\" data-end=\"912\">Specifikationer:<\/strong><\/p>\n<ul data-start=\"913\" data-end=\"1238\">\n<li class=\"\" data-start=\"913\" data-end=\"941\">\n<p class=\"\" data-start=\"915\" data-end=\"941\"><strong data-start=\"915\" data-end=\"928\">Material:<\/strong> PU-l\u00e4der<\/p>\n<\/li>\n<li class=\"\" data-start=\"942\" data-end=\"995\">\n<p class=\"\" data-start=\"944\" data-end=\"995\"><strong data-start=\"944\" data-end=\"955\">Design:<\/strong> Glittrande detaljer med elegant finish<\/p>\n<\/li>\n<li class=\"\" data-start=\"996\" data-end=\"1038\">\n<p class=\"\" data-start=\"998\" data-end=\"1038\"><strong data-start=\"998\" data-end=\"1016\">F\u00e4rgalternativ:<\/strong> Guld, svart, silver<\/p>\n<\/li>\n<li class=\"\" data-start=\"1039\" data-end=\"1084\">\n<p class=\"\" data-start=\"1041\" data-end=\"1084\"><strong data-start=\"1041\" data-end=\"1051\">L\u00e5s:<\/strong> Justerbar tryckknappskn\u00e4ppning<\/p>\n<\/li>\n<li class=\"\" data-start=\"1085\" data-end=\"1118\">\n<p class=\"\" data-start=\"1087\" data-end=\"1118\"><strong data-start=\"1087\" data-end=\"1102\">M\u00e5tt:<\/strong> 20,5 \u00d7 2,6 cm<\/p>\n<\/li>\n<li class=\"\" data-start=\"1119\" data-end=\"1138\">\n<p class=\"\" data-start=\"1121\" data-end=\"1138\"><strong data-start=\"1121\" data-end=\"1132\">Vikt:<\/strong> 8 gram<\/p>\n<\/li>\n<li class=\"\" data-start=\"1139\" data-end=\"1181\">\n<p class=\"\" data-start=\"1141\" data-end=\"1181\"><strong data-start=\"1141\" data-end=\"1156\">Utskriftsomr\u00e5de:<\/strong> N\u00e4ra sp\u00e4nnet, 15 \u00d7 12 mm<\/p>\n<\/li>\n<li class=\"\" data-start=\"1182\" data-end=\"1238\">\n<p class=\"\" data-start=\"1184\" data-end=\"1238\"><strong data-start=\"1184\" data-end=\"1207\">Tryckteknik:<\/strong> Tampongtryck (max 1 f\u00e4rg)<\/p>\n<\/li>\n<\/ul>","protected":false},"excerpt":{"rendered":"<p class=\"\" data-start=\"80\" data-end=\"438\">Armbandet i PU-imitationsl\u00e4der har i\u00f6gonfallande kristallformade f\u00e4rgade detaljer. Armbandet har en justerbar tryckknapp och finns i tre snygga toner: guld, svart och silver \u2013 var och en framh\u00e4ver b\u00e4rarens personlighet. En logotyp eller ett meddelande kan l\u00e4ggas till bredvid sp\u00e4nnet med hj\u00e4lp av tampongtryck, vilket g\u00f6r det till en cool kampanj- eller reklamg\u00e5va.<\/p>","protected":false},"featured_media":6430,"comment_status":"closed","ping_status":"closed","template":"","meta":[],"product_brand":[],"product_cat":[66,117],"product_tag":[],"class_list":{"0":"post-4098","1":"product","2":"type-product","3":"status-publish","4":"has-post-thumbnail","6":"product_cat-wristbands","7":"product_cat-leather-wristbands","9":"first","10":"instock","11":"shipping-taxable","12":"purchasable","13":"product-type-simple"},"_links":{"self":[{"href":"https:\/\/displayproducts.eu\/sv\/wp-json\/wp\/v2\/product\/4098","targetHints":{"allow":["GET"]}}],"collection":[{"href":"https:\/\/displayproducts.eu\/sv\/wp-json\/wp\/v2\/product"}],"about":[{"href":"https:\/\/displayproducts.eu\/sv\/wp-json\/wp\/v2\/types\/product"}],"replies":[{"embeddable":true,"href":"https:\/\/displayproducts.eu\/sv\/wp-json\/wp\/v2\/comments?post=4098"}],"wp:featuredmedia":[{"embeddable":true,"href":"https:\/\/displayproducts.eu\/sv\/wp-json\/wp\/v2\/media\/6430"}],"wp:attachment":[{"href":"https:\/\/displayproducts.eu\/sv\/wp-json\/wp\/v2\/media?parent=4098"}],"wp:term":[{"taxonomy":"product_brand","embeddable":true,"href":"https:\/\/displayproducts.eu\/sv\/wp-json\/wp\/v2\/product_brand?post=4098"},{"taxonomy":"product_cat","embeddable":true,"href":"https:\/\/displayproducts.eu\/sv\/wp-json\/wp\/v2\/product_cat?post=4098"},{"taxonomy":"product_tag","embeddable":true,"href":"https:\/\/displayproducts.eu\/sv\/wp-json\/wp\/v2\/product_tag?post=4098"}],"curies":[{"name":"wp","href":"https:\/\/api.w.org\/{rel}","templated":true}]}}