{"id":4065,"date":"2025-05-09T17:33:44","date_gmt":"2025-05-09T14:33:44","guid":{"rendered":"https:\/\/wristbandfactory.eu\/?post_type=product&#038;p=4065"},"modified":"2026-04-01T21:52:04","modified_gmt":"2026-04-01T18:52:04","slug":"three-strand-leather-wristband-with-light-green-glass-beads","status":"publish","type":"product","link":"https:\/\/displayproducts.eu\/sv\/p\/three-strand-leather-wristband-with-light-green-glass-beads\/","title":{"rendered":"Tredelat l\u00e4derarmband med glasp\u00e4rlor"},"content":{"rendered":"<p data-path-to-node=\"12\">Letar du efter en f\u00f6retagspresent som k\u00e4nns mer som en modeaccessoar \u00e4n en reklamartikel? <b data-path-to-node=\"12\" data-index-in-node=\"124\">Handgjort armband i l\u00e4der med tre str\u00e4ngar<\/b> blandar rustik charm med elegans. Till skillnad fr\u00e5n vanliga silikon- eller tygarmband \u00e4r detta armband tillverkat av naturmaterial, vilket g\u00f6r det till ett utm\u00e4rkt val f\u00f6r milj\u00f6medvetna varum\u00e4rken, butiksevenemang och presenter f\u00f6r anst\u00e4llda.<\/p>\n<h2 data-path-to-node=\"13\">Viktiga funktioner<\/h2>\n<ul data-path-to-node=\"14\">\n<li>\n<p data-path-to-node=\"14,0,0\"><b data-path-to-node=\"14,0,0\" data-index-in-node=\"0\">Distinkt triodesign:<\/b> Armbandet kombinerar en sl\u00e4t ljusbrun l\u00e4derremsa, en texturerad fl\u00e4tad m\u00f6rkbrun l\u00e4dersn\u00f6re och en mittstr\u00e4ng prydd med ljusgr\u00f6na glasp\u00e4rlor.<\/p>\n<\/li>\n<li>\n<p data-path-to-node=\"14,1,0\"><b data-path-to-node=\"14,1,0\" data-index-in-node=\"0\">M\u00e4rkesf\u00f6rpackningar:<\/b> Anpassning till\u00e4mpas p\u00e5 <b data-path-to-node=\"14,1,0\" data-index-in-node=\"51\">Kraftpapperskort<\/b> h\u00e5ller armbandet. Vi anv\u00e4nder tampongtryck (upp till 4 f\u00e4rger) f\u00f6r att visa din logotyp eller ditt budskap direkt ovanf\u00f6r armbandet, vilket skapar en professionell presentation som \u00e4r redo f\u00f6r detaljhandeln.<\/p>\n<\/li>\n<li>\n<p data-path-to-node=\"14,2,0\"><b data-path-to-node=\"14,2,0\" data-index-in-node=\"0\">Universell komfort:<\/b> Den justerbara vaxade bomullsst\u00e4ngningen s\u00e4kerst\u00e4ller en bekv\u00e4m passform f\u00f6r olika handledsstorlekar, vilket eliminerar behovet av komplexa storlekstabeller.<\/p>\n<\/li>\n<li>\n<p data-path-to-node=\"14,3,0\"><b data-path-to-node=\"14,3,0\" data-index-in-node=\"0\">Klar f\u00f6r present:<\/b> Dessa armband levereras monterade p\u00e5 kortet och \u00e4r direkt redo att delas ut vid evenemang eller inkluderas i v\u00e4lkomstp\u00e5sar.<\/p>\n<\/li>\n<\/ul>\n<h2 data-path-to-node=\"15\">Specifikationer<\/h2>\n<ul data-path-to-node=\"16\">\n<li>\n<p data-path-to-node=\"16,0,0\"><b data-path-to-node=\"16,0,0\" data-index-in-node=\"0\">Material:<\/b> \u00c4kta l\u00e4der, glasp\u00e4rlor, vaxad bomull.<\/p>\n<\/li>\n<li>\n<p data-path-to-node=\"16,1,0\"><b data-path-to-node=\"16,1,0\" data-index-in-node=\"0\">M\u00e5tt:<\/b> 26 \u00d7 1,2 cm (Justerbar l\u00e4ngd).<\/p>\n<\/li>\n<li>\n<p data-path-to-node=\"16,2,0\"><b data-path-to-node=\"16,2,0\" data-index-in-node=\"0\">Vikt:<\/b> 6g.<\/p>\n<\/li>\n<li>\n<p data-path-to-node=\"16,3,0\"><b data-path-to-node=\"16,3,0\" data-index-in-node=\"0\">Varum\u00e4rkesomr\u00e5de:<\/b> 25 \u00d7 15 mm (P\u00e5 korthuvudet).<\/p>\n<\/li>\n<li>\n<p data-path-to-node=\"16,4,0\"><b data-path-to-node=\"16,4,0\" data-index-in-node=\"0\">Tryckteknik:<\/b> Tampotryck (max 4 f\u00e4rger).<\/p>\n<\/li>\n<li>\n<p data-path-to-node=\"16,5,0\"><b data-path-to-node=\"16,5,0\" data-index-in-node=\"0\">F\u00f6rpackning:<\/b> Milj\u00f6v\u00e4nligt kraftpapperskort.<\/p>\n<\/li>\n<\/ul>\n<h2 data-path-to-node=\"17\">Anv\u00e4ndningsfall<\/h2>\n<ul data-path-to-node=\"18\">\n<li>\n<p data-path-to-node=\"18,0,0\"><b data-path-to-node=\"18,0,0\" data-index-in-node=\"0\">F\u00f6retagsg\u00e5vor:<\/b> En snygg och v\u00e4rdefull present till anst\u00e4llda eller partners.<\/p>\n<\/li>\n<li>\n<p data-path-to-node=\"18,1,0\"><b data-path-to-node=\"18,1,0\" data-index-in-node=\"0\">Festivalens VIP-present:<\/b> En boho-chic accessoar som g\u00e4sterna kommer att b\u00e4ra l\u00e5ngt efter evenemanget.<\/p>\n<\/li>\n<li>\n<p data-path-to-node=\"18,2,0\"><b data-path-to-node=\"18,2,0\" data-index-in-node=\"0\">V\u00e4lg\u00f6renhetskampanjer:<\/b> Ett subtilt, naturinspirerat armband f\u00f6r att st\u00f6dja milj\u00f6fr\u00e5gor.<\/p>\n<\/li>\n<li>\n<p data-path-to-node=\"18,3,0\"><b data-path-to-node=\"18,3,0\" data-index-in-node=\"0\">Detaljhandelsvaror:<\/b> Perfekt f\u00f6r museibutiker, djurparker eller naturreservat att s\u00e4lja med anpassad varum\u00e4rkesprofilering.<\/p>\n<\/li>\n<\/ul>\n<p data-path-to-node=\"19\">","protected":false},"excerpt":{"rendered":"<ul>\n<li>\n<p data-path-to-node=\"11,0,0\"><b data-path-to-node=\"11,0,0\" data-index-in-node=\"0\">Handgjord design:<\/b> Har tre distinkta tr\u00e5dar \u2013 sl\u00e4tt l\u00e4der, fl\u00e4tat l\u00e4der och gr\u00f6na glasp\u00e4rlor.<\/p>\n<\/li>\n<li>\n<p data-path-to-node=\"11,1,0\"><b data-path-to-node=\"11,1,0\" data-index-in-node=\"0\">Anpassad varum\u00e4rkesbyggande:<\/b> Er logotyp \u00e4r tampongtryckt p\u00e5 det medf\u00f6ljande kraftpappersdisplaykortet.<\/p>\n<\/li>\n<li>\n<p data-path-to-node=\"11,2,0\"><b data-path-to-node=\"11,2,0\" data-index-in-node=\"0\">Justerbar passform:<\/b> F\u00e4sts med en slitstark vaxad bomullsknut f\u00f6r att passa de flesta handledsstorlekar.<\/p>\n<\/li>\n<li>\n<p data-path-to-node=\"11,3,0\"><b data-path-to-node=\"11,3,0\" data-index-in-node=\"0\">Naturliga material:<\/b> Tillverkad av \u00e4kta l\u00e4der och glas f\u00f6r ett premiumutseende i butikskvalitet.<\/p>\n<\/li>\n<\/ul>","protected":false},"featured_media":6412,"comment_status":"closed","ping_status":"closed","template":"","meta":[],"product_brand":[],"product_cat":[66,117],"product_tag":[],"class_list":{"0":"post-4065","1":"product","2":"type-product","3":"status-publish","4":"has-post-thumbnail","6":"product_cat-wristbands","7":"product_cat-leather-wristbands","9":"first","10":"instock","11":"shipping-taxable","12":"purchasable","13":"product-type-simple"},"_links":{"self":[{"href":"https:\/\/displayproducts.eu\/sv\/wp-json\/wp\/v2\/product\/4065","targetHints":{"allow":["GET"]}}],"collection":[{"href":"https:\/\/displayproducts.eu\/sv\/wp-json\/wp\/v2\/product"}],"about":[{"href":"https:\/\/displayproducts.eu\/sv\/wp-json\/wp\/v2\/types\/product"}],"replies":[{"embeddable":true,"href":"https:\/\/displayproducts.eu\/sv\/wp-json\/wp\/v2\/comments?post=4065"}],"wp:featuredmedia":[{"embeddable":true,"href":"https:\/\/displayproducts.eu\/sv\/wp-json\/wp\/v2\/media\/6412"}],"wp:attachment":[{"href":"https:\/\/displayproducts.eu\/sv\/wp-json\/wp\/v2\/media?parent=4065"}],"wp:term":[{"taxonomy":"product_brand","embeddable":true,"href":"https:\/\/displayproducts.eu\/sv\/wp-json\/wp\/v2\/product_brand?post=4065"},{"taxonomy":"product_cat","embeddable":true,"href":"https:\/\/displayproducts.eu\/sv\/wp-json\/wp\/v2\/product_cat?post=4065"},{"taxonomy":"product_tag","embeddable":true,"href":"https:\/\/displayproducts.eu\/sv\/wp-json\/wp\/v2\/product_tag?post=4065"}],"curies":[{"name":"wp","href":"https:\/\/api.w.org\/{rel}","templated":true}]}}