{"id":4046,"date":"2025-05-09T17:16:59","date_gmt":"2025-05-09T14:16:59","guid":{"rendered":"https:\/\/wristbandfactory.eu\/?post_type=product&#038;p=4046"},"modified":"2026-04-01T21:52:04","modified_gmt":"2026-04-01T18:52:04","slug":"custom-leather-wristbands","status":"publish","type":"product","link":"https:\/\/displayproducts.eu\/sv\/p\/custom-leather-wristbands\/","title":{"rendered":"Anpassade l\u00e4derarmband"},"content":{"rendered":"<p>Detta eleganta armband \u00e4r tillverkat av h\u00f6gkvalitativt brunt l\u00e4der, accentuerat med slitstarka vaxade bomullssn\u00f6ren och smakfulla f\u00f6rsilvrade p\u00e4rlor. En central p\u00e4rla med den universella fredssymbolen ger en meningsfull touch som representerar harmoni och partnerskap. Designen \u00e4r f\u00e4st med ett sp\u00e4nne i polerad silverf\u00e4rgad metalllegering, vilket s\u00e4kerst\u00e4ller b\u00e5de h\u00e5llbarhet och en raffinerad finish f\u00f6r vardagligt bruk.<\/p>\n<p>Nyckeln till dess v\u00e4rde som marknadsf\u00f6ringsverktyg ligger i dess f\u00f6rpackning. Varje armband \u00e4r monterat p\u00e5 en naturlig kraftpapperskartong, som fungerar som en duk f\u00f6r ditt varum\u00e4rke. Vi erbjuder exakt tampongtryck av din f\u00f6retagslogotyp eller ett anpassat meddelande i upp till fyra f\u00e4rger inom ett omr\u00e5de p\u00e5 25 \u00d7 15 mm. Denna genomt\u00e4nkta presentation s\u00e4kerst\u00e4ller att ditt varum\u00e4rke \u00e4r i centrum och skapar ett best\u00e5ende intryck l\u00e5ngt efter att g\u00e5van har mottagits.<\/p>\n<p><b>Viktiga funktioner:<\/b><\/p>\n<ul>\n<li><b>Material:<\/b> \u00c4kta l\u00e4der, vaxad bomull och f\u00f6rsilvrad legering<\/li>\n<li><b>Varum\u00e4rkesbyggande:<\/b> Specialtryckt kraftpapperskort<\/li>\n<li><b>Utskriftsomr\u00e5de:<\/b> 25 \u00d7 15 mm p\u00e5 kortets ovansida<\/li>\n<li><b>Utskriftsmetod:<\/b> H\u00f6gkvalitativt tampongtryck (upp till 4 f\u00e4rger)<\/li>\n<li><b>Symbolism:<\/b> Har en p\u00e4rla med fredssymbol f\u00f6r ett budskap om enighet<\/li>\n<li><b>L\u00e5s:<\/b> S\u00e4kert och snyggt sp\u00e4nne i silverf\u00e4rgad metalllegering<\/li>\n<\/ul>\n<p>&nbsp;<\/p>","protected":false},"excerpt":{"rendered":"<article class=\"text-token-text-primary w-full\" dir=\"auto\" data-testid=\"conversation-turn-440\" data-scroll-anchor=\"true\">\n<div class=\"text-base my-auto mx-auto py-5 [--thread-content-margin:--spacing(4)] @[37rem]:[--thread-content-margin:--spacing(6)] @[72rem]:[--thread-content-margin:--spacing(16)] px-(--thread-content-margin)\">\n<div class=\"[--thread-content-max-width:32rem] @[34rem]:[--thread-content-max-width:40rem] @[64rem]:[--thread-content-max-width:48rem] mx-auto flex max-w-(--thread-content-max-width) flex-1 text-base gap-4 md:gap-5 lg:gap-6 group\/turn-messages focus-visible:outline-hidden\" tabindex=\"-1\">\n<div class=\"group\/conversation-turn relative flex w-full min-w-0 flex-col agent-turn\">\n<div class=\"relative flex-col gap-1 md:gap-3\">\n<div class=\"flex max-w-full flex-col grow\">\n<div class=\"min-h-8 text-message relative flex w-full flex-col items-end gap-2 text-start break-words whitespace-normal [.text-message+&amp;]:mt-5\" dir=\"auto\" data-message-author-role=\"assistant\" data-message-id=\"90623f22-b929-41cf-a2ca-210f95d4ea1a\" data-message-model-slug=\"gpt-4o\">\n<div class=\"flex w-full flex-col gap-1 empty:hidden first:pt-[3px]\">\n<div class=\"markdown prose dark:prose-invert w-full break-words light\">\n<p>Uppt\u00e4ck den perfekta f\u00f6retagspresenten som kombinerar tidl\u00f6s stil med kraftfull varum\u00e4rkesk\u00e4nnedom. V\u00e5ra premium l\u00e4derarmband erbjuder ett sofistikerat s\u00e4tt att visa uppskattning till kunder, bel\u00f6na anst\u00e4llda eller skapa unika varor. Presenterad p\u00e5 ett helt anpassningsbart bakkort f\u00f6rvandlar denna produkt en enkel gest till en minnesv\u00e4rd varum\u00e4rkesupplevelse.<\/p>\n<\/div>\n<\/div>\n<\/div>\n<\/div>\n<\/div>\n<\/div>\n<\/div>\n<\/div>\n<\/article>\n<div class=\"pointer-events-none h-px w-px\" aria-hidden=\"true\" data-edge=\"true\"><\/div>","protected":false},"featured_media":6404,"comment_status":"closed","ping_status":"closed","template":"","meta":[],"product_brand":[],"product_cat":[66,117],"product_tag":[],"class_list":{"0":"post-4046","1":"product","2":"type-product","3":"status-publish","4":"has-post-thumbnail","6":"product_cat-wristbands","7":"product_cat-leather-wristbands","9":"first","10":"instock","11":"shipping-taxable","12":"purchasable","13":"product-type-simple"},"_links":{"self":[{"href":"https:\/\/displayproducts.eu\/sv\/wp-json\/wp\/v2\/product\/4046","targetHints":{"allow":["GET"]}}],"collection":[{"href":"https:\/\/displayproducts.eu\/sv\/wp-json\/wp\/v2\/product"}],"about":[{"href":"https:\/\/displayproducts.eu\/sv\/wp-json\/wp\/v2\/types\/product"}],"replies":[{"embeddable":true,"href":"https:\/\/displayproducts.eu\/sv\/wp-json\/wp\/v2\/comments?post=4046"}],"wp:featuredmedia":[{"embeddable":true,"href":"https:\/\/displayproducts.eu\/sv\/wp-json\/wp\/v2\/media\/6404"}],"wp:attachment":[{"href":"https:\/\/displayproducts.eu\/sv\/wp-json\/wp\/v2\/media?parent=4046"}],"wp:term":[{"taxonomy":"product_brand","embeddable":true,"href":"https:\/\/displayproducts.eu\/sv\/wp-json\/wp\/v2\/product_brand?post=4046"},{"taxonomy":"product_cat","embeddable":true,"href":"https:\/\/displayproducts.eu\/sv\/wp-json\/wp\/v2\/product_cat?post=4046"},{"taxonomy":"product_tag","embeddable":true,"href":"https:\/\/displayproducts.eu\/sv\/wp-json\/wp\/v2\/product_tag?post=4046"}],"curies":[{"name":"wp","href":"https:\/\/api.w.org\/{rel}","templated":true}]}}