{"id":4024,"date":"2025-05-09T16:57:10","date_gmt":"2025-05-09T13:57:10","guid":{"rendered":"https:\/\/wristbandfactory.eu\/?post_type=product&#038;p=4024"},"modified":"2026-04-01T21:52:36","modified_gmt":"2026-04-01T18:52:36","slug":"custom-engraved-multifunctional-paracord-survival-wristbands","status":"publish","type":"product","link":"https:\/\/displayproducts.eu\/sv\/p\/custom-engraved-multifunctional-paracord-survival-wristbands\/","title":{"rendered":"Paracord-armband med gravyr"},"content":{"rendered":"<p data-path-to-node=\"8\">F\u00f6rh\u00f6j din f\u00f6retagspresent med ett verktyg som kombinerar funktionalitet med robust stil. V\u00e5rt multifunktionella paracord-\u00f6verlevnadsarmband \u00e4r mer \u00e4n bara ett tillbeh\u00f6r; det \u00e4r ett kompakt n\u00f6dkit designat f\u00f6r aktiva individer och \u00e4ventyrslystna. Oavsett om det anv\u00e4nds f\u00f6r vandring, camping eller taktisk tr\u00e4ning, ger detta armband viktiga verktyg direkt p\u00e5 handleden.<\/p>\n<p data-path-to-node=\"9\">Armbandets k\u00e4rna \u00e4r tillverkad av h\u00f6gh\u00e5llfast nylonparacord som kan rullas av i n\u00f6dsituationer. Det integrerade, s\u00e4kra sp\u00e4nnet rymmer en h\u00f6gljudd n\u00f6dvissla och en t\u00e4ndskrapa, medan toppen har en p\u00e5litlig kompass och en robust flasf\u00e5 offertpnare.<\/p>\n<h2 data-path-to-node=\"10\">Viktiga funktioner<\/h2>\n<ul data-path-to-node=\"11\">\n<li>\n<p data-path-to-node=\"11,0,0\"><b data-path-to-node=\"11,0,0\" data-index-in-node=\"0\">Allt-i-ett-verktyg:<\/b> Fem viktiga \u00f6verlevnadsverktyg integrerade i en enda b\u00e4rbar design.<\/p>\n<\/li>\n<li>\n<p data-path-to-node=\"11,1,0\"><b data-path-to-node=\"11,1,0\" data-index-in-node=\"0\">Anpassad lasergravering:<\/b> Er f\u00f6retagslogotyp \u00e4r precisionsgraverad p\u00e5 metallplattan, vilket s\u00e4kerst\u00e4ller att varum\u00e4rket aldrig bleknar eller flagnar.<\/p>\n<\/li>\n<li>\n<p data-path-to-node=\"11,2,0\"><b data-path-to-node=\"11,2,0\" data-index-in-node=\"0\">Robust konstruktion:<\/b> Byggd f\u00f6r att motst\u00e5 tuffa milj\u00f6f\u00f6rh\u00e5llanden, vilket g\u00f6r den till en favorit f\u00f6r friluftsentusiaster.<\/p>\n<\/li>\n<li>\n<p data-path-to-node=\"11,3,0\"><b data-path-to-node=\"11,3,0\" data-index-in-node=\"0\">Ergonomisk passform:<\/b> Utformad f\u00f6r komfort under l\u00e5ngvarigt bruk, med ett s\u00e4kert sp\u00e4nnessystem.<\/p>\n<\/li>\n<\/ul>\n<h2 data-path-to-node=\"12\">Specifikationer<\/h2>\n<ul data-path-to-node=\"13\">\n<li>\n<p data-path-to-node=\"13,0,0\"><b data-path-to-node=\"13,0,0\" data-index-in-node=\"0\">Material:<\/b> H\u00f6gh\u00e5llfast nylon paracord och metallkomponenter<\/p>\n<\/li>\n<li>\n<p data-path-to-node=\"13,1,0\"><b data-path-to-node=\"13,1,0\" data-index-in-node=\"0\">M\u00e5tt:<\/b> 25,5 \u00d7 3,4 \u00d7 1,1 cm<\/p>\n<\/li>\n<li>\n<p data-path-to-node=\"13,2,0\"><b data-path-to-node=\"13,2,0\" data-index-in-node=\"0\">Vikt:<\/b> 36 gram<\/p>\n<\/li>\n<li>\n<p data-path-to-node=\"13,3,0\"><b data-path-to-node=\"13,3,0\" data-index-in-node=\"0\">Integrerade funktioner:<\/b> Armband, kompass, visselpipa, t\u00e4ndskrapa, flasf\u00e5 offertpnare<\/p>\n<\/li>\n<li>\n<p data-path-to-node=\"13,4,0\"><b data-path-to-node=\"13,4,0\" data-index-in-node=\"0\">Anpassningsomr\u00e5de:<\/b> 20 \u00d7 10 mm p\u00e5 metallplattan<\/p>\n<\/li>\n<li>\n<p data-path-to-node=\"13,5,0\"><b data-path-to-node=\"13,5,0\" data-index-in-node=\"0\">Teknik:<\/b> Enf\u00e4rgad lasergravering<\/p>\n<\/li>\n<\/ul>\n<h2 data-path-to-node=\"14\">Anv\u00e4ndningsfall<\/h2>\n<ul data-path-to-node=\"15\">\n<li>\n<p data-path-to-node=\"15,0,0\"><b data-path-to-node=\"15,0,0\" data-index-in-node=\"0\">F\u00f6retagsteambuilding:<\/b> En perfekt present f\u00f6r vildmarksresor och \u00f6verlevnadsutmaningar utomhus.<\/p>\n<\/li>\n<li>\n<p data-path-to-node=\"15,1,0\"><b data-path-to-node=\"15,1,0\" data-index-in-node=\"0\">\u00c4ventyrsturism:<\/b> Resebyr\u00e5er och researrang\u00f6rer kan erbjuda sina kunder m\u00e4rkesutrustning.<\/p>\n<\/li>\n<li>\n<p data-path-to-node=\"15,2,0\"><b data-path-to-node=\"15,2,0\" data-index-in-node=\"0\">Detaljhandel och varuhandel:<\/b> Utm\u00e4rkt och h\u00f6gt upplevt v\u00e4rdefull vara f\u00f6r frilufts- och sportaff\u00e4rer.<\/p>\n<\/li>\n<li>\n<p data-path-to-node=\"15,3,0\"><b data-path-to-node=\"15,3,0\" data-index-in-node=\"0\">S\u00e4kerhetsmedvetenhetskampanjer:<\/b> Idealisk f\u00f6r organisationer med fokus p\u00e5 beredskap och r\u00e4ddningstj\u00e4nst.<\/p>\n<\/li>\n<\/ul>","protected":false},"excerpt":{"rendered":"<article class=\"text-token-text-primary w-full\" dir=\"auto\" data-testid=\"conversation-turn-434\" data-scroll-anchor=\"true\">\n<div class=\"text-base my-auto mx-auto py-5 [--thread-content-margin:--spacing(4)] @[37rem]:[--thread-content-margin:--spacing(6)] @[72rem]:[--thread-content-margin:--spacing(16)] px-(--thread-content-margin)\">\n<div class=\"[--thread-content-max-width:32rem] @[34rem]:[--thread-content-max-width:40rem] @[64rem]:[--thread-content-max-width:48rem] mx-auto flex max-w-(--thread-content-max-width) flex-1 text-base gap-4 md:gap-5 lg:gap-6 group\/turn-messages focus-visible:outline-hidden\" tabindex=\"-1\">\n<div class=\"group\/conversation-turn relative flex w-full min-w-0 flex-col agent-turn\">\n<div class=\"relative flex-col gap-1 md:gap-3\">\n<div class=\"flex max-w-full flex-col grow\">\n<div class=\"min-h-8 text-message relative flex w-full flex-col items-end gap-2 text-start break-words whitespace-normal [.text-message+&amp;]:mt-5\" dir=\"auto\" data-message-author-role=\"assistant\" data-message-id=\"209e0cfa-4190-4646-a2b0-a9a360850576\" data-message-model-slug=\"gpt-4o\">\n<div class=\"flex w-full flex-col gap-1 empty:hidden first:pt-[3px]\">\n<div class=\"markdown prose dark:prose-invert w-full break-words light\">\n<ul>\n<li>\n<p data-path-to-node=\"7,0,0\"><b data-path-to-node=\"7,0,0\" data-index-in-node=\"0\">Multifunktionellt 5-i-1-verktyg:<\/b> Inneh\u00e5ller kompass, visselpipa, t\u00e4ndst\u00e5l, flasf\u00e5 offertpnare och slitstarkt fallsk\u00e4rmslina.<\/p>\n<\/li>\n<li>\n<p data-path-to-node=\"7,1,0\"><b data-path-to-node=\"7,1,0\" data-index-in-node=\"0\">Premiumvarum\u00e4rke:<\/b> Professionell lasergravering p\u00e5 en 20 \u00d7 10 mm metallplatta f\u00f6r permanent logotypsynlighet.<\/p>\n<\/li>\n<li>\n<p data-path-to-node=\"7,2,0\"><b data-path-to-node=\"7,2,0\" data-index-in-node=\"0\">Extrem h\u00e5llbarhet:<\/b> Tillverkad av kraftig nylon, designad f\u00f6r utomhus\u00e4ventyr och n\u00f6dberedskap.<\/p>\n<\/li>\n<li>\n<p data-path-to-node=\"7,3,0\"><b data-path-to-node=\"7,3,0\" data-index-in-node=\"0\">B2B-m\u00e5ngsidighet:<\/b> Perfekt f\u00f6r resebyr\u00e5er, teambuilding-evenemang och \u00e5terf\u00f6rs\u00e4ljare av friluftsutrustning.<\/p>\n<\/li>\n<\/ul>\n<\/div>\n<\/div>\n<\/div>\n<\/div>\n<\/div>\n<\/div>\n<\/div>\n<\/div>\n<\/article>","protected":false},"featured_media":6416,"comment_status":"closed","ping_status":"closed","template":"","meta":[],"product_brand":[],"product_cat":[66,112,45],"product_tag":[],"class_list":{"0":"post-4024","1":"product","2":"type-product","3":"status-publish","4":"has-post-thumbnail","6":"product_cat-wristbands","7":"product_cat-paracord-wristbands","8":"product_cat-other","10":"first","11":"instock","12":"shipping-taxable","13":"purchasable","14":"product-type-simple"},"_links":{"self":[{"href":"https:\/\/displayproducts.eu\/sv\/wp-json\/wp\/v2\/product\/4024","targetHints":{"allow":["GET"]}}],"collection":[{"href":"https:\/\/displayproducts.eu\/sv\/wp-json\/wp\/v2\/product"}],"about":[{"href":"https:\/\/displayproducts.eu\/sv\/wp-json\/wp\/v2\/types\/product"}],"replies":[{"embeddable":true,"href":"https:\/\/displayproducts.eu\/sv\/wp-json\/wp\/v2\/comments?post=4024"}],"wp:featuredmedia":[{"embeddable":true,"href":"https:\/\/displayproducts.eu\/sv\/wp-json\/wp\/v2\/media\/6416"}],"wp:attachment":[{"href":"https:\/\/displayproducts.eu\/sv\/wp-json\/wp\/v2\/media?parent=4024"}],"wp:term":[{"taxonomy":"product_brand","embeddable":true,"href":"https:\/\/displayproducts.eu\/sv\/wp-json\/wp\/v2\/product_brand?post=4024"},{"taxonomy":"product_cat","embeddable":true,"href":"https:\/\/displayproducts.eu\/sv\/wp-json\/wp\/v2\/product_cat?post=4024"},{"taxonomy":"product_tag","embeddable":true,"href":"https:\/\/displayproducts.eu\/sv\/wp-json\/wp\/v2\/product_tag?post=4024"}],"curies":[{"name":"wp","href":"https:\/\/api.w.org\/{rel}","templated":true}]}}