{"id":3908,"date":"2025-05-08T15:38:19","date_gmt":"2025-05-08T12:38:19","guid":{"rendered":"https:\/\/wristbandfactory.eu\/?post_type=product&#038;p=3908"},"modified":"2026-04-01T21:52:36","modified_gmt":"2026-04-01T18:52:36","slug":"phone-wrist-straps-with-bamboo-holder","status":"publish","type":"product","link":"https:\/\/displayproducts.eu\/sv\/p\/phone-wrist-straps-with-bamboo-holder\/","title":{"rendered":"Telefonarmband med bambuh\u00e5llare"},"content":{"rendered":"<p>Ge en funktionell och milj\u00f6v\u00e4nlig f\u00f6retagspresent med v\u00e5r handledsrem i bomull f\u00f6r mobiltelefoner. Denna praktiska produkt \u00e4r perfekt f\u00f6r att h\u00e5lla smartphones s\u00e4kra och tillg\u00e4ngliga under konferenser, m\u00e4ssor eller f\u00f6retagsevenemang, vilket m\u00f6jligg\u00f6r handsfree-r\u00f6relse.<\/p>\n<p>Remmen \u00e4r tillverkad av mjuk och slitstark bomull, medan telefonh\u00e5llardelen \u00e4r tillverkad av h\u00e5llbar bambu. Denna bambudel erbjuder en elegant och framtr\u00e4dande yta f\u00f6r varum\u00e4rkesbyggande, perfekt l\u00e4mpad f\u00f6r exakt lasergravering av din f\u00f6retagslogotyp.<\/p>\n<p>Setet inneh\u00e5ller ett monteringsverktyg som diskret placeras mellan telefonen och fodralet f\u00f6r s\u00e4ker fasts\u00e4ttning. Varje armband \u00e4r individuellt f\u00f6rpackat i en p\u00e5se av \u00e5tervunnet papper, vilket betonar er organisations engagemang f\u00f6r h\u00e5llbarhet, vilket g\u00f6r det till ett perfekt utdelningsobjekt f\u00f6r milj\u00f6medvetna varum\u00e4rken.<\/p>\n<p><b>Viktiga funktioner:<\/b><\/p>\n<ul>\n<li><b>Praktisk handsfree-l\u00f6sning:<\/b> H\u00e5ller smartphones s\u00e4kra och tillg\u00e4ngliga vid f\u00f6retagsevenemang.<\/li>\n<li><b>Milj\u00f6v\u00e4nliga material:<\/b> Tillverkad av mjuk bomull och en h\u00e5llbar bambuh\u00e5llare.<\/li>\n<li><b>Premium varum\u00e4rkesyta:<\/b> Bambuh\u00e5llare \u00e4r idealisk f\u00f6r lasergravering eller tampongtryck.<\/li>\n<li><b>Justerbar design:<\/b> Passar bekv\u00e4mt p\u00e5 alla handledsstorlekar f\u00f6r universell anv\u00e4ndning.<\/li>\n<li><b>H\u00e5llbara f\u00f6rpackningar:<\/b> Individuellt f\u00f6rpackade i en p\u00e5se av \u00e5tervunnet papper, vilket f\u00f6rst\u00e4rker ditt milj\u00f6v\u00e4nliga budskap.<\/li>\n<li><b>M\u00e5ngsidig utskrift:<\/b> Anpassa med lasergravyr, tampongtryck eller transfertryck.<\/li>\n<\/ul>","protected":false},"excerpt":{"rendered":"<ul>\n<li>Milj\u00f6v\u00e4nlig f\u00f6retagspresent tillverkad av mjuk bomull och h\u00e5llbar bambu.<\/li>\n<li>Ger handsfree-telefon\u00e5tkomst, perfekt f\u00f6r konferenser och aktiva evenemang.<\/li>\n<li>Bambuh\u00e5llare \u00e4r perfekt f\u00f6r lasergravering av din logotyp.<\/li>\n<li>Individuellt f\u00f6rpackade i en p\u00e5se av \u00e5tervunnet papper f\u00f6r enkel distribution.<\/li>\n<\/ul>","protected":false},"featured_media":6657,"comment_status":"closed","ping_status":"closed","template":"","meta":[],"product_brand":[],"product_cat":[128],"product_tag":[],"class_list":{"0":"post-3908","1":"product","2":"type-product","3":"status-publish","4":"has-post-thumbnail","6":"product_cat-mobile-tech-accessories","8":"first","9":"instock","10":"shipping-taxable","11":"purchasable","12":"product-type-simple"},"_links":{"self":[{"href":"https:\/\/displayproducts.eu\/sv\/wp-json\/wp\/v2\/product\/3908","targetHints":{"allow":["GET"]}}],"collection":[{"href":"https:\/\/displayproducts.eu\/sv\/wp-json\/wp\/v2\/product"}],"about":[{"href":"https:\/\/displayproducts.eu\/sv\/wp-json\/wp\/v2\/types\/product"}],"replies":[{"embeddable":true,"href":"https:\/\/displayproducts.eu\/sv\/wp-json\/wp\/v2\/comments?post=3908"}],"wp:featuredmedia":[{"embeddable":true,"href":"https:\/\/displayproducts.eu\/sv\/wp-json\/wp\/v2\/media\/6657"}],"wp:attachment":[{"href":"https:\/\/displayproducts.eu\/sv\/wp-json\/wp\/v2\/media?parent=3908"}],"wp:term":[{"taxonomy":"product_brand","embeddable":true,"href":"https:\/\/displayproducts.eu\/sv\/wp-json\/wp\/v2\/product_brand?post=3908"},{"taxonomy":"product_cat","embeddable":true,"href":"https:\/\/displayproducts.eu\/sv\/wp-json\/wp\/v2\/product_cat?post=3908"},{"taxonomy":"product_tag","embeddable":true,"href":"https:\/\/displayproducts.eu\/sv\/wp-json\/wp\/v2\/product_tag?post=3908"}],"curies":[{"name":"wp","href":"https:\/\/api.w.org\/{rel}","templated":true}]}}