{"id":3867,"date":"2025-05-07T17:40:16","date_gmt":"2025-05-07T14:40:16","guid":{"rendered":"https:\/\/wristbandfactory.eu\/?post_type=product&#038;p=3867"},"modified":"2026-04-01T21:52:04","modified_gmt":"2026-04-01T18:52:04","slug":"tie-on-ribbon-wristbands","status":"publish","type":"product","link":"https:\/\/displayproducts.eu\/sv\/p\/tie-on-ribbon-wristbands\/","title":{"rendered":"Bandarmband med knytband"},"content":{"rendered":"<p>St\u00f6d din sak eller \u00f6ka din marknadsf\u00f6ring med v\u00e5ra otryckta och effektiva bandband med knytband. Dessa band \u00e4r ett klassiskt val f\u00f6r informationskampanjer, v\u00e4lg\u00f6renhetsinsamlingar och evenemang f\u00f6r f\u00f6retagsansvar, och erbjuder ett synligt varum\u00e4rkesverktyg till ett kostnadseffektivt pris.<\/p>\n<p>Tillverkade av ett mjukt polyesterband med en sl\u00e4t satinfinish, \u00e4r dessa armband utformade f\u00f6r att knytas p\u00e5 av anv\u00e4ndaren, vilket ger en bekv\u00e4m l\u00f6sning i en storlek som passar alla. Den otryckta knytst\u00e4ngningen g\u00f6r dem perfekta f\u00f6r massdistribution p\u00e5 m\u00e4ssor, konferenser eller informationsinsatser.<\/p>\n<p>Den sl\u00e4ta ytan \u00e4r idealisk f\u00f6r specialtryck, vilket g\u00f6r att din logotyp, kampanjslogan eller budskap kan visas tydligt. De fungerar som en kraftfull och synlig symbol f\u00f6r st\u00f6d till f\u00f6retagsinitiativ eller ideella organisationer.<\/p>\n<p><b>Viktiga funktioner:<\/b><\/p>\n<ul>\n<li><b>Sj\u00e4lvknutande st\u00e4ngning:<\/b> Enkel, justerbar knytdesign f\u00f6r enkel distribution och universell passform.<\/li>\n<li><b>Mjukt bandmaterial:<\/b> Bekv\u00e4mt polyesterband med satinfinish, l\u00e4mpligt f\u00f6r kortvarigt bruk.<\/li>\n<li><b>Idealisk f\u00f6r medvetenhet:<\/b> Det klassiska valet f\u00f6r v\u00e4lg\u00f6renhets-, ideella och f\u00f6retagskampanjer.<\/li>\n<li><b>Anpassningsbar yta:<\/b> Perfekt f\u00f6r att l\u00e4gga till en screentryckt logotyp eller ett reklambudskap.<\/li>\n<li><b>Kostnadseffektiv varum\u00e4rkesbyggande:<\/b> En utm\u00e4rkt l\u00f6sning f\u00f6r bulkbest\u00e4llningar och storskalig distribution av reklamprodukter.<\/li>\n<\/ul>","protected":false},"excerpt":{"rendered":"<article class=\"text-token-text-primary w-full\" dir=\"auto\" data-testid=\"conversation-turn-2\" data-scroll-anchor=\"true\">\n<div class=\"text-base my-auto mx-auto py-5 [--thread-content-margin:--spacing(4)] @[37rem]:[--thread-content-margin:--spacing(6)] @[72rem]:[--thread-content-margin:--spacing(16)] px-(--thread-content-margin)\">\n<div class=\"[--thread-content-max-width:32rem] @[34rem]:[--thread-content-max-width:40rem] @[64rem]:[--thread-content-max-width:48rem] mx-auto flex max-w-(--thread-content-max-width) flex-1 text-base gap-4 md:gap-5 lg:gap-6 group\/turn-messages focus-visible:outline-hidden\" tabindex=\"-1\">\n<div class=\"group\/conversation-turn relative flex w-full min-w-0 flex-col agent-turn\">\n<div class=\"relative flex-col gap-1 md:gap-3\">\n<div class=\"flex max-w-full flex-col grow\">\n<div class=\"min-h-8 text-message relative flex w-full flex-col items-end gap-2 text-start break-words whitespace-normal [.text-message+&amp;]:mt-5\" dir=\"auto\" data-message-author-role=\"assistant\" data-message-id=\"d5fd0877-4229-4aba-9632-b344fd91f147\" data-message-model-slug=\"gpt-4o\">\n<div class=\"flex w-full flex-col gap-1 empty:hidden first:pt-[3px]\">\n<div class=\"markdown prose dark:prose-invert w-full break-words light\">\n<ul>\n<li>Enkel, sj\u00e4lvknuten st\u00e4ngning f\u00f6r enkel massf\u00f6rdelning.<\/li>\n<li>Mjukt polyesterbandmaterial med satinfinish.<\/li>\n<li>Utm\u00e4rkt f\u00f6r informationskampanjer, ideella organisationer och evenemangsutlottningar.<\/li>\n<li>Anpassa med din organisations logotyp eller budskap.<\/li>\n<\/ul>\n<\/div>\n<\/div>\n<\/div>\n<\/div>\n<\/div>\n<\/div>\n<\/div>\n<\/div>\n<\/article>","protected":false},"featured_media":6255,"comment_status":"closed","ping_status":"closed","template":"","meta":[],"product_brand":[],"product_cat":[66,96],"product_tag":[],"class_list":{"0":"post-3867","1":"product","2":"type-product","3":"status-publish","4":"has-post-thumbnail","6":"product_cat-wristbands","7":"product_cat-ribbons","9":"first","10":"instock","11":"shipping-taxable","12":"purchasable","13":"product-type-simple"},"_links":{"self":[{"href":"https:\/\/displayproducts.eu\/sv\/wp-json\/wp\/v2\/product\/3867","targetHints":{"allow":["GET"]}}],"collection":[{"href":"https:\/\/displayproducts.eu\/sv\/wp-json\/wp\/v2\/product"}],"about":[{"href":"https:\/\/displayproducts.eu\/sv\/wp-json\/wp\/v2\/types\/product"}],"replies":[{"embeddable":true,"href":"https:\/\/displayproducts.eu\/sv\/wp-json\/wp\/v2\/comments?post=3867"}],"wp:featuredmedia":[{"embeddable":true,"href":"https:\/\/displayproducts.eu\/sv\/wp-json\/wp\/v2\/media\/6255"}],"wp:attachment":[{"href":"https:\/\/displayproducts.eu\/sv\/wp-json\/wp\/v2\/media?parent=3867"}],"wp:term":[{"taxonomy":"product_brand","embeddable":true,"href":"https:\/\/displayproducts.eu\/sv\/wp-json\/wp\/v2\/product_brand?post=3867"},{"taxonomy":"product_cat","embeddable":true,"href":"https:\/\/displayproducts.eu\/sv\/wp-json\/wp\/v2\/product_cat?post=3867"},{"taxonomy":"product_tag","embeddable":true,"href":"https:\/\/displayproducts.eu\/sv\/wp-json\/wp\/v2\/product_tag?post=3867"}],"curies":[{"name":"wp","href":"https:\/\/api.w.org\/{rel}","templated":true}]}}