{"id":3823,"date":"2025-05-06T18:09:47","date_gmt":"2025-05-06T15:09:47","guid":{"rendered":"https:\/\/wristbandfactory.eu\/?post_type=product&#038;p=3823"},"modified":"2026-04-01T21:52:36","modified_gmt":"2026-04-01T18:52:36","slug":"tyvek-safety-wristbands-for-children","status":"publish","type":"product","link":"https:\/\/displayproducts.eu\/sv\/p\/tyvek-safety-wristbands-for-children\/","title":{"rendered":"Tyvek s\u00e4kerhetsarmband f\u00f6r barn"},"content":{"rendered":"<p>Att organisera evenemang som involverar barn kr\u00e4ver ett extra lager av s\u00e4kerhet. V\u00e5ra Tyvek-s\u00e4kerhetsarmband f\u00f6r barn erbjuder en enkel, effektiv och v\u00e4l synlig l\u00f6sning f\u00f6r att h\u00e5lla unga deltagare s\u00e4kra, identifierade och l\u00e4tt identifierbara, vilket ger personal och f\u00f6r\u00e4ldrar v\u00e4rdefull sinnesro.<\/p>\n<p>Dessa armband \u00e4r speciellt utformade f\u00f6r att sitta bekv\u00e4mt och s\u00e4kert p\u00e5 mindre handleder. Tillverkade av \u00e4kta DuPont\u2122 Tyvek\u00ae \u00e4r de otroligt l\u00e4tta men \u00e4nd\u00e5 tillr\u00e4ckligt starka f\u00f6r att klara av energiska aktiviteter utan att g\u00e5 s\u00f6nder. Det vattent\u00e4ta materialet g\u00f6r dem perfekta f\u00f6r alla evenemang, fr\u00e5n skolutflykter till sommarl\u00e4ger och vattenparker.<\/p>\n<p>Varje armband har en s\u00e4ker eng\u00e5ngsf\u00f6rslutning med sj\u00e4lvh\u00e4ftande klister som f\u00f6rhindrar att det flyttas, vilket \u00e4r avg\u00f6rande f\u00f6r att uppr\u00e4tth\u00e5lla korrekt personalr\u00e4kning och tillf\u00f6rlitlig \u00e5tkomstkontroll. Det dedikerade tryckomr\u00e5det p\u00e5 60 x 20 mm l\u00e5ter dig l\u00e4gga till viktig information, till exempel ett gruppnamn, ett n\u00f6dnummer eller allergivarningar, vilket f\u00f6rvandlar ett enkelt identifieringsverktyg till en viktig s\u00e4kerhetsanordning.<\/p>\n<p><b>Viktiga funktioner:<\/b><\/p>\n<ul>\n<li><b>\u00c4kta Tyvek\u00ae-material:<\/b> Slitstark, l\u00e4tt, vattent\u00e4t och rivt\u00e5lig f\u00f6r att klara av aktivt slitage hela dagen.<\/li>\n<li><b>Barnspecifik storlek:<\/b> Utformad f\u00f6r en s\u00e4ker och bekv\u00e4m passform p\u00e5 mindre handleder.<\/li>\n<li><b>S\u00e4ker st\u00e4ngning:<\/b> S\u00e4kerhetss\u00e4ker sj\u00e4lvh\u00e4ftande f\u00f6rslutning med s\u00e4kerhetssp\u00e4rr f\u00f6rhindrar \u00f6verf\u00f6ring mellan barn.<\/li>\n<li><b>Anpassad s\u00e4kerhetsutskrift:<\/b> Ett omr\u00e5de p\u00e5 60 x 20 mm f\u00f6r att l\u00e4gga till viktig information som kontaktnummer eller allergivarningar.<\/li>\n<li><b>F\u00e4rger med h\u00f6g synlighet:<\/b> Finns i klarbl\u00e5tt, r\u00f6tt och gult f\u00f6r enkel visuell gruppidentifiering.<\/li>\n<li><b>Enkel distribution:<\/b> Levereras i ark om 10 f\u00f6r effektiv hantering och utskrift.<\/li>\n<\/ul>","protected":false},"excerpt":{"rendered":"<ul>\n<li>Speciellt dimensionerad f\u00f6r en s\u00e4ker och bekv\u00e4m passform p\u00e5 barns handleder.<\/li>\n<li>Slitstarkt, vattent\u00e4tt och rivbest\u00e4ndigt Tyvek\u00ae-material f\u00f6r lek hela dagen.<\/li>\n<li>S\u00e4ker, manipulationss\u00e4ker sj\u00e4lvh\u00e4ftande f\u00f6rslutning med s\u00e4kerhetssp\u00e4rr.<\/li>\n<li>Anpassa med n\u00f6dnummer eller allergiinformation (60x20 mm tryckyta).<\/li>\n<\/ul>","protected":false},"featured_media":6124,"comment_status":"closed","ping_status":"closed","template":"","meta":[],"product_brand":[],"product_cat":[66,41,68],"product_tag":[],"class_list":{"0":"post-3823","1":"product","2":"type-product","3":"status-publish","4":"has-post-thumbnail","6":"product_cat-wristbands","7":"product_cat-tyvek","8":"product_cat-event-supplies","10":"first","11":"instock","12":"shipping-taxable","13":"purchasable","14":"product-type-simple"},"_links":{"self":[{"href":"https:\/\/displayproducts.eu\/sv\/wp-json\/wp\/v2\/product\/3823","targetHints":{"allow":["GET"]}}],"collection":[{"href":"https:\/\/displayproducts.eu\/sv\/wp-json\/wp\/v2\/product"}],"about":[{"href":"https:\/\/displayproducts.eu\/sv\/wp-json\/wp\/v2\/types\/product"}],"replies":[{"embeddable":true,"href":"https:\/\/displayproducts.eu\/sv\/wp-json\/wp\/v2\/comments?post=3823"}],"wp:featuredmedia":[{"embeddable":true,"href":"https:\/\/displayproducts.eu\/sv\/wp-json\/wp\/v2\/media\/6124"}],"wp:attachment":[{"href":"https:\/\/displayproducts.eu\/sv\/wp-json\/wp\/v2\/media?parent=3823"}],"wp:term":[{"taxonomy":"product_brand","embeddable":true,"href":"https:\/\/displayproducts.eu\/sv\/wp-json\/wp\/v2\/product_brand?post=3823"},{"taxonomy":"product_cat","embeddable":true,"href":"https:\/\/displayproducts.eu\/sv\/wp-json\/wp\/v2\/product_cat?post=3823"},{"taxonomy":"product_tag","embeddable":true,"href":"https:\/\/displayproducts.eu\/sv\/wp-json\/wp\/v2\/product_tag?post=3823"}],"curies":[{"name":"wp","href":"https:\/\/api.w.org\/{rel}","templated":true}]}}