{"id":3045,"date":"2025-02-05T15:13:29","date_gmt":"2025-02-05T12:13:29","guid":{"rendered":"https:\/\/wristbandfactory.eu\/toode\/silicone-printed-keychain\/"},"modified":"2026-04-01T21:52:04","modified_gmt":"2026-04-01T18:52:04","slug":"silicone-print-nylon-keychains","status":"publish","type":"product","link":"https:\/\/displayproducts.eu\/sv\/p\/silicone-print-nylon-keychains\/","title":{"rendered":"Nyckelringar i nylon med silikontryck"},"content":{"rendered":"<p data-path-to-node=\"12\">Uppgradera dina reklamprodukter med v\u00e5ra <b data-path-to-node=\"12\" data-index-in-node=\"71\">Anpassade silikontryck nylon nyckelringar<\/b>. Det h\u00e4r \u00e4r inte bara vanliga nyckelband; det \u00e4r mycket h\u00e5llbara tillbeh\u00f6r designade f\u00f6r l\u00e5ngvarig anv\u00e4ndning. Den mest framtr\u00e4dande funktionen \u00e4r <b data-path-to-node=\"12\" data-index-in-node=\"240\">upph\u00f6jd silikontryckteknik<\/b>, vilket avs\u00e4tter ett tjockt, flexibelt lager silikon p\u00e5 nylonremmen. Detta skapar en livfull, taktil 3D-effekt som \u00e4r om\u00f6jlig att ignorera och mycket motst\u00e5ndskraftig mot blekning, sprickbildning eller flagning.<\/p>\n<h2 data-path-to-node=\"13\">Viktiga funktioner<\/h2>\n<ul data-path-to-node=\"14\">\n<li>\n<p data-path-to-node=\"14,0,0\"><b data-path-to-node=\"14,0,0\" data-index-in-node=\"0\">Premium silikontryck:<\/b> Till skillnad fr\u00e5n matt bl\u00e4ck ger v\u00e5rt silikontryck din logotyp textur och dimension, vilket ger den ett exklusivt utseende och k\u00e4nsla.<\/p>\n<\/li>\n<li>\n<p data-path-to-node=\"14,1,1\"><span data-path-to-node=\"14,1,1,0\"><b data-path-to-node=\"14,1,1,0\" data-index-in-node=\"0\"><span class=\"citation-9\">Robust nylonkonstruktion:<\/span><\/b><span class=\"citation-9\"> Tillverkad av h\u00f6gh\u00e5llfast nylonv\u00e4v<\/span><\/span><span data-path-to-node=\"14,1,1,2\">, detta armband \u00e4r byggt f\u00f6r att klara dagligt slitage, vilket g\u00f6r det idealiskt f\u00f6r utomhusm\u00e4rken, bilf\u00f6retag och aktiva lag.<\/span><\/p>\n<\/li>\n<li>\n<p data-path-to-node=\"14,2,0\"><b data-path-to-node=\"14,2,0\" data-index-in-node=\"0\">Dubbelt f\u00e4stsystem:<\/b> Maximal m\u00e5ngsidighet s\u00e4kerst\u00e4lls med en robust <b data-path-to-node=\"14,2,0\" data-index-in-node=\"69\">karbinhake<\/b> f\u00f6r b\u00e4ltesh\u00e4llor eller v\u00e4skor, plus en klassisk <b data-path-to-node=\"14,2,0\" data-index-in-node=\"118\">delad ring<\/b> f\u00f6r nycklar.<\/p>\n<\/li>\n<li>\n<p data-path-to-node=\"14,3,0\"><b data-path-to-node=\"14,3,0\" data-index-in-node=\"0\">Pantone-precision:<\/b> Vi erbjuder fullst\u00e4ndig f\u00e4rgmatchning f\u00f6r nylonremmen f\u00f6r att s\u00e4kerst\u00e4lla att den passar perfekt med er f\u00f6retagsidentitet.<\/p>\n<\/li>\n<\/ul>\n<h2 data-path-to-node=\"15\">Specifikationer<\/h2>\n<ul data-path-to-node=\"16\">\n<li>\n<p data-path-to-node=\"16,0,0\"><b data-path-to-node=\"16,0,0\" data-index-in-node=\"0\">Material:<\/b> Kraftigt nylonband.<\/p>\n<\/li>\n<li>\n<p data-path-to-node=\"16,1,0\"><b data-path-to-node=\"16,1,0\" data-index-in-node=\"0\">Tryckteknik:<\/b> Upph\u00f6jt silikontryck (3D-effekt).<\/p>\n<\/li>\n<li>\n<p data-path-to-node=\"16,2,0\"><b data-path-to-node=\"16,2,0\" data-index-in-node=\"0\">M\u00e5tt:<\/b> Standard 25 x 150 mm (anpassade storlekar finns tillg\u00e4ngliga).<\/p>\n<\/li>\n<li>\n<p data-path-to-node=\"16,3,0\"><b data-path-to-node=\"16,3,0\" data-index-in-node=\"0\">Beslag:<\/b> Karbinhake i metall + delad ring.<\/p>\n<\/li>\n<li>\n<p data-path-to-node=\"16,4,0\"><b data-path-to-node=\"16,4,0\" data-index-in-node=\"0\">MOQ:<\/b> 100 enheter.<\/p>\n<\/li>\n<li>\n<p data-path-to-node=\"16,5,0\"><b data-path-to-node=\"16,5,0\" data-index-in-node=\"0\">Produktionstid:<\/b> Cirka 18\u201320 dagar.<\/p>\n<\/li>\n<\/ul>\n<h2 data-path-to-node=\"17\">Anv\u00e4ndningsfall<\/h2>\n<ul data-path-to-node=\"18\">\n<li>\n<p data-path-to-node=\"18,0,0\"><b data-path-to-node=\"18,0,0\" data-index-in-node=\"0\">Bilhandlare:<\/b> En v\u00e4rdefull present till nya bilnycklar som kunderna kommer att anv\u00e4nda dagligen.<\/p>\n<\/li>\n<li>\n<p data-path-to-node=\"18,1,0\"><b data-path-to-node=\"18,1,0\" data-index-in-node=\"0\">Frilufts- och \u00e4ventyrsm\u00e4rken:<\/b> Den robusta nylonen och karbinhaken passar perfekt till en aktiv livsstil.<\/p>\n<\/li>\n<li>\n<p data-path-to-node=\"18,2,0\"><b data-path-to-node=\"18,2,0\" data-index-in-node=\"0\">F\u00f6retagsg\u00e5vor:<\/b> Ett taktilt, premiumalternativ till vanliga polyesternyckelringar f\u00f6r v\u00e4lkomstpaket till anst\u00e4llda.<\/p>\n<\/li>\n<li>\n<p data-path-to-node=\"18,3,0\"><b data-path-to-node=\"18,3,0\" data-index-in-node=\"0\">Fastighetsm\u00e4klare:<\/b> En h\u00e5llbar och minnesv\u00e4rd nyckelring f\u00f6r \u00f6verl\u00e4mningar av nytt hem.<\/p>\n<\/li>\n<\/ul>","protected":false},"excerpt":{"rendered":"<ul>\n<li>\n<p data-path-to-node=\"11,0,0\"><b data-path-to-node=\"11,0,0\" data-index-in-node=\"0\">3D Taktil Varum\u00e4rkesbyggande:<\/b> Upph\u00f6jt silikontryck skapar en f\u00f6rstklassig och h\u00e5llbar logotypeffekt.<\/p>\n<\/li>\n<li>\n<p data-path-to-node=\"11,1,0\"><b data-path-to-node=\"11,1,0\" data-index-in-node=\"0\">Kraftigt material:<\/b> Tillverkad av stark, slitstark nylonv\u00e4v.<\/p>\n<\/li>\n<li>\n<p data-path-to-node=\"11,2,0\"><b data-path-to-node=\"11,2,0\" data-index-in-node=\"0\">M\u00e5ngsidigt tillbeh\u00f6r:<\/b> Levereras med b\u00e5de karbinhake och standard delad ring.<\/p>\n<\/li>\n<li>\n<p data-path-to-node=\"11,3,0\"><b data-path-to-node=\"11,3,0\" data-index-in-node=\"0\">Helt anpassat:<\/b> Pantone-f\u00e4rgmatchning tillg\u00e4nglig f\u00f6r armband och tryck.<\/p>\n<\/li>\n<\/ul>","protected":false},"featured_media":6655,"comment_status":"closed","ping_status":"closed","template":"","meta":[],"product_brand":[],"product_cat":[94],"product_tag":[],"class_list":{"0":"post-3045","1":"product","2":"type-product","3":"status-publish","4":"has-post-thumbnail","6":"product_cat-keychains","8":"first","9":"instock","10":"shipping-taxable","11":"purchasable","12":"product-type-simple"},"_links":{"self":[{"href":"https:\/\/displayproducts.eu\/sv\/wp-json\/wp\/v2\/product\/3045","targetHints":{"allow":["GET"]}}],"collection":[{"href":"https:\/\/displayproducts.eu\/sv\/wp-json\/wp\/v2\/product"}],"about":[{"href":"https:\/\/displayproducts.eu\/sv\/wp-json\/wp\/v2\/types\/product"}],"replies":[{"embeddable":true,"href":"https:\/\/displayproducts.eu\/sv\/wp-json\/wp\/v2\/comments?post=3045"}],"wp:featuredmedia":[{"embeddable":true,"href":"https:\/\/displayproducts.eu\/sv\/wp-json\/wp\/v2\/media\/6655"}],"wp:attachment":[{"href":"https:\/\/displayproducts.eu\/sv\/wp-json\/wp\/v2\/media?parent=3045"}],"wp:term":[{"taxonomy":"product_brand","embeddable":true,"href":"https:\/\/displayproducts.eu\/sv\/wp-json\/wp\/v2\/product_brand?post=3045"},{"taxonomy":"product_cat","embeddable":true,"href":"https:\/\/displayproducts.eu\/sv\/wp-json\/wp\/v2\/product_cat?post=3045"},{"taxonomy":"product_tag","embeddable":true,"href":"https:\/\/displayproducts.eu\/sv\/wp-json\/wp\/v2\/product_tag?post=3045"}],"curies":[{"name":"wp","href":"https:\/\/api.w.org\/{rel}","templated":true}]}}