{"id":2765,"date":"2025-01-07T16:34:40","date_gmt":"2025-01-07T13:34:40","guid":{"rendered":"https:\/\/wristbandfactory.eu\/toode\/nylon-deep-woven-lanyard\/"},"modified":"2026-04-01T21:52:36","modified_gmt":"2026-04-01T18:52:36","slug":"nylon-deep-woven-lanyard","status":"publish","type":"product","link":"https:\/\/displayproducts.eu\/sv\/p\/nylon-deep-woven-lanyard\/","title":{"rendered":"Djupv\u00e4vda nylonband med anpassad logotyp"},"content":{"rendered":"<p data-path-to-node=\"8\">F\u00f6rh\u00f6j ditt varum\u00e4rkes professionella image med v\u00e5ra djupv\u00e4vda nylonband. Till skillnad fr\u00e5n vanliga tryckta alternativ har dessa nyckelband en enf\u00e4rgad logotyp som \u00e4r v\u00e4vd direkt i nylonbandet. Denna &quot;djupv\u00e4vningsteknik&quot; skapar en subtil konkav effekt, vilket ger produkten ett sofistikerat, texturerat utseende som f\u00f6rmedlar kvalitet och noggrannhet.<\/p>\n<h2 data-path-to-node=\"9\">Viktiga funktioner<\/h2>\n<ul data-path-to-node=\"10\">\n<li>\n<p data-path-to-node=\"10,0,0\"><b data-path-to-node=\"10,0,0\" data-index-in-node=\"0\">Premiummaterial:<\/b> Tillverkad av 100% t\u00e4t nylon, vilket ger en sl\u00e4tare och mer glansig yta \u00e4n vanlig polyester.<\/p>\n<\/li>\n<li>\n<p data-path-to-node=\"10,1,0\"><b data-path-to-node=\"10,1,0\" data-index-in-node=\"0\">Integrering av v\u00e4vd logotyp:<\/b> Logotypen \u00e4r en del av tyget, vilket inneb\u00e4r att den aldrig kommer att blekna, flagna eller spricka, inte ens efter l\u00e5ngvarig anv\u00e4ndning.<\/p>\n<\/li>\n<li>\n<p data-path-to-node=\"10,2,0\"><b data-path-to-node=\"10,2,0\" data-index-in-node=\"0\">Konkav estetik:<\/b> Den inf\u00e4llda logotypen ger en professionell, tredimensionell k\u00e4nsla utan den sk\u00f6rhet som traditionell pr\u00e4gling medf\u00f6r.<\/p>\n<\/li>\n<li>\n<p data-path-to-node=\"10,3,0\"><b data-path-to-node=\"10,3,0\" data-index-in-node=\"0\">H\u00e5rdvarukompatibilitet:<\/b> Kompletteras med en robust svart karbinhake (ATT5\/H) eller andra anpassade tillbeh\u00f6r som s\u00e4kerhetsbromsar och sp\u00e4nnen.<\/p>\n<\/li>\n<li>\n<p data-path-to-node=\"10,4,0\"><b data-path-to-node=\"10,4,0\" data-index-in-node=\"0\">Dubbelsidig varum\u00e4rkesbyggande:<\/b> M\u00f6jlighet till matchande v\u00e4vda m\u00f6nster p\u00e5 b\u00e5da sidor f\u00f6r ett sammanh\u00e4ngande utseende.<\/p>\n<\/li>\n<\/ul>\n<h2 data-path-to-node=\"11\">Specifikationer<\/h2>\n<ul data-path-to-node=\"12\">\n<li>\n<p data-path-to-node=\"12,0,0\"><b data-path-to-node=\"12,0,0\" data-index-in-node=\"0\">Material:<\/b> 100% slitstark nylon av h\u00f6g kvalitet.<\/p>\n<\/li>\n<li>\n<p data-path-to-node=\"12,1,0\"><b data-path-to-node=\"12,1,0\" data-index-in-node=\"0\">Bredd:<\/b> 25 mm eller 30 mm (optimalt f\u00f6r komplexa logotyper).<\/p>\n<\/li>\n<li>\n<p data-path-to-node=\"12,2,0\"><b data-path-to-node=\"12,2,0\" data-index-in-node=\"0\">L\u00e4ngd:<\/b> Vanlig (900 mm) eller kort (200 mm).<\/p>\n<\/li>\n<li>\n<p data-path-to-node=\"12,3,0\"><b data-path-to-node=\"12,3,0\" data-index-in-node=\"0\">Logotypdesign:<\/b> Enf\u00e4rgad v\u00e4vd (inf\u00e4lld\/konkav effekt).<\/p>\n<\/li>\n<li>\n<p data-path-to-node=\"12,4,0\"><b data-path-to-node=\"12,4,0\" data-index-in-node=\"0\">Basf\u00e4rg:<\/b> Standardsvart (anpassade Pantone-nyanser finns tillg\u00e4ngliga p\u00e5 beg\u00e4ran).<\/p>\n<\/li>\n<li>\n<p data-path-to-node=\"12,5,0\"><b data-path-to-node=\"12,5,0\" data-index-in-node=\"0\">Minsta orderkvantitet:<\/b> 100 stycken.<\/p>\n<\/li>\n<\/ul>","protected":false},"excerpt":{"rendered":"<p data-path-to-node=\"6\">F\u00f6rst\u00e4rk din f\u00f6retagsidentitet med v\u00e5ra premiumnylond\u00e4ck med djupv\u00e4vda nylondetaljer. Dessa nyckelband erbjuder en unik, taktil finish d\u00e4r din logotyp \u00e4r integrerad direkt i tygets v\u00e4v f\u00f6r maximal h\u00e5llbarhet.<\/p>\n<ul data-path-to-node=\"7\">\n<li>\n<p data-path-to-node=\"7,0,0\"><b data-path-to-node=\"7,0,0\" data-index-in-node=\"0\">\u00d6verl\u00e4gsen h\u00e5llbarhet:<\/b> 100% h\u00f6gkvalitativ nylon byggd f\u00f6r tung daglig anv\u00e4ndning.<\/p>\n<\/li>\n<li>\n<p data-path-to-node=\"7,1,0\"><b data-path-to-node=\"7,1,0\" data-index-in-node=\"0\">Exklusivt varum\u00e4rke:<\/b> Inf\u00e4lld v\u00e4vd logotyp skapar ett exklusivt, pr\u00e4glat utseende.<\/p>\n<\/li>\n<li>\n<p data-path-to-node=\"7,2,0\"><b data-path-to-node=\"7,2,0\" data-index-in-node=\"0\">M\u00e5ngsidiga alternativ:<\/b> Finns i standard- och korta l\u00e4ngder f\u00f6r olika B2B-applikationer.<\/p>\n<\/li>\n<li>\n<p data-path-to-node=\"7,3,0\"><b data-path-to-node=\"7,3,0\" data-index-in-node=\"0\">Fullst\u00e4ndig anpassning:<\/b> V\u00e4lj mellan flera bredder och anpassad Pantone-f\u00e4rgmatchning.<\/p>\n<\/li>\n<\/ul>","protected":false},"featured_media":2748,"comment_status":"closed","ping_status":"closed","template":"","meta":[],"product_brand":[],"product_cat":[43,108],"product_tag":[],"class_list":{"0":"post-2765","1":"product","2":"type-product","3":"status-publish","4":"has-post-thumbnail","6":"product_cat-lanyards","7":"product_cat-multifunctional-lanyards","9":"first","10":"instock","11":"shipping-taxable","12":"purchasable","13":"product-type-simple"},"_links":{"self":[{"href":"https:\/\/displayproducts.eu\/sv\/wp-json\/wp\/v2\/product\/2765","targetHints":{"allow":["GET"]}}],"collection":[{"href":"https:\/\/displayproducts.eu\/sv\/wp-json\/wp\/v2\/product"}],"about":[{"href":"https:\/\/displayproducts.eu\/sv\/wp-json\/wp\/v2\/types\/product"}],"replies":[{"embeddable":true,"href":"https:\/\/displayproducts.eu\/sv\/wp-json\/wp\/v2\/comments?post=2765"}],"wp:featuredmedia":[{"embeddable":true,"href":"https:\/\/displayproducts.eu\/sv\/wp-json\/wp\/v2\/media\/2748"}],"wp:attachment":[{"href":"https:\/\/displayproducts.eu\/sv\/wp-json\/wp\/v2\/media?parent=2765"}],"wp:term":[{"taxonomy":"product_brand","embeddable":true,"href":"https:\/\/displayproducts.eu\/sv\/wp-json\/wp\/v2\/product_brand?post=2765"},{"taxonomy":"product_cat","embeddable":true,"href":"https:\/\/displayproducts.eu\/sv\/wp-json\/wp\/v2\/product_cat?post=2765"},{"taxonomy":"product_tag","embeddable":true,"href":"https:\/\/displayproducts.eu\/sv\/wp-json\/wp\/v2\/product_tag?post=2765"}],"curies":[{"name":"wp","href":"https:\/\/api.w.org\/{rel}","templated":true}]}}