{"id":1382,"date":"2024-07-17T13:03:02","date_gmt":"2024-07-17T10:03:02","guid":{"rendered":"https:\/\/wristbandfactory.eu\/toode\/lanyard-made-of-1-5-cm-rpet-with-cup-holder-sublimation-print\/"},"modified":"2026-04-01T21:52:36","modified_gmt":"2026-04-01T18:52:36","slug":"printed-lanyards-with-cup-holder","status":"publish","type":"product","link":"https:\/\/displayproducts.eu\/sv\/p\/printed-lanyards-with-cup-holder\/","title":{"rendered":"Tryckta nyckelband med muggh\u00e5llare"},"content":{"rendered":"<div class=\"flex flex-grow flex-col max-w-full\">\n<div class=\"min-h-[20px] text-message flex flex-col items-start whitespace-pre-wrap break-words [.text-message+&amp;]:mt-5 juice:w-full juice:items-end overflow-x-auto gap-2\" dir=\"auto\" data-message-author-role=\"assistant\" data-message-id=\"29d0cc2f-9703-4b46-a2f3-f0401257c60f\">\n<div class=\"flex w-full flex-col gap-1 juice:empty:hidden juice:first:pt-[3px]\">\n<div class=\"markdown prose w-full break-words dark:prose-invert light\">\n<p>F\u00f6rb\u00e4ttra deltagarupplevelsen p\u00e5 din n\u00e4sta festival, konferens eller utomhusevenemang. V\u00e5ra tryckta nyckelband med muggh\u00e5llare erbjuder en mycket praktisk l\u00f6sning som g\u00f6r att dina g\u00e4ster, personal eller VIP-g\u00e4ster kan ha h\u00e4nderna fria samtidigt som ditt varum\u00e4rke syns tydligt.<\/p>\n<p>Denna funktionella nyckelband \u00e4r tillverkad av stark, v\u00e4vd RPET-polyester, vilket visar ditt varum\u00e4rkes engagemang f\u00f6r h\u00e5llbara val. Priset inkluderar ett livfullt sublimeringstryck i fullf\u00e4rg p\u00e5 b\u00e5da sidor, perfekt f\u00f6r komplexa logotyper, detaljerade designer och obegr\u00e4nsade f\u00e4rger. Den flexibla, universella silikonmuggh\u00e5llaren (6 cm i diameter) greppar s\u00e4kert de flesta vanliga evenemangsmuggar (obs: mugg ing\u00e5r ej). Denna nyckelband \u00e4r det perfekta tillbeh\u00f6ret f\u00f6r alla evenemang d\u00e4r drycker serveras, vilket s\u00e4kerst\u00e4ller att ditt varum\u00e4rke syns i centrum.<\/p>\n<p><b>Viktiga funktioner:<\/b><\/p>\n<ul>\n<li><b>Material:<\/b> 1,5 cm stark v\u00e4vd RPET (\u00e5tervunnen polyester)<\/li>\n<li><b>H\u00e5llare:<\/b> Universal silikon (\u00d8 6 cm)<\/li>\n<li><b>Utskrift:<\/b> Sublimeringstryck i fullf\u00e4rg (b\u00e5da sidor ing\u00e5r)<\/li>\n<li><b>F\u00f6rm\u00e5n:<\/b> H\u00e5ller h\u00e4nderna fria; perfekt f\u00f6r \u00e5teranv\u00e4ndbara koppprogram<\/li>\n<li><b>Idealisk f\u00f6r:<\/b> Festivaler, konserter, m\u00e4ssor och f\u00f6retagsutflykter<\/li>\n<li><b>Ursprung:<\/b> Tillverkad i Europa<\/li>\n<\/ul>\n<p>&nbsp;<\/p>\n<\/div>\n<\/div>\n<\/div>\n<\/div>","protected":false},"excerpt":{"rendered":"<ul>\n<li>Ger bekv\u00e4mlighet med handsfree p\u00e5 festivaler och utomhusevenemang.<\/li>\n<li>Dubbelsidigt sublimeringstryck i fullf\u00e4rg f\u00f6r maximal varum\u00e4rkessynlighet.<\/li>\n<li>Tillverkad av slitstarkt, milj\u00f6v\u00e4nligt RPET (\u00e5tervunnet) material.<\/li>\n<li>Universell silikonh\u00e5llare (\u00d8 6 cm) passar de flesta \u00e5teranv\u00e4ndbara koppar.<\/li>\n<\/ul>","protected":false},"featured_media":6564,"comment_status":"closed","ping_status":"closed","template":"","meta":[],"product_brand":[],"product_cat":[43,108,68,119],"product_tag":[],"class_list":{"0":"post-1382","1":"product","2":"type-product","3":"status-publish","4":"has-post-thumbnail","6":"product_cat-lanyards","7":"product_cat-multifunctional-lanyards","8":"product_cat-event-supplies","9":"product_cat-drinkware-accessories","11":"first","12":"instock","13":"shipping-taxable","14":"purchasable","15":"product-type-simple"},"_links":{"self":[{"href":"https:\/\/displayproducts.eu\/sv\/wp-json\/wp\/v2\/product\/1382","targetHints":{"allow":["GET"]}}],"collection":[{"href":"https:\/\/displayproducts.eu\/sv\/wp-json\/wp\/v2\/product"}],"about":[{"href":"https:\/\/displayproducts.eu\/sv\/wp-json\/wp\/v2\/types\/product"}],"replies":[{"embeddable":true,"href":"https:\/\/displayproducts.eu\/sv\/wp-json\/wp\/v2\/comments?post=1382"}],"wp:featuredmedia":[{"embeddable":true,"href":"https:\/\/displayproducts.eu\/sv\/wp-json\/wp\/v2\/media\/6564"}],"wp:attachment":[{"href":"https:\/\/displayproducts.eu\/sv\/wp-json\/wp\/v2\/media?parent=1382"}],"wp:term":[{"taxonomy":"product_brand","embeddable":true,"href":"https:\/\/displayproducts.eu\/sv\/wp-json\/wp\/v2\/product_brand?post=1382"},{"taxonomy":"product_cat","embeddable":true,"href":"https:\/\/displayproducts.eu\/sv\/wp-json\/wp\/v2\/product_cat?post=1382"},{"taxonomy":"product_tag","embeddable":true,"href":"https:\/\/displayproducts.eu\/sv\/wp-json\/wp\/v2\/product_tag?post=1382"}],"curies":[{"name":"wp","href":"https:\/\/api.w.org\/{rel}","templated":true}]}}