{"id":1318,"date":"2024-07-15T16:02:04","date_gmt":"2024-07-15T13:02:04","guid":{"rendered":"https:\/\/wristbandfactory.eu\/toode\/reflective-wristbands-with-your-logo-or-text\/"},"modified":"2026-04-01T21:52:36","modified_gmt":"2026-04-01T18:52:36","slug":"custom-reflective-wristbands","status":"publish","type":"product","link":"https:\/\/displayproducts.eu\/sv\/p\/custom-reflective-wristbands\/","title":{"rendered":"Anpassade reflekterande armband"},"content":{"rendered":"<div id=\"row-1593974699\" class=\"row\">\n<div id=\"col-995438329\" class=\"col large-12\">\n<div class=\"col-inner\">\n<div id=\"row-791971907\" class=\"row\">\n<div id=\"col-16588895\" class=\"col medium-6 small-12 large-6\">\n<div class=\"col-inner\">\n<p>Det reflekterande armbandet \u00e4r precis en s\u00e4kerhetspryl f\u00f6r trafiken, men samtidigt \u00e4r det en fantastisk sak som ger f\u00e4rg \u00e5t alla tillf\u00e4llen och som definitivt kan dra till sig uppm\u00e4rksamhet. Trycket p\u00e5 det kommer inte att g\u00e5 obem\u00e4rkt f\u00f6rbi!<\/p>\n<\/div>\n<\/div>\n<\/div>\n<\/div>\n<\/div>\n<\/div>\n<div id=\"row-409931730\" class=\"row row-collapse row-full-width\">\n<div id=\"col-2034900180\" class=\"col medium-6 small-12 large-6\">\n<div class=\"col-inner\">\n<div id=\"banner-1604496982\" class=\"banner has-hover\">\n<div class=\"banner-inner fill\">\n<div class=\"banner-bg fill\">\n<div id=\"col-1323287833\" class=\"col medium-6 small-12 large-6\">\n<div class=\"col-inner\">\n<div id=\"banner-2078467548\" class=\"banner has-hover\">\n<div class=\"banner-inner fill\">\n<div class=\"banner-layers container\">\n<div id=\"text-box-1244032241\" class=\"text-box banner-layer x50 md-x50 lg-x50 y50 md-y50 lg-y50 res-text\">\n<div class=\"text-box-content text\">\n<div class=\"text-inner text-left\">\n<p>Armband fungerar utm\u00e4rkt dygnet runt, s\u00e4rskilt p\u00e5 natten n\u00e4r man kan se deras reflekterande egenskaper. S\u00e5ledes kommer logotypen som \u00e4r applicerad p\u00e5 remmarna att vara tydligt synlig b\u00e5de under dagen och efter m\u00f6rkrets inbrott!<\/p>\n<\/div>\n<\/div>\n<\/div>\n<\/div>\n<\/div>\n<\/div>\n<\/div>\n<\/div>\n<div id=\"col-127032908\" class=\"col medium-6 small-12 large-6 small-col-first\">\n<div class=\"col-inner\">\n<div id=\"banner-57269498\" class=\"banner has-hover\">\n<div class=\"banner-inner fill\">\n<div class=\"banner-bg fill\">\n<div id=\"row-949958656\" class=\"row row-collapse row-full-width\">\n<div id=\"col-29993759\" class=\"col medium-6 small-12 large-6\">\n<div class=\"col-inner\">\n<div id=\"banner-473447867\" class=\"banner has-hover\">\n<div class=\"banner-inner fill\">\n<div class=\"banner-layers container\">\n<div id=\"text-box-1373704033\" class=\"text-box banner-layer x50 md-x50 lg-x50 y50 md-y50 lg-y50 res-text\">\n<div class=\"text-box-content text\">\n<div class=\"text-inner text-center\">\n<p>Reflekterande armband \u00e4r ett oumb\u00e4rligt kl\u00e4desplagg i d\u00e5ligt v\u00e4der och p\u00e5 kv\u00e4llen \u2013 tack vare dem blir trafikanterna b\u00e4ttre synliga och d\u00e4rmed s\u00e4krare.<\/p>\n<\/div>\n<\/div>\n<\/div>\n<\/div>\n<\/div>\n<\/div>\n<\/div>\n<\/div>\n<\/div>\n<div id=\"row-402527630\" class=\"row row-collapse row-full-width\">\n<div id=\"col-2059071681\" class=\"col medium-6 small-12 large-6\">\n<div class=\"col-inner\">\n<div id=\"banner-1670317913\" class=\"banner has-hover\">\n<div class=\"banner-inner fill\">\n<div class=\"banner-bg fill\">\n<div id=\"col-2059071681\" class=\"col medium-6 small-12 large-6\">\n<div class=\"col-inner\">\n<div id=\"banner-1670317913\" class=\"banner has-hover\">\n<div class=\"banner-inner fill\">\n<div class=\"banner-layers container\">\n<div id=\"text-box-659831637\" class=\"text-box banner-layer x50 md-x50 lg-x50 y50 md-y50 lg-y50 res-text\">\n<div class=\"text-box-content text\">\n<div class=\"text-inner text-left\">\n<p>Tack vare sn\u00e4ppl\u00e5set \u00e4r armbanden mycket otryckta att ta p\u00e5 \u2013 du kan b\u00e4ra dem p\u00e5 handleden, fotleden, benet eller armen. De kan anv\u00e4ndas av fotg\u00e4ngare, motorcyklister och cyklister.<\/p>\n<\/div>\n<\/div>\n<\/div>\n<\/div>\n<\/div>\n<\/div>\n<\/div>\n<\/div>\n<div id=\"col-1243778745\" class=\"col medium-6 small-12 large-6 small-col-first\">\n<div class=\"col-inner\">\n<div id=\"banner-1632419446\" class=\"banner has-hover\">\n<div class=\"banner-inner fill\">\n<div class=\"banner-bg fill\">\n<p>Vi erbjuder armband i 3 storlekar \u2014 30, 34 och 40 cm, d\u00e4r vi trycker din text eller grafik. Om du inte har n\u00e5got projekt g\u00f6r vi det \u00e5t dig! Det undre lagret av bandet kan vara tillverkat av PVC eller sammet i valfri f\u00e4rg. Vi levererar reflexband billigt och snabbt, produktionstid fr\u00e5n 2 arbetsdagar. Minsta best\u00e4llning \u00e4r fr\u00e5n 100 stycken.<\/p>\n<p><strong>Tekniska data:<\/strong><\/p>\n<ul>\n<li>Bandstorlekar: 30 x 3 cm, 34 x 3 cm, 40 x 3 cm<\/li>\n<li>Material: PVC \/ Plast \/ Metall<\/li>\n<li>M\u00e4rkningsteknik: Tampontryck<\/li>\n<li>Storleken p\u00e5 tryckelementen: 55 x 18 mm<\/li>\n<li>F\u00e4rg p\u00e5 tryckelementen: valfri Pantone-f\u00e4rgpalett<\/li>\n<\/ul>\n<\/div>\n<\/div>\n<\/div>\n<\/div>\n<\/div>\n<\/div>\n<\/div>\n<\/div>\n<\/div>\n<\/div>\n<\/div>\n<\/div>\n<\/div>\n<\/div>\n<\/div>\n<\/div>\n<\/div>\n<\/div>\n<\/div>\n<\/div>\n<\/div>\n<\/div>","protected":false},"excerpt":{"rendered":"<div>\n<p class=\"text-gray-500\">Det reflekterande armbandet \u00e4r precis en s\u00e4kerhetspryl f\u00f6r trafiken, men samtidigt \u00e4r det en fantastisk sak som ger f\u00e4rg \u00e5t alla tillf\u00e4llen och som definitivt kan dra till sig uppm\u00e4rksamhet. Trycket p\u00e5 det kommer inte att g\u00e5 obem\u00e4rkt f\u00f6rbi!<\/p>\n<\/div>","protected":false},"featured_media":465,"comment_status":"closed","ping_status":"closed","template":"","meta":[],"product_brand":[],"product_cat":[45],"product_tag":[],"class_list":{"0":"post-1318","1":"product","2":"type-product","3":"status-publish","4":"has-post-thumbnail","6":"product_cat-other","8":"first","9":"instock","10":"shipping-taxable","11":"purchasable","12":"product-type-simple"},"_links":{"self":[{"href":"https:\/\/displayproducts.eu\/sv\/wp-json\/wp\/v2\/product\/1318","targetHints":{"allow":["GET"]}}],"collection":[{"href":"https:\/\/displayproducts.eu\/sv\/wp-json\/wp\/v2\/product"}],"about":[{"href":"https:\/\/displayproducts.eu\/sv\/wp-json\/wp\/v2\/types\/product"}],"replies":[{"embeddable":true,"href":"https:\/\/displayproducts.eu\/sv\/wp-json\/wp\/v2\/comments?post=1318"}],"wp:featuredmedia":[{"embeddable":true,"href":"https:\/\/displayproducts.eu\/sv\/wp-json\/wp\/v2\/media\/465"}],"wp:attachment":[{"href":"https:\/\/displayproducts.eu\/sv\/wp-json\/wp\/v2\/media?parent=1318"}],"wp:term":[{"taxonomy":"product_brand","embeddable":true,"href":"https:\/\/displayproducts.eu\/sv\/wp-json\/wp\/v2\/product_brand?post=1318"},{"taxonomy":"product_cat","embeddable":true,"href":"https:\/\/displayproducts.eu\/sv\/wp-json\/wp\/v2\/product_cat?post=1318"},{"taxonomy":"product_tag","embeddable":true,"href":"https:\/\/displayproducts.eu\/sv\/wp-json\/wp\/v2\/product_tag?post=1318"}],"curies":[{"name":"wp","href":"https:\/\/api.w.org\/{rel}","templated":true}]}}