{"id":1307,"date":"2024-10-27T11:53:50","date_gmt":"2024-10-27T08:53:50","guid":{"rendered":"https:\/\/wristbandfactory.eu\/toode\/glow-in-the-dark-silicone-wristbands\/"},"modified":"2026-04-01T21:52:36","modified_gmt":"2026-04-01T18:52:36","slug":"glow-in-the-dark-silicone-wristbands","status":"publish","type":"product","link":"https:\/\/displayproducts.eu\/sv\/p\/glow-in-the-dark-silicone-wristbands\/","title":{"rendered":"Silikonarmband som lyser i m\u00f6rkret"},"content":{"rendered":"<div class=\"mx-12 md:mx-24 lg:mx-48\">\n<div class=\"container my-8 svelte-zlsknf\">\n<div class=\"my-24 rounded-lg border-0 border-gray-700 bg-gray-100 px-16 py-24\">\n<div class=\"mt-11 !text-gray-500\">\n<p>Se till att ditt varum\u00e4rke syns l\u00e5ngt efter solnedg\u00e5ngen med v\u00e5ra sj\u00e4lvlysande silikonarmband. Dessa armband \u00e4r ett utm\u00e4rkt val f\u00f6r evenemangsarrang\u00f6rer, festivalpromotorer och f\u00f6retagsevenemangschefer som beh\u00f6ver h\u00f6g synlighet i milj\u00f6er med svagt ljus. De fungerar som ett effektivt varum\u00e4rkesverktyg och tilltr\u00e4deskort f\u00f6r nattklubbar, konserter och kv\u00e4llsfester.<\/p>\n<p>Gl\u00f6deffekten tillf\u00f6rs silikonet och laddas upp n\u00e4r det uts\u00e4tts f\u00f6r ljus. F\u00f6r b\u00e4sta resultat rekommenderar vi starkt att v\u00e4lja ljusa basf\u00e4rger (t.ex. vit, gr\u00f6n, rosa), eftersom gl\u00f6deffekten \u00e4r mindre effektiv p\u00e5 m\u00f6rkare silikon.<\/p>\n<p>Denna effekt kan kombineras med andra anpassningsmetoder, inklusive tryckta, neds\u00e4nkt och reliefm\u00f6nster, vilket g\u00f6r att du kan skapa ett unikt och funktionellt armband f\u00f6r ditt evenemang. Med snabb produktion och leverans kan vi m\u00f6ta dina sn\u00e4va deadlines.<\/p>\n<p><b>Viktiga funktioner:<\/b><\/p>\n<ul>\n<li><b>H\u00f6g synlighetsljus:<\/b> Laddas i ljuset f\u00f6r att ge ett starkt sken, perfekt f\u00f6r nattklubbar och kv\u00e4llsevenemang.<\/li>\n<li><b>Slitstark 100% silikon:<\/b> Vattent\u00e4t, slitstark och bekv\u00e4m f\u00f6r anv\u00e4ndning i flera timmar.<\/li>\n<li><b>Bred anpassningsm\u00f6jlighet:<\/b> Kan kombineras med tryckta, neds\u00e4nkt eller reliefbaserade varum\u00e4rkesmetoder.<\/li>\n<li><b>Snabb leveranstid:<\/b> Snabb produktion och leverans f\u00f6r att m\u00f6ta sn\u00e4va deadlines f\u00f6r evenemang.<\/li>\n<li><b>Proffstips:<\/b> Fungerar b\u00e4st p\u00e5 ljusf\u00e4rgade silikonbaser f\u00f6r starkast effekt.<\/li>\n<\/ul>\n<\/div>\n<\/div>\n<\/div>\n<\/div>","protected":false},"excerpt":{"rendered":"<ul>\n<li>H\u00f6g synlighetsljuseffekt s\u00e4kerst\u00e4ller att ditt varum\u00e4rke syns p\u00e5 natten.<\/li>\n<li>Perfekt f\u00f6r festivaler, nattklubbar och f\u00f6retagsevenemang p\u00e5 kv\u00e4llen.<\/li>\n<li>Snabb produktion och leverans f\u00f6r snabb evenemangsplanering.<\/li>\n<li>B\u00e4st resultat uppn\u00e5s p\u00e5 ljusf\u00e4rgade silikonbaser.<\/li>\n<\/ul>","protected":false},"featured_media":6131,"comment_status":"closed","ping_status":"closed","template":"","meta":[],"product_brand":[],"product_cat":[66,49],"product_tag":[],"class_list":{"0":"post-1307","1":"product","2":"type-product","3":"status-publish","4":"has-post-thumbnail","6":"product_cat-wristbands","7":"product_cat-silicone","9":"first","10":"instock","11":"shipping-taxable","12":"purchasable","13":"product-type-simple"},"_links":{"self":[{"href":"https:\/\/displayproducts.eu\/sv\/wp-json\/wp\/v2\/product\/1307","targetHints":{"allow":["GET"]}}],"collection":[{"href":"https:\/\/displayproducts.eu\/sv\/wp-json\/wp\/v2\/product"}],"about":[{"href":"https:\/\/displayproducts.eu\/sv\/wp-json\/wp\/v2\/types\/product"}],"replies":[{"embeddable":true,"href":"https:\/\/displayproducts.eu\/sv\/wp-json\/wp\/v2\/comments?post=1307"}],"wp:featuredmedia":[{"embeddable":true,"href":"https:\/\/displayproducts.eu\/sv\/wp-json\/wp\/v2\/media\/6131"}],"wp:attachment":[{"href":"https:\/\/displayproducts.eu\/sv\/wp-json\/wp\/v2\/media?parent=1307"}],"wp:term":[{"taxonomy":"product_brand","embeddable":true,"href":"https:\/\/displayproducts.eu\/sv\/wp-json\/wp\/v2\/product_brand?post=1307"},{"taxonomy":"product_cat","embeddable":true,"href":"https:\/\/displayproducts.eu\/sv\/wp-json\/wp\/v2\/product_cat?post=1307"},{"taxonomy":"product_tag","embeddable":true,"href":"https:\/\/displayproducts.eu\/sv\/wp-json\/wp\/v2\/product_tag?post=1307"}],"curies":[{"name":"wp","href":"https:\/\/api.w.org\/{rel}","templated":true}]}}