{"id":1304,"date":"2024-10-27T11:53:50","date_gmt":"2024-10-27T08:53:50","guid":{"rendered":"https:\/\/wristbandfactory.eu\/toode\/silicone-wristbands\/"},"modified":"2026-04-01T21:52:04","modified_gmt":"2026-04-01T18:52:04","slug":"wide-printed-silicone-wristbands-25mm","status":"publish","type":"product","link":"https:\/\/displayproducts.eu\/sv\/p\/wide-printed-silicone-wristbands-25mm\/","title":{"rendered":"Breda tryckta silikonarmband (25 mm)"},"content":{"rendered":"<p>Dessa 25 mm breda armband \u00e4r utformade f\u00f6r maximal synlighet och \u00e4r det b\u00e4sta valet f\u00f6r evenemangs- och festivalarrang\u00f6rer som vill att deras varum\u00e4rke ska sticka ut fr\u00e5n m\u00e4ngden. Den stora ytan \u00e4r perfekt f\u00f6r komplexa logotyper, detaljerad text och i\u00f6gonfallande design. Tillverkade av slitstark 100%-silikon \u00e4r dessa armband bekv\u00e4ma f\u00f6r anv\u00e4ndning i flera dagar, vattent\u00e4ta och byggda f\u00f6r att h\u00e5lla som en p\u00e5taglig p\u00e5minnelse om ditt evenemang eller din kampanj.<\/p>\n<p>Vi erbjuder fullst\u00e4ndig anpassning f\u00f6r att perfekt matcha din varum\u00e4rkesidentitet. V\u00e5rt silikon \u00e4r Pantone-matchat, vilket garanterar exakt f\u00e4rg\u00e5tergivning av dina varum\u00e4rkesriktlinjer. Du kan v\u00e4lja mellan ett brett utbud av anpassningsstilar f\u00f6r att uppn\u00e5 ditt \u00f6nskade utseende, fr\u00e5n klassiskt screentryck till sofistikerade neds\u00e4nkt eller reliefeffekter, med alternativ f\u00f6r f\u00e4rgfyllning f\u00f6r att f\u00e5 din design att verkligen sticka ut.<\/p>\n<p><b>Viktiga funktioner:<\/b><\/p>\n<ul>\n<li><b>Extra bred yta:<\/b> 25 mm bredd f\u00f6r maximal design och logotypsynlighet.<\/li>\n<li><b>Material:<\/b> 100% h\u00f6gkvalitativ, slitstark silikon.<\/li>\n<li><b>Anpassningsalternativ:<\/b> Tillg\u00e4nglig med tryck, pr\u00e4gel, pr\u00e4gel med f\u00e4rgfyllning, pr\u00e4glad och pr\u00e4glat tryck.<\/li>\n<li><b>Pantone\u00ae-matchning:<\/b> Exakt f\u00e4rgmatchning enligt dina varum\u00e4rkesspecifikationer.<\/li>\n<li><b>Minsta best\u00e4llning:<\/b> B\u00f6rjar p\u00e5 bara 100 stycken.<\/li>\n<li><b>F\u00f6rpackning:<\/b> Varje armband \u00e4r individuellt f\u00f6rpackat i en skyddande polyp\u00e5se.<\/li>\n<li><b>V\u00e4rdetill\u00e4gg:<\/b> Gratis designhj\u00e4lp f\u00f6r att full\u00e4nda ditt konstverk.<\/li>\n<\/ul>","protected":false},"excerpt":{"rendered":"<p>N\u00e4r vanliga reklamartiklar helt enkelt inte r\u00e4cker till, g\u00f6r st\u00f6rre intryck med v\u00e5ra breda, anpassade silikonarmband. Dessa 25 mm armband har dubbelt s\u00e5 stor yta som vanliga armband och ger en dj\u00e4rv duk f\u00f6r att visa upp ditt varum\u00e4rke, vilket s\u00e4kerst\u00e4ller att din logotyp eller ditt budskap \u00e4r om\u00f6jligt att missa och kommer ih\u00e5g l\u00e5ngt efter ditt evenemang.<\/p>","protected":false},"featured_media":5976,"comment_status":"closed","ping_status":"closed","template":"","meta":[],"product_brand":[],"product_cat":[66,49],"product_tag":[],"class_list":{"0":"post-1304","1":"product","2":"type-product","3":"status-publish","4":"has-post-thumbnail","6":"product_cat-wristbands","7":"product_cat-silicone","9":"first","10":"instock","11":"shipping-taxable","12":"purchasable","13":"product-type-simple"},"_links":{"self":[{"href":"https:\/\/displayproducts.eu\/sv\/wp-json\/wp\/v2\/product\/1304","targetHints":{"allow":["GET"]}}],"collection":[{"href":"https:\/\/displayproducts.eu\/sv\/wp-json\/wp\/v2\/product"}],"about":[{"href":"https:\/\/displayproducts.eu\/sv\/wp-json\/wp\/v2\/types\/product"}],"replies":[{"embeddable":true,"href":"https:\/\/displayproducts.eu\/sv\/wp-json\/wp\/v2\/comments?post=1304"}],"wp:featuredmedia":[{"embeddable":true,"href":"https:\/\/displayproducts.eu\/sv\/wp-json\/wp\/v2\/media\/5976"}],"wp:attachment":[{"href":"https:\/\/displayproducts.eu\/sv\/wp-json\/wp\/v2\/media?parent=1304"}],"wp:term":[{"taxonomy":"product_brand","embeddable":true,"href":"https:\/\/displayproducts.eu\/sv\/wp-json\/wp\/v2\/product_brand?post=1304"},{"taxonomy":"product_cat","embeddable":true,"href":"https:\/\/displayproducts.eu\/sv\/wp-json\/wp\/v2\/product_cat?post=1304"},{"taxonomy":"product_tag","embeddable":true,"href":"https:\/\/displayproducts.eu\/sv\/wp-json\/wp\/v2\/product_tag?post=1304"}],"curies":[{"name":"wp","href":"https:\/\/api.w.org\/{rel}","templated":true}]}}