{"id":1303,"date":"2024-07-15T21:28:59","date_gmt":"2024-07-15T18:28:59","guid":{"rendered":"https:\/\/wristbandfactory.eu\/toode\/vivid-wrist-silicone-keyholders-2\/"},"modified":"2026-04-01T21:52:04","modified_gmt":"2026-04-01T18:52:04","slug":"silicone-bangle-keyholders","status":"publish","type":"product","link":"https:\/\/displayproducts.eu\/sv\/p\/silicone-bangle-keyholders\/","title":{"rendered":"Nyckelh\u00e5llare i silikonarmband"},"content":{"rendered":"<p>Kombinera praktiska egenskaper med tydlig varum\u00e4rkesprofilering med v\u00e5ra silikonnyckelh\u00e5llare. Denna produkt \u00e4r ett effektivt marknadsf\u00f6ringsverktyg f\u00f6r f\u00f6retagsevenemang, fastighetsbyr\u00e5er eller som en funktionell giveaway f\u00f6r personal och kunder.<\/p>\n<p>Det stora armbandet med en diameter p\u00e5 8,6 cm \u00e4r utformat f\u00f6r att b\u00e4ras bekv\u00e4mt p\u00e5 handleden och h\u00e5ller nycklarna s\u00e4kra och handsfree. Denna design \u00e4r mycket praktisk f\u00f6r upptagna yrkesverksamma, evenemangsdeltagare eller personal som beh\u00f6ver frekvent tillg\u00e5ng till nycklar eller nyckelringar.<\/p>\n<p>Denna nyckelh\u00e5llare \u00e4r tillverkad av h\u00f6gkvalitativ, slitstark silikon och \u00e4r byggd f\u00f6r att t\u00e5la daglig anv\u00e4ndning. Varje enhet \u00e4r utrustad med en robust metallring f\u00f6r att s\u00e4kert organisera flera nycklar eller passerkort. Dessa nyckelh\u00e5llare finns i ett brett utbud av f\u00e4rger och kan enkelt matchas med din f\u00f6retagsidentitet, vilket s\u00e4kerst\u00e4ller att ditt varum\u00e4rke f\u00f6rblir synligt och anv\u00e4ndbart l\u00e5ngt efter evenemanget.<\/p>\n<p><b>Viktiga funktioner:<\/b><\/p>\n<ul>\n<li><b>Slitstarkt silikonarmband:<\/b> Den stora ringen med en diameter p\u00e5 8,6 cm passar enkelt p\u00e5 handleden f\u00f6r bekv\u00e4mlighet utan h\u00e4nder.<\/li>\n<li><b>H\u00f6gkvalitativt material:<\/b> Tillverkad av h\u00f6gkvalitativ, slitstark silikon, byggd f\u00f6r daglig professionell anv\u00e4ndning.<\/li>\n<li><b>S\u00e4ker metallnyckelring:<\/b> Har en robust metallring f\u00f6r att h\u00e5lla nycklar och \u00e5tkomstbrickor s\u00e4kra.<\/li>\n<li><b>Varum\u00e4rkesbyggande med h\u00f6g synlighet:<\/b> En praktisk giveaway-artikel som st\u00e4ndigt h\u00e5ller ditt varum\u00e4rke i handen eller p\u00e5 handleden.<\/li>\n<li><b>Flera f\u00e4rgalternativ:<\/b> Finns i en m\u00e4ngd olika f\u00e4rger f\u00f6r att matcha ditt f\u00f6retags varum\u00e4rke.<\/li>\n<\/ul>","protected":false},"excerpt":{"rendered":"<ul>\n<li>H\u00e5ller nycklarna l\u00e4tt\u00e5tkomliga p\u00e5 handleden f\u00f6r handsfree-anv\u00e4ndning.<\/li>\n<li>Slitstark silikonkonstruktion av h\u00f6g kvalitet f\u00f6r daglig anv\u00e4ndning.<\/li>\n<li>Finns i ett brett utbud av f\u00e4rger f\u00f6r att matcha din f\u00f6retagsidentitet.<\/li>\n<li>En praktisk och synbar reklamartikel f\u00f6r m\u00e4ssor.<\/li>\n<\/ul>","protected":false},"featured_media":6668,"comment_status":"closed","ping_status":"closed","template":"","meta":[],"product_brand":[],"product_cat":[94],"product_tag":[],"class_list":{"0":"post-1303","1":"product","2":"type-product","3":"status-publish","4":"has-post-thumbnail","6":"product_cat-keychains","8":"first","9":"instock","10":"shipping-taxable","11":"purchasable","12":"product-type-simple"},"_links":{"self":[{"href":"https:\/\/displayproducts.eu\/sv\/wp-json\/wp\/v2\/product\/1303","targetHints":{"allow":["GET"]}}],"collection":[{"href":"https:\/\/displayproducts.eu\/sv\/wp-json\/wp\/v2\/product"}],"about":[{"href":"https:\/\/displayproducts.eu\/sv\/wp-json\/wp\/v2\/types\/product"}],"replies":[{"embeddable":true,"href":"https:\/\/displayproducts.eu\/sv\/wp-json\/wp\/v2\/comments?post=1303"}],"wp:featuredmedia":[{"embeddable":true,"href":"https:\/\/displayproducts.eu\/sv\/wp-json\/wp\/v2\/media\/6668"}],"wp:attachment":[{"href":"https:\/\/displayproducts.eu\/sv\/wp-json\/wp\/v2\/media?parent=1303"}],"wp:term":[{"taxonomy":"product_brand","embeddable":true,"href":"https:\/\/displayproducts.eu\/sv\/wp-json\/wp\/v2\/product_brand?post=1303"},{"taxonomy":"product_cat","embeddable":true,"href":"https:\/\/displayproducts.eu\/sv\/wp-json\/wp\/v2\/product_cat?post=1303"},{"taxonomy":"product_tag","embeddable":true,"href":"https:\/\/displayproducts.eu\/sv\/wp-json\/wp\/v2\/product_tag?post=1303"}],"curies":[{"name":"wp","href":"https:\/\/api.w.org\/{rel}","templated":true}]}}