{"id":1299,"date":"2024-10-27T11:53:51","date_gmt":"2024-10-27T08:53:51","guid":{"rendered":"https:\/\/wristbandfactory.eu\/toode\/slim-silicone-wristbands\/"},"modified":"2026-04-01T21:52:04","modified_gmt":"2026-04-01T18:52:04","slug":"slim-silicone-wristbands","status":"publish","type":"product","link":"https:\/\/displayproducts.eu\/sv\/p\/slim-silicone-wristbands\/","title":{"rendered":"Tunna silikonarmband"},"content":{"rendered":"<p>F\u00f6rh\u00f6j ditt f\u00f6retags varum\u00e4rke eller din medvetenhetskampanj med v\u00e5ra smala silikonarmband. Deras eleganta 5 mm-profil erbjuder ett subtilt och modernt alternativ till vanliga armband, vilket g\u00f6r dem till ett popul\u00e4rt val f\u00f6r f\u00f6retagsevenemang, v\u00e4lg\u00f6renhetsinsamlingar och reklamutlottningar d\u00e4r ett mer raffinerat utseende \u00f6nskas.<\/p>\n<p>Vi erbjuder fullst\u00e4ndig anpassning f\u00f6r att matcha din varum\u00e4rkesidentitet. Silikonet i sig \u00e4r Pantone-matchat f\u00f6r exakt f\u00e4rgnoggrannhet. Du kan ytterligare anpassa ditt budskap med flera h\u00f6gkvalitativa alternativ: ett rent 1-f\u00e4rgs screentryck, en slitstark pr\u00e4glad (neds\u00e4nkt) logotyp, en premium pr\u00e4glad (upph\u00f6jd) logotyp eller en pr\u00e4glad design med en 1-f\u00e4rgs fyllning f\u00f6r maximal kontrast och synlighet.<\/p>\n<p>Dessa armband \u00e4r tillverkade av h\u00f6gkvalitativ, slitstark silikon och \u00e4r bekv\u00e4ma f\u00f6r dagligt bruk. De uppfyller alla relevanta s\u00e4kerhetsf\u00f6reskrifter, vilket ger b\u00e5de organisation och deltagare trygghet.<\/p>\n<p><b>Viktiga funktioner:<\/b><\/p>\n<ul>\n<li><b>Snygg 5 mm profil:<\/b> En smal, modern design (finns i 200x5x2mm eller 180x5x2mm) f\u00f6r ett subtilt varum\u00e4rkesuttryck.<\/li>\n<li><b>Fullst\u00e4ndig anpassning:<\/b> V\u00e4lj mellan 1-f\u00e4rgstryck, neds\u00e4nkt (neds\u00e4nkta), neds\u00e4nkt (upph\u00f6jda) eller bl\u00e4ckfyllda, neds\u00e4nkt designer.<\/li>\n<li><b>Exakt Pantone-matchning:<\/b> Garanterar att silikonf\u00e4rgen perfekt matchar din f\u00f6retagsidentitet.<\/li>\n<li><b>S\u00e4kerhets\u00f6verensst\u00e4mmelse:<\/b> Tillverkad av h\u00f6gkvalitativ silikon som uppfyller alla relevanta s\u00e4kerhetsstandarder.<\/li>\n<li><b>Bulkf\u00f6rpackning:<\/b> Minsta best\u00e4llning p\u00e5 100 enheter, paketerade i bulk som standard. Individuell polybag-f\u00f6rpackning finns tillg\u00e4nglig p\u00e5 beg\u00e4ran.<\/li>\n<\/ul>","protected":false},"excerpt":{"rendered":"<ul>\n<li>Har en elegant, smal 5 mm profil f\u00f6r ett subtilt, modernt utseende.<\/li>\n<li>Helt anpassningsbar: V\u00e4lj mellan tryckta, neds\u00e4nkt eller reliefformade logotyper.<\/li>\n<li>Pantone-matchad silikon garanterar perfekt f\u00e4rgkonsistens f\u00f6r varum\u00e4rket.<\/li>\n<li>Minsta orderkvantitet: 100 enheter per design.<\/li>\n<\/ul>","protected":false},"featured_media":5953,"comment_status":"closed","ping_status":"closed","template":"","meta":[],"product_brand":[],"product_cat":[66,49],"product_tag":[],"class_list":{"0":"post-1299","1":"product","2":"type-product","3":"status-publish","4":"has-post-thumbnail","6":"product_cat-wristbands","7":"product_cat-silicone","9":"first","10":"instock","11":"shipping-taxable","12":"purchasable","13":"product-type-simple"},"_links":{"self":[{"href":"https:\/\/displayproducts.eu\/sv\/wp-json\/wp\/v2\/product\/1299","targetHints":{"allow":["GET"]}}],"collection":[{"href":"https:\/\/displayproducts.eu\/sv\/wp-json\/wp\/v2\/product"}],"about":[{"href":"https:\/\/displayproducts.eu\/sv\/wp-json\/wp\/v2\/types\/product"}],"replies":[{"embeddable":true,"href":"https:\/\/displayproducts.eu\/sv\/wp-json\/wp\/v2\/comments?post=1299"}],"wp:featuredmedia":[{"embeddable":true,"href":"https:\/\/displayproducts.eu\/sv\/wp-json\/wp\/v2\/media\/5953"}],"wp:attachment":[{"href":"https:\/\/displayproducts.eu\/sv\/wp-json\/wp\/v2\/media?parent=1299"}],"wp:term":[{"taxonomy":"product_brand","embeddable":true,"href":"https:\/\/displayproducts.eu\/sv\/wp-json\/wp\/v2\/product_brand?post=1299"},{"taxonomy":"product_cat","embeddable":true,"href":"https:\/\/displayproducts.eu\/sv\/wp-json\/wp\/v2\/product_cat?post=1299"},{"taxonomy":"product_tag","embeddable":true,"href":"https:\/\/displayproducts.eu\/sv\/wp-json\/wp\/v2\/product_tag?post=1299"}],"curies":[{"name":"wp","href":"https:\/\/api.w.org\/{rel}","templated":true}]}}