{"id":1292,"date":"2024-07-15T22:03:57","date_gmt":"2024-07-15T19:03:57","guid":{"rendered":"https:\/\/wristbandfactory.eu\/toode\/tyvek-wristbands-for-hospitals\/"},"modified":"2026-04-01T21:52:36","modified_gmt":"2026-04-01T18:52:36","slug":"direct-thermal-hospital-wristbands","status":"publish","type":"product","link":"https:\/\/displayproducts.eu\/sv\/p\/direct-thermal-hospital-wristbands\/","title":{"rendered":"Antibakteriella patientarmband"},"content":{"rendered":"<p data-path-to-node=\"8\">H\u00f6j standarderna f\u00f6r patientidentifiering p\u00e5 din anl\u00e4ggning med v\u00e5ra Direct Thermal Hospital Wristbands. Dessa armband \u00e4r utformade f\u00f6r s\u00f6ml\u00f6s integration i befintliga arbetsfl\u00f6den inom h\u00e4lso- och sjukv\u00e5rden och eliminerar risken f\u00f6r handstilsfel genom att m\u00f6jligg\u00f6ra omedelbar utskrift av streckkoder, text och patientfoton. Vuxenstorleken p\u00e5 29 x 290 mm ger en bekv\u00e4m passform samtidigt som den ger en stor yta f\u00f6r skannbar data, vilket s\u00e4kerst\u00e4ller effektivitet fr\u00e5n triage till utskrivning.<\/p>\n<h2 data-path-to-node=\"9\">Viktiga funktioner<\/h2>\n<ul data-path-to-node=\"10\">\n<li>\n<p data-path-to-node=\"10,0,0\"><b data-path-to-node=\"10,0,0\" data-index-in-node=\"0\">Antibakteriellt skydd:<\/b> Har en specialbel\u00e4ggning som aktivt h\u00e4mmar bakterietillv\u00e4xt, ett kritiskt krav f\u00f6r kliniska milj\u00f6er.<\/p>\n<\/li>\n<li>\n<p data-path-to-node=\"10,1,0\"><b data-path-to-node=\"10,1,0\" data-index-in-node=\"0\">Smetfri h\u00e5llbarhet:<\/b> Den h\u00f6gkvalitativa polypropenfilmen l\u00e5ser in termotrycket, vilket g\u00f6r att patientdata h\u00e5lls l\u00e4sbara \u00e4ven efter kontakt med vatten, alkohol eller handsprit.<\/p>\n<\/li>\n<li>\n<p data-path-to-node=\"10,2,0\"><b data-path-to-node=\"10,2,0\" data-index-in-node=\"0\">S\u00e4kerhetsf\u00f6rsegling:<\/b> Anv\u00e4nder ett h\u00f6gklibbigt lim som strimlas om man f\u00f6rs\u00f6ker ta bort eller flytta bandet.<\/p>\n<\/li>\n<li>\n<p data-path-to-node=\"10,3,0\"><b data-path-to-node=\"10,3,0\" data-index-in-node=\"0\">Latexfri och hypoallergen:<\/b> S\u00e4ker f\u00f6r alla hudtyper och minimerar risken f\u00f6r allergiska reaktioner under l\u00e5ngtidsv\u00e5rd.<\/p>\n<\/li>\n<\/ul>\n<h2 data-path-to-node=\"11\">Specifikationer<\/h2>\n<ul data-path-to-node=\"12\">\n<li>\n<p data-path-to-node=\"12,0,0\"><b data-path-to-node=\"12,0,0\" data-index-in-node=\"0\">M\u00e5tt:<\/b> 29 mm x 290 mm (standardstorlek f\u00f6r vuxna).<\/p>\n<\/li>\n<li>\n<p data-path-to-node=\"12,1,0\"><b data-path-to-node=\"12,1,0\" data-index-in-node=\"0\">Material:<\/b> Polypropylen med antibakteriell bel\u00e4ggning.<\/p>\n<\/li>\n<li>\n<p data-path-to-node=\"12,2,0\"><b data-path-to-node=\"12,2,0\" data-index-in-node=\"0\">Utskriftsteknik:<\/b> Direkttermo (inget band eller bl\u00e4ck kr\u00e4vs).<\/p>\n<\/li>\n<li>\n<p data-path-to-node=\"12,3,0\"><b data-path-to-node=\"12,3,0\" data-index-in-node=\"0\">Kompatibilitet:<\/b> Optimerad f\u00f6r Zebra (GK-888T, TLP2824), Brother (TD-2020) och TSC-skrivare.<\/p>\n<\/li>\n<li>\n<p data-path-to-node=\"12,4,0\"><b data-path-to-node=\"12,4,0\" data-index-in-node=\"0\">F\u00f6rpackning:<\/b> Rullar med 100 armband med en k\u00e4rna p\u00e5 25 mm (1 tum).<\/p>\n<\/li>\n<li>\n<p data-path-to-node=\"12,5,0\"><b data-path-to-node=\"12,5,0\" data-index-in-node=\"0\">Minsta orderkvantitet (MOQ):<\/b> 100 enheter.<\/p>\n<\/li>\n<\/ul>\n<h2 data-path-to-node=\"13\">Anv\u00e4ndningsfall<\/h2>\n<ul data-path-to-node=\"14\">\n<li>\n<p data-path-to-node=\"14,0,0\"><b data-path-to-node=\"14,0,0\" data-index-in-node=\"0\">Antagningar med h\u00f6gt antal s\u00f6kande:<\/b> Idealisk f\u00f6r akutmottagningar och akutv\u00e5rdscentraler som kr\u00e4ver snabb ID-generering.<\/p>\n<\/li>\n<li>\n<p data-path-to-node=\"14,1,0\"><b data-path-to-node=\"14,1,0\" data-index-in-node=\"0\">Hantering av slutenv\u00e5rdspatienter:<\/b> L\u00e5ngtidsidentifiering f\u00f6r l\u00e4kemedelsadministrering och skanning vid s\u00e4ngkanten.<\/p>\n<\/li>\n<li>\n<p data-path-to-node=\"14,2,0\"><b data-path-to-node=\"14,2,0\" data-index-in-node=\"0\">\u00d6ppenv\u00e5rdsprocedurer:<\/b> S\u00e4ker m\u00e4rkning f\u00f6r operationer samma dag och diagnostiska tester.<\/p>\n<\/li>\n<li>\n<p data-path-to-node=\"14,3,0\"><b data-path-to-node=\"14,3,0\" data-index-in-node=\"0\">M\u00f6drav\u00e5rds- och barnavdelningar:<\/b> Tillf\u00f6rlitlig identifiering d\u00e4r s\u00e4kerhet och komfort \u00e4r av st\u00f6rsta vikt.<\/p>\n<\/li>\n<\/ul>\n<p data-path-to-node=\"15\">","protected":false},"excerpt":{"rendered":"<p data-path-to-node=\"6\">Effektivisera din patientintagningsprocess med v\u00e5ra direkttermiska sjukhusarmband, konstruerade f\u00f6r moderna v\u00e5rdinr\u00e4ttningar som kr\u00e4ver omedelbar utskrift av h\u00f6guppl\u00f6sta data direkt fr\u00e5n intagningssystemen.<\/p>\n<ul data-path-to-node=\"7\">\n<li>\n<p data-path-to-node=\"7,0,0\"><b data-path-to-node=\"7,0,0\" data-index-in-node=\"0\">Skrivarkompatibilitet:<\/b> Helt optimerad f\u00f6r branschstandardiserade direkttermoskrivare som Zebra, Brother och TSC.<\/p>\n<\/li>\n<li>\n<p data-path-to-node=\"7,1,0\"><b data-path-to-node=\"7,1,0\" data-index-in-node=\"0\">Infektionskontroll:<\/b> Specialiserad antibakteriell bel\u00e4ggning h\u00e4mmar bakterietillv\u00e4xt och st\u00f6der strikta hygienprotokoll f\u00f6r sjukhus.<\/p>\n<\/li>\n<li>\n<p data-path-to-node=\"7,2,0\"><b data-path-to-node=\"7,2,0\" data-index-in-node=\"0\">Maximal s\u00e4kerhet:<\/b> S\u00e4kerhetss\u00e4kert akrylh\u00e4ft\u00e4mne med stansad f\u00f6rslutning f\u00f6rhindrar \u00f6verf\u00f6ring och s\u00e4kerst\u00e4ller patient-ID:ts integritet.<\/p>\n<\/li>\n<li>\n<p data-path-to-node=\"7,3,0\"><b data-path-to-node=\"7,3,0\" data-index-in-node=\"0\">B2B-effektivitet:<\/b> Levereras p\u00e5 rullar om 100 band f\u00f6r snabb lastning och hantering av stora volymer av godk\u00e4nnanden.<\/p>\n<\/li>\n<\/ul>","protected":false},"featured_media":631,"comment_status":"closed","ping_status":"closed","template":"","meta":[],"product_brand":[],"product_cat":[66,72],"product_tag":[],"class_list":{"0":"post-1292","1":"product","2":"type-product","3":"status-publish","4":"has-post-thumbnail","6":"product_cat-wristbands","7":"product_cat-medical-and-hospital","9":"first","10":"instock","11":"shipping-taxable","12":"purchasable","13":"product-type-simple"},"_links":{"self":[{"href":"https:\/\/displayproducts.eu\/sv\/wp-json\/wp\/v2\/product\/1292","targetHints":{"allow":["GET"]}}],"collection":[{"href":"https:\/\/displayproducts.eu\/sv\/wp-json\/wp\/v2\/product"}],"about":[{"href":"https:\/\/displayproducts.eu\/sv\/wp-json\/wp\/v2\/types\/product"}],"replies":[{"embeddable":true,"href":"https:\/\/displayproducts.eu\/sv\/wp-json\/wp\/v2\/comments?post=1292"}],"wp:featuredmedia":[{"embeddable":true,"href":"https:\/\/displayproducts.eu\/sv\/wp-json\/wp\/v2\/media\/631"}],"wp:attachment":[{"href":"https:\/\/displayproducts.eu\/sv\/wp-json\/wp\/v2\/media?parent=1292"}],"wp:term":[{"taxonomy":"product_brand","embeddable":true,"href":"https:\/\/displayproducts.eu\/sv\/wp-json\/wp\/v2\/product_brand?post=1292"},{"taxonomy":"product_cat","embeddable":true,"href":"https:\/\/displayproducts.eu\/sv\/wp-json\/wp\/v2\/product_cat?post=1292"},{"taxonomy":"product_tag","embeddable":true,"href":"https:\/\/displayproducts.eu\/sv\/wp-json\/wp\/v2\/product_tag?post=1292"}],"curies":[{"name":"wp","href":"https:\/\/api.w.org\/{rel}","templated":true}]}}