{"id":1291,"date":"2024-10-27T11:53:51","date_gmt":"2024-10-27T08:53:51","guid":{"rendered":"https:\/\/wristbandfactory.eu\/toode\/cord-lanyards-with-pvc-slider\/"},"modified":"2026-04-01T21:52:36","modified_gmt":"2026-04-01T18:52:36","slug":"custom-round-cord-lanyards-with-pvc-slider-metal-carabiner","status":"publish","type":"product","link":"https:\/\/displayproducts.eu\/sv\/p\/custom-round-cord-lanyards-with-pvc-slider-metal-carabiner\/","title":{"rendered":"Runda nyckelband med tryck och PVC-slider"},"content":{"rendered":"<div class=\"mx-12 md:mx-24 lg:mx-48\">\n<div class=\"container my-8 svelte-zlsknf\">\n<div class=\"my-24 rounded-lg border-0 border-gray-700 bg-gray-100 px-16 py-24\">\n<div class=\"mt-11 !text-gray-500\">\n<p data-path-to-node=\"12\">Effektivisera din f\u00f6retagsidentifiering och s\u00e4kerhet f\u00f6r evenemang med v\u00e5r <b>Anpassade runda sn\u00f6rband<\/b>. Denna nyckelband \u00e4r utformad f\u00f6r yrkesverksamma som beh\u00f6ver en minimalistisk men h\u00e5llbar ID-l\u00f6sning och erbjuder ett sofistikerat alternativ till platta band, vilket g\u00f6r den till det perfekta valet f\u00f6r daglig kontorsanv\u00e4ndning, konferenser och m\u00e4sspersonal.<\/p>\n<p data-path-to-node=\"13\">Tillverkad av h\u00f6gkvalitativ, slitstark polyester, \u00e4r den runda sn\u00f6rprofilen byggd f\u00f6r komfort under l\u00e4ngre tids anv\u00e4ndning, vilket f\u00f6rhindrar irritation runt halsen. Till skillnad fr\u00e5n vanliga platta nyckelband erbjuder repmodellen ett exklusivt, diskret utseende som kompletterar aff\u00e4rskl\u00e4dsel.<\/p>\n<p data-path-to-node=\"14\">Det utm\u00e4rkande draget f\u00f6r denna modell \u00e4r den funktionella <b>PVC-skjutreglage<\/b>. \u00c4ven om den levereras i en elegant transparent finish som standard, erbjuder vi tillverkning av specialf\u00e4rger f\u00f6r bulkbest\u00e4llningar, s\u00e5 att du kan anpassa h\u00e5rdvaran strikt efter ditt f\u00f6retags varum\u00e4rkesidentitet. Varje nyckelband \u00e4r avslutat med en robust finish. <b>metallkarbinhake<\/b>, vilket ger en p\u00e5litlig och l\u00e4ttanv\u00e4nd f\u00e4stpunkt f\u00f6r ID-brickor, \u00e5tkomstkontrollkort eller nycklar. Denna kombination av h\u00e5llbarhet och professionell estetik g\u00f6r den till ett f\u00f6redraget val f\u00f6r organisationer som s\u00f6ker en avancerad l\u00f6sning f\u00f6r ID-f\u00f6rvaring.<\/p>\n<p data-path-to-node=\"15\"><b>Viktiga funktioner:<\/b><\/p>\n<ul data-path-to-node=\"16\">\n<li>\n<p data-path-to-node=\"16,0,0\"><b>Slitstark polyestersn\u00f6re:<\/b> Rund repprofil \u00e4r idealisk f\u00f6r bekv\u00e4mt bruk hela dagen utan att fransa sig.<\/p>\n<\/li>\n<li>\n<p data-path-to-node=\"16,1,0\"><b>Justerbar PVC-skjutreglage:<\/b> Standard transparent finish ger ett modernt utseende; anpassade f\u00e4rger finns tillg\u00e4ngliga p\u00e5 beg\u00e4ran.<\/p>\n<\/li>\n<li>\n<p data-path-to-node=\"16,2,0\"><b>Varum\u00e4rkesanpassning:<\/b> M\u00f6jlighet att matcha reglagets f\u00e4rg med din varum\u00e4rkesidentitet f\u00f6r kvalificerade bulkm\u00e4ngder.<\/p>\n<\/li>\n<li>\n<p data-path-to-node=\"16,3,0\"><b>Kraftigt redskap:<\/b> Inkluderar ett s\u00e4kert metallkarbinhakekl\u00e4mma f\u00f6r att skydda inloggningsuppgifter.<\/p>\n<\/li>\n<li>\n<p data-path-to-node=\"16,4,0\"><b>M\u00e5ngsidig till\u00e4mpning:<\/b> En praktisk och avancerad l\u00f6sning f\u00f6r VIP-evenemang, personalidentifiering och f\u00f6retagsmilj\u00f6er.<\/p>\n<\/li>\n<\/ul>\n<\/div>\n<\/div>\n<\/div>\n<\/div>","protected":false},"excerpt":{"rendered":"<ul>\n<li>\n<p data-path-to-node=\"10,0,0\"><b>Professionell profil:<\/b> Minimalistisk 5 mm rund sladddesign, perfekt f\u00f6r kontorsmilj\u00f6er och VIP-evenemang.<\/p>\n<\/li>\n<li>\n<p data-path-to-node=\"10,1,0\"><b>Anpassad h\u00e5rdvara:<\/b> Inkluderar en PVC-skjutreglage (anpassningsbara f\u00e4rger finns) f\u00f6r varum\u00e4rkesjustering.<\/p>\n<\/li>\n<li>\n<p data-path-to-node=\"10,2,0\"><b>S\u00e4ker anslutning:<\/b> Kraftig metallkarbinhake s\u00e4kerst\u00e4ller att ID-brickor och nycklar f\u00f6rblir s\u00e4kra.<\/p>\n<\/li>\n<li>\n<p data-path-to-node=\"10,3,0\"><b>H\u00e5llbar komfort:<\/b> Mjukt polyesterrep f\u00f6rhindrar nackirritation under heldagsbruk.<\/p>\n<\/li>\n<\/ul>","protected":false},"featured_media":6691,"comment_status":"closed","ping_status":"closed","template":"","meta":[],"product_brand":[],"product_cat":[125],"product_tag":[],"class_list":{"0":"post-1291","1":"product","2":"type-product","3":"status-publish","4":"has-post-thumbnail","6":"product_cat-cord-lanyards","8":"first","9":"instock","10":"shipping-taxable","11":"purchasable","12":"product-type-simple"},"_links":{"self":[{"href":"https:\/\/displayproducts.eu\/sv\/wp-json\/wp\/v2\/product\/1291","targetHints":{"allow":["GET"]}}],"collection":[{"href":"https:\/\/displayproducts.eu\/sv\/wp-json\/wp\/v2\/product"}],"about":[{"href":"https:\/\/displayproducts.eu\/sv\/wp-json\/wp\/v2\/types\/product"}],"replies":[{"embeddable":true,"href":"https:\/\/displayproducts.eu\/sv\/wp-json\/wp\/v2\/comments?post=1291"}],"wp:featuredmedia":[{"embeddable":true,"href":"https:\/\/displayproducts.eu\/sv\/wp-json\/wp\/v2\/media\/6691"}],"wp:attachment":[{"href":"https:\/\/displayproducts.eu\/sv\/wp-json\/wp\/v2\/media?parent=1291"}],"wp:term":[{"taxonomy":"product_brand","embeddable":true,"href":"https:\/\/displayproducts.eu\/sv\/wp-json\/wp\/v2\/product_brand?post=1291"},{"taxonomy":"product_cat","embeddable":true,"href":"https:\/\/displayproducts.eu\/sv\/wp-json\/wp\/v2\/product_cat?post=1291"},{"taxonomy":"product_tag","embeddable":true,"href":"https:\/\/displayproducts.eu\/sv\/wp-json\/wp\/v2\/product_tag?post=1291"}],"curies":[{"name":"wp","href":"https:\/\/api.w.org\/{rel}","templated":true}]}}