{"id":1288,"date":"2024-10-27T11:53:51","date_gmt":"2024-10-27T08:53:51","guid":{"rendered":"https:\/\/wristbandfactory.eu\/toode\/full-colour-cord-lanyards-with-woven-label\/"},"modified":"2026-04-01T21:52:36","modified_gmt":"2026-04-01T18:52:36","slug":"sublimation-cord-lanyards-with-woven-label","status":"publish","type":"product","link":"https:\/\/displayproducts.eu\/sv\/p\/sublimation-cord-lanyards-with-woven-label\/","title":{"rendered":"Sublimeringssn\u00f6re med v\u00e4vd etikett"},"content":{"rendered":"<div class=\"mx-12 md:mx-24 lg:mx-48\">\n<div class=\"container my-8 svelte-zlsknf\">\n<div class=\"my-24 rounded-lg border-0 border-gray-700 bg-gray-100 px-16 py-24\">\n<div class=\"mt-11 !text-gray-500\">\n<p>Uppn\u00e5 maximal varum\u00e4rkesp\u00e5verkan med v\u00e5ra premium sublimeringsband. Denna modell kombinerar tv\u00e5 h\u00f6gkvalitativa varum\u00e4rkesmetoder: ett livfullt sublimeringstryck i fullf\u00e4rg p\u00e5 bandet och en slitstark, v\u00e4vd etikett i fyra f\u00e4rger f\u00f6r din huvudlogotyp.<\/p>\n<p>Den 90 cm l\u00e5nga polyestersn\u00f6ret b\u00f6rjar som vitt och trycks helt med din design med hj\u00e4lp av f\u00e4rgsublimering. Denna metod \u00e4r perfekt f\u00f6r komplexa, helf\u00e4rgade m\u00f6nster eller upprepade logotyper, men observera att exakt logotypplacering inte kan garanteras p\u00e5 sn\u00f6ret.<\/p>\n<p>Till\u00e4gget av den v\u00e4vda etiketten i fyra f\u00e4rger med h\u00f6g uppl\u00f6sning ger en skarp och professionell blickpunkt f\u00f6r ditt varum\u00e4rke som inte bleknar eller repas. Detta exklusiva nyckelband \u00e4r ett utm\u00e4rkt val f\u00f6r f\u00f6retagsevenemang, personalidentifiering eller premiumkonferenspass d\u00e4r en h\u00e5llbar och sofistikerad varum\u00e4rkespresentation kr\u00e4vs. Varje nyckelband levereras som standard med en metallkarbinhake, med andra kl\u00e4mmalternativ tillg\u00e4ngliga.<\/p>\n<p><b>Viktiga funktioner:<\/b><\/p>\n<ul>\n<li><b>Dubbel varum\u00e4rkesbyggande:<\/b> Kombinerar en sublimeringstryckt snodd i fullf\u00e4rg med en premium v\u00e4vd etikett i fyra f\u00e4rger.<\/li>\n<li><b>Livfull sublimering:<\/b> Den 90 cm l\u00e5nga vita polyestersn\u00f6ret \u00e4r perfekt f\u00f6r att upprepa helf\u00e4rgade m\u00f6nster.<\/li>\n<li><b>Premium v\u00e4vd etikett:<\/b> Erbjuder en h\u00e5llbar logotyp med h\u00f6g uppl\u00f6sning (upp till 4 f\u00e4rger).<\/li>\n<li><b>Metallkarbinhake:<\/b> Inkluderar en robust metallkarbinhake, med andra f\u00e4stalternativ tillg\u00e4ngliga.<\/li>\n<li><b>H\u00f6g-p\u00e5verkans-ID:<\/b> En f\u00f6rstklassig l\u00f6sning f\u00f6r f\u00f6retagsvarum\u00e4rkesbyggande, personal-ID och premiumevenemang.<\/li>\n<\/ul>\n<\/div>\n<\/div>\n<\/div>\n<\/div>","protected":false},"excerpt":{"rendered":"<ul>\n<li>Har en sublimeringstryckt sladd i fullf\u00e4rg f\u00f6r livfulla, upprepade m\u00f6nster.<\/li>\n<li>Inkluderar en premium, v\u00e4vd etikett i fyra f\u00e4rger f\u00f6r en h\u00e5llbar logotyp.<\/li>\n<li>Slitstark 90 cm polyesterlina med en standardkarbinhake i metall.<\/li>\n<li>Perfekt f\u00f6r f\u00f6retagsevenemang, personal-ID:n och m\u00e4ssor.<\/li>\n<\/ul>","protected":false},"featured_media":6794,"comment_status":"closed","ping_status":"closed","template":"","meta":[],"product_brand":[],"product_cat":[43],"product_tag":[],"class_list":{"0":"post-1288","1":"product","2":"type-product","3":"status-publish","4":"has-post-thumbnail","6":"product_cat-lanyards","8":"first","9":"instock","10":"shipping-taxable","11":"purchasable","12":"product-type-simple"},"_links":{"self":[{"href":"https:\/\/displayproducts.eu\/sv\/wp-json\/wp\/v2\/product\/1288","targetHints":{"allow":["GET"]}}],"collection":[{"href":"https:\/\/displayproducts.eu\/sv\/wp-json\/wp\/v2\/product"}],"about":[{"href":"https:\/\/displayproducts.eu\/sv\/wp-json\/wp\/v2\/types\/product"}],"replies":[{"embeddable":true,"href":"https:\/\/displayproducts.eu\/sv\/wp-json\/wp\/v2\/comments?post=1288"}],"wp:featuredmedia":[{"embeddable":true,"href":"https:\/\/displayproducts.eu\/sv\/wp-json\/wp\/v2\/media\/6794"}],"wp:attachment":[{"href":"https:\/\/displayproducts.eu\/sv\/wp-json\/wp\/v2\/media?parent=1288"}],"wp:term":[{"taxonomy":"product_brand","embeddable":true,"href":"https:\/\/displayproducts.eu\/sv\/wp-json\/wp\/v2\/product_brand?post=1288"},{"taxonomy":"product_cat","embeddable":true,"href":"https:\/\/displayproducts.eu\/sv\/wp-json\/wp\/v2\/product_cat?post=1288"},{"taxonomy":"product_tag","embeddable":true,"href":"https:\/\/displayproducts.eu\/sv\/wp-json\/wp\/v2\/product_tag?post=1288"}],"curies":[{"name":"wp","href":"https:\/\/api.w.org\/{rel}","templated":true}]}}