{"id":1287,"date":"2024-10-27T11:53:51","date_gmt":"2024-10-27T08:53:51","guid":{"rendered":"https:\/\/wristbandfactory.eu\/toode\/3-in-1-charging-cable-lanyards\/"},"modified":"2026-04-01T21:52:04","modified_gmt":"2026-04-01T18:52:04","slug":"sublimation-3-in-1-charging-lanyards","status":"publish","type":"product","link":"https:\/\/displayproducts.eu\/sv\/p\/sublimation-3-in-1-charging-lanyards\/","title":{"rendered":"Sublimering 3-i-1 laddningsband"},"content":{"rendered":"<p>Erbjud dina evenemangsdeltagare en reklamartikel som de faktiskt kommer att anv\u00e4nda. V\u00e5ra sublimerade 3-i-1-laddningskabelband kombinerar funktionen hos en evenemangskorth\u00e5llare med anv\u00e4ndbarheten hos en laddningskabel med flera kontakter, vilket s\u00e4kerst\u00e4ller maximal varum\u00e4rkessynlighet.<\/p>\n<p>Dessa nyckelband \u00e4r tillverkade av slitstark polyester och har ett livfullt sublimeringstryck i fullf\u00e4rg p\u00e5 b\u00e5da sidor, vilket ger en stor yta f\u00f6r komplexa logotyper och varum\u00e4rkesbyggande f\u00f6r evenemang. Den integrerade kabeln inkluderar USB-A-, Micro-B- och Type-C-kontakter, vilket erbjuder en bekv\u00e4m laddningsl\u00f6sning f\u00f6r de flesta moderna enheter.<\/p>\n<p>Perfekta f\u00f6r teknikkonferenser, m\u00e4ssor eller som en funktionell giveaway f\u00f6r personal, dessa nyckelband \u00e4r utformade f\u00f6r <b>endast f\u00f6r laddnings\u00e4ndam\u00e5l (inte data\u00f6verf\u00f6ring)<\/b>. Varje nyckelband \u00e4r individuellt f\u00f6rpackat i polyp\u00e5se f\u00f6r enkel distribution och finns i tre olika l\u00e4ngder f\u00f6r att m\u00f6ta dina specifika behov.<\/p>\n<p><b>Viktiga funktioner:<\/b><\/p>\n<ul>\n<li><b>3-i-1-laddningskontakter:<\/b> Har USB-A-, Micro-B- och Type-C-kontakter f\u00f6r bekv\u00e4m laddning (ej f\u00f6r data\u00f6verf\u00f6ring).<\/li>\n<li><b>Dubbelsidig sublimering:<\/b> Livfullt, fullf\u00e4rgstryck fr\u00e5n kant till kant p\u00e5 b\u00e5da sidor f\u00f6r maximal varum\u00e4rkesexponering.<\/li>\n<li><b>Slitstarkt polyestermaterial:<\/b> En stark och bekv\u00e4m rem perfekt f\u00f6r konferenser och m\u00e4ssor som varar flera dagar.<\/li>\n<li><b>Funktionell reklamartikel:<\/b> En mycket praktisk nyckelband f\u00f6r deltagare, som s\u00e4kerst\u00e4ller h\u00f6g anv\u00e4ndbarhet och varum\u00e4rkesbevarande.<\/li>\n<li><b>Klar f\u00f6r distribution:<\/b> Varje nyckelband \u00e4r individuellt f\u00f6rpackat i polyp\u00e5se och finns i 3 olika l\u00e4ngder.<\/li>\n<\/ul>","protected":false},"excerpt":{"rendered":"<ul>\n<li>Visa upp din logotyp med livfull, dubbelsidig sublimering i fullf\u00e4rg.<\/li>\n<li>Har 3-i-1-laddningskontakter: USB-A till Micro-B och Type-C.<\/li>\n<li>En mycket praktisk reklamprodukt f\u00f6r teknikkonferenser och m\u00e4ssor.<\/li>\n<li>(Obs: Endast avsedd f\u00f6r laddning, inte data\u00f6verf\u00f6ring).<\/li>\n<\/ul>","protected":false},"featured_media":6789,"comment_status":"closed","ping_status":"closed","template":"","meta":[],"product_brand":[],"product_cat":[43],"product_tag":[],"class_list":{"0":"post-1287","1":"product","2":"type-product","3":"status-publish","4":"has-post-thumbnail","6":"product_cat-lanyards","8":"first","9":"instock","10":"shipping-taxable","11":"purchasable","12":"product-type-simple"},"_links":{"self":[{"href":"https:\/\/displayproducts.eu\/sv\/wp-json\/wp\/v2\/product\/1287","targetHints":{"allow":["GET"]}}],"collection":[{"href":"https:\/\/displayproducts.eu\/sv\/wp-json\/wp\/v2\/product"}],"about":[{"href":"https:\/\/displayproducts.eu\/sv\/wp-json\/wp\/v2\/types\/product"}],"replies":[{"embeddable":true,"href":"https:\/\/displayproducts.eu\/sv\/wp-json\/wp\/v2\/comments?post=1287"}],"wp:featuredmedia":[{"embeddable":true,"href":"https:\/\/displayproducts.eu\/sv\/wp-json\/wp\/v2\/media\/6789"}],"wp:attachment":[{"href":"https:\/\/displayproducts.eu\/sv\/wp-json\/wp\/v2\/media?parent=1287"}],"wp:term":[{"taxonomy":"product_brand","embeddable":true,"href":"https:\/\/displayproducts.eu\/sv\/wp-json\/wp\/v2\/product_brand?post=1287"},{"taxonomy":"product_cat","embeddable":true,"href":"https:\/\/displayproducts.eu\/sv\/wp-json\/wp\/v2\/product_cat?post=1287"},{"taxonomy":"product_tag","embeddable":true,"href":"https:\/\/displayproducts.eu\/sv\/wp-json\/wp\/v2\/product_tag?post=1287"}],"curies":[{"name":"wp","href":"https:\/\/api.w.org\/{rel}","templated":true}]}}