{"id":1284,"date":"2024-10-27T11:53:51","date_gmt":"2024-10-27T08:53:51","guid":{"rendered":"https:\/\/wristbandfactory.eu\/toode\/3-tone-lanyards-with-pvc-badge\/"},"modified":"2026-04-01T21:52:36","modified_gmt":"2026-04-01T18:52:36","slug":"3-tone-cord-lanyards-with-pvc-badge","status":"publish","type":"product","link":"https:\/\/displayproducts.eu\/sv\/p\/3-tone-cord-lanyards-with-pvc-badge\/","title":{"rendered":"3-f\u00e4rgade sn\u00f6rband med PVC-m\u00e4rke"},"content":{"rendered":"<div class=\"mx-12 md:mx-24 lg:mx-48\">\n<div class=\"container my-8 svelte-zlsknf\">\n<div class=\"my-24 rounded-lg border-0 border-gray-700 bg-gray-100 px-16 py-24\">\n<div class=\"mt-11 !text-gray-500\">\n<p>Skapa en distinkt och v\u00e4l synlig identifieringsl\u00f6sning f\u00f6r ditt team eller dina evenemangsdeltagare med v\u00e5ra 3-f\u00e4rgade sn\u00f6rband. Detta nyckelband kombinerar slagkraftig varum\u00e4rkesbyggande med h\u00e5llbar och praktisk design.<\/p>\n<p>Den 90 cm l\u00e5nga sladden \u00e4r tillverkad av slitstark polyester och kan anpassas helt med tre olika f\u00e4rger, s\u00e5 att du kan matcha din f\u00f6retagsidentitet eller ditt evenemangstema perfekt.<\/p>\n<p>Den viktigaste funktionen \u00e4r den specialanpassade PVC-etiketten, som kan formas med din logotyp eller design i upp till tre f\u00e4rger. Detta ger ett h\u00e5llbart, taktilt och premiumalternativ till ett standardtryckt passerkort. Varje nyckelband har en robust metallring, med andra kl\u00e4mmalternativ tillg\u00e4ngliga f\u00f6r att passa dina specifika ID-innehavarens eller passerkortsbehov. Detta g\u00f6r dem till ett utm\u00e4rkt val f\u00f6r f\u00f6retagspersonal, m\u00e4ssidentifiering eller passerkort f\u00f6r flerdagarsevenemang.<\/p>\n<p><b>Viktiga funktioner:<\/b><\/p>\n<ul>\n<li><b>Anpassning av tre f\u00e4rger:<\/b> V\u00e4lj tre valfria f\u00e4rger f\u00f6r 90 cm polyestersn\u00f6re som matchar ditt m\u00e4rke.<\/li>\n<li><b>Anpassat PVC-m\u00e4rke:<\/b> Har ett specialgjutet PVC-m\u00e4rke f\u00f6r din logotyp (upp till 3 f\u00e4rger).<\/li>\n<li><b>Slitstark polyestersn\u00f6re:<\/b> Byggd f\u00f6r daglig anv\u00e4ndning av personal eller f\u00f6r flerdagarsevenemang.<\/li>\n<li><b>M\u00e5ngsidiga tillbeh\u00f6r:<\/b> Levereras som standard med en metallring, eller v\u00e4lj bland andra kl\u00e4mmalternativ.<\/li>\n<li><b>H\u00f6g-p\u00e5verkans-ID:<\/b> Perfekt f\u00f6r att visuellt segmentera personal, VIP-g\u00e4ster eller evenemangsteam.<\/li>\n<\/ul>\n<\/div>\n<\/div>\n<\/div>\n<\/div>","protected":false},"excerpt":{"rendered":"<ul>\n<li>Har en slitstark polyestersn\u00f6re i tre toner (v\u00e4lj 3 f\u00e4rger).<\/li>\n<li>Inkluderar ett specialdesignat PVC-m\u00e4rke (upp till 3 f\u00e4rger) f\u00f6r din logotyp.<\/li>\n<li>Levereras som standard med en metallring, med andra kl\u00e4mmalternativ tillg\u00e4ngliga.<\/li>\n<li>Perfekt f\u00f6r tydlig identifiering av personal eller passerkort f\u00f6r f\u00f6retagsevenemang.<\/li>\n<\/ul>","protected":false},"featured_media":6820,"comment_status":"closed","ping_status":"closed","template":"","meta":[],"product_brand":[],"product_cat":[43],"product_tag":[],"class_list":{"0":"post-1284","1":"product","2":"type-product","3":"status-publish","4":"has-post-thumbnail","6":"product_cat-lanyards","8":"first","9":"instock","10":"shipping-taxable","11":"purchasable","12":"product-type-simple"},"_links":{"self":[{"href":"https:\/\/displayproducts.eu\/sv\/wp-json\/wp\/v2\/product\/1284","targetHints":{"allow":["GET"]}}],"collection":[{"href":"https:\/\/displayproducts.eu\/sv\/wp-json\/wp\/v2\/product"}],"about":[{"href":"https:\/\/displayproducts.eu\/sv\/wp-json\/wp\/v2\/types\/product"}],"replies":[{"embeddable":true,"href":"https:\/\/displayproducts.eu\/sv\/wp-json\/wp\/v2\/comments?post=1284"}],"wp:featuredmedia":[{"embeddable":true,"href":"https:\/\/displayproducts.eu\/sv\/wp-json\/wp\/v2\/media\/6820"}],"wp:attachment":[{"href":"https:\/\/displayproducts.eu\/sv\/wp-json\/wp\/v2\/media?parent=1284"}],"wp:term":[{"taxonomy":"product_brand","embeddable":true,"href":"https:\/\/displayproducts.eu\/sv\/wp-json\/wp\/v2\/product_brand?post=1284"},{"taxonomy":"product_cat","embeddable":true,"href":"https:\/\/displayproducts.eu\/sv\/wp-json\/wp\/v2\/product_cat?post=1284"},{"taxonomy":"product_tag","embeddable":true,"href":"https:\/\/displayproducts.eu\/sv\/wp-json\/wp\/v2\/product_tag?post=1284"}],"curies":[{"name":"wp","href":"https:\/\/api.w.org\/{rel}","templated":true}]}}