{"id":1280,"date":"2024-10-27T11:53:51","date_gmt":"2024-10-27T08:53:51","guid":{"rendered":"https:\/\/wristbandfactory.eu\/toode\/3-tone-lanyards-with-woven-label\/"},"modified":"2026-04-01T21:52:36","modified_gmt":"2026-04-01T18:52:36","slug":"3-tone-cord-lanyards-with-woven-label","status":"publish","type":"product","link":"https:\/\/displayproducts.eu\/sv\/p\/3-tone-cord-lanyards-with-woven-label\/","title":{"rendered":"3-f\u00e4rgade sn\u00f6rband med v\u00e4vd etikett"},"content":{"rendered":"<div class=\"mx-12 md:mx-24 lg:mx-48\">\n<div class=\"container my-8 svelte-zlsknf\">\n<div class=\"my-24 rounded-lg border-0 border-gray-700 bg-gray-100 px-16 py-24\">\n<div class=\"mt-11 !text-gray-500\">\n<p>F\u00f6rh\u00f6j din f\u00f6retagsidentitet med v\u00e5ra 3-f\u00e4rgade sn\u00f6rband, som har en f\u00f6rstklassig v\u00e4vd etikett. Detta nyckelband erbjuder ett sofistikerat och mycket h\u00e5llbart alternativ till vanliga tryckta alternativ, vilket g\u00f6r det idealiskt f\u00f6r personalidentifiering eller flerdagarskonferenser.<\/p>\n<p>Nyckelbandet \u00e4r tillverkat av ett robust 90 cm l\u00e5ngt polyestersn\u00f6re i tre f\u00e4rger, som kan anpassas helt med ditt val av tre f\u00e4rger f\u00f6r att matcha din varum\u00e4rkesidentitet.<\/p>\n<p>Ist\u00e4llet f\u00f6r ett tryckt m\u00e4rke har den h\u00e4r modellen en h\u00f6guppl\u00f6st v\u00e4vd etikett som \u00e4r s\u00e4kert f\u00e4st vid sn\u00f6ret med en slitstark res\u00e5r (finns i vitt eller svart). Denna v\u00e4vda etikett kan visa upp din logotyp eller design i upp till fyra f\u00e4rger, vilket ger en l\u00e5ngvarig, professionell finish som inte bleknar eller repas. Varje nyckelband levereras som standard med en metallring, med andra kl\u00e4mmalternativ tillg\u00e4ngliga.<\/p>\n<p><b>Viktiga funktioner:<\/b><\/p>\n<ul>\n<li><b>Anpassad 3-tonssladd:<\/b> V\u00e4lj 3 valfria f\u00e4rger f\u00f6r den 90 cm l\u00e5nga polyestersn\u00f6ret som matchar ditt f\u00f6retags varum\u00e4rke.<\/li>\n<li><b>Premium v\u00e4vd etikett:<\/b> Har en h\u00f6guppl\u00f6st v\u00e4vd etikett f\u00f6r din logotyp (upp till 4 f\u00e4rger) som ger en f\u00f6rstklassig och h\u00e5llbar finish.<\/li>\n<li><b>H\u00e5llbar fasts\u00e4ttning:<\/b> Etiketten \u00e4r ordentligt f\u00e4st med en vit eller svart res\u00e5r.<\/li>\n<li><b>M\u00e5ngsidig h\u00e5rdvara:<\/b> Levereras som standard med en metallring, med andra kl\u00e4mmalternativ tillg\u00e4ngliga f\u00f6r att passa alla ID-innehavare.<\/li>\n<li><b>L\u00e5ngvarigt varum\u00e4rke:<\/b> Ett \u00f6verl\u00e4gset val f\u00f6r daglig personalanv\u00e4ndning eller identifiering av evenemang under flera dagar.<\/li>\n<\/ul>\n<\/div>\n<\/div>\n<\/div>\n<\/div>","protected":false},"excerpt":{"rendered":"<ul>\n<li>Har en slitstark 90 cm polyestersn\u00f6re (v\u00e4lj 3 anpassade f\u00e4rger).<\/li>\n<li>Inkluderar en h\u00f6gkvalitativ, premiumv\u00e4vd etikett f\u00f6r din logotyp (upp till 4 f\u00e4rger).<\/li>\n<li>Levereras med en metallring eller andra kl\u00e4mmalternativ f\u00f6r m\u00e5ngsidig anv\u00e4ndning.<\/li>\n<li>Perfekt f\u00f6r en h\u00e5llbar och l\u00e5ngvarig f\u00f6retags-ID eller evenemangspassl\u00f6sning.<\/li>\n<\/ul>","protected":false},"featured_media":6823,"comment_status":"closed","ping_status":"closed","template":"","meta":[],"product_brand":[],"product_cat":[43],"product_tag":[],"class_list":{"0":"post-1280","1":"product","2":"type-product","3":"status-publish","4":"has-post-thumbnail","6":"product_cat-lanyards","8":"first","9":"instock","10":"shipping-taxable","11":"purchasable","12":"product-type-simple"},"_links":{"self":[{"href":"https:\/\/displayproducts.eu\/sv\/wp-json\/wp\/v2\/product\/1280","targetHints":{"allow":["GET"]}}],"collection":[{"href":"https:\/\/displayproducts.eu\/sv\/wp-json\/wp\/v2\/product"}],"about":[{"href":"https:\/\/displayproducts.eu\/sv\/wp-json\/wp\/v2\/types\/product"}],"replies":[{"embeddable":true,"href":"https:\/\/displayproducts.eu\/sv\/wp-json\/wp\/v2\/comments?post=1280"}],"wp:featuredmedia":[{"embeddable":true,"href":"https:\/\/displayproducts.eu\/sv\/wp-json\/wp\/v2\/media\/6823"}],"wp:attachment":[{"href":"https:\/\/displayproducts.eu\/sv\/wp-json\/wp\/v2\/media?parent=1280"}],"wp:term":[{"taxonomy":"product_brand","embeddable":true,"href":"https:\/\/displayproducts.eu\/sv\/wp-json\/wp\/v2\/product_brand?post=1280"},{"taxonomy":"product_cat","embeddable":true,"href":"https:\/\/displayproducts.eu\/sv\/wp-json\/wp\/v2\/product_cat?post=1280"},{"taxonomy":"product_tag","embeddable":true,"href":"https:\/\/displayproducts.eu\/sv\/wp-json\/wp\/v2\/product_tag?post=1280"}],"curies":[{"name":"wp","href":"https:\/\/api.w.org\/{rel}","templated":true}]}}